{"id":955,"date":"2021-03-17T08:20:41","date_gmt":"2021-03-17T08:20:41","guid":{"rendered":"http:\/\/entechco.123websitedev.com\/?post_type=product&#038;p=955"},"modified":"2026-01-28T09:09:09","modified_gmt":"2026-01-28T02:09:09","slug":"he-ro","status":"publish","type":"product","link":"https:\/\/entechco.com.vn\/en\/product\/he-ro\/","title":{"rendered":"He RO"},"content":{"rendered":"<h2><span style=\"color: #282828;\">H\u1ec7 RO skid \/ RO reverse Osmosis system &#8211; H\u1ec7 x\u1eed l\u00fd n\u01b0\u1edbc RO d\u00f2ng RA series <\/span><\/h2>\n<p><span style=\"color: #282828;\">H\u1ec7 \u0111\u01b0\u1ee3c thi\u1ebft k\u1ebf nh\u1ecf g\u1ecdn, v\u1eadn h\u00e0nh ti\u1ebft ki\u1ec7m n\u0103ng l\u01b0\u1ee3ng. <\/span><\/p>\n<p><span style=\"color: #282828;\">H\u1ec7 RO Skid \u0111\u01b0\u1ee3c thi\u1ebft k\u1ebf cho c\u00e1c \u1ee9ng d\u1ee5ng x\u1eed l\u00fd n\u01b0\u1edbc m\u00e1y, n\u01b0\u1edbc u\u1ed1ng, n\u01b0\u1edbc l\u1ee3, n\u01b0\u1edbc gi\u1ebfng,&#8230;<\/span><\/p>\n<p><span style=\"color: #282828;\">Thi\u1ebft b\u1ecb c\u1ee7a ch\u00fang t\u00f4i \u0111\u1ea1t t\u1ef7 l\u1ec7 thu h\u1ed3i c\u1ef1c cao, v\u1edbi c\u00f4ng ngh\u1ec7 m\u00e0ng th\u1ea9m th\u1ea5u ng\u01b0\u1ee3c RO \u0111\u01b0\u1ee3c g\u1eafn tr\u00ean Skid.<\/span><\/p>\n<p><span style=\"color: #282828;\">T\u1eeb nhu c\u1ea7u th\u1ef1c t\u1ebf ch\u00fang t\u00f4i cung c\u1ea5p c\u00e1c d\u00f2ng th\u01b0\u01a1ng m\u1ea1i c\u00f4ng su\u1ea5t dao \u0111\u1ed9ng t\u1eeb 800GPD \u0111\u1ebfn 6000GPD (galon tr\u00ean ng\u00e0y)\/ 150 liter\/hr \u0111\u1ebfn 1000 liter\/hr. <\/span><\/p>\n<p><span style=\"color: #282828;\">H\u1ec7 RO SKID \u0111\u01b0\u1ee3c thi\u1ebft k\u1ebf t\u1ed1i \u01b0u v\u1edbi chi ph\u00ed th\u1ea5p v\u00e0 ch\u1ea5t l\u01b0\u1ee3ng n\u01b0\u1edbc cao sau x\u1eed l\u00fd. <\/span><\/p>\n<h1><span style=\"color: #282828;\">H\u1ec7 RO skid RA800 &#8211; RA6000GPD &#8211; M\u00f4 t\u1ea3 s\u1ea3n ph\u1ea9m<\/span><\/h1>\n<p><span style=\"color: #282828;\">N\u01b0\u1edbc \u0111\u1ea7u v\u00e0o s\u1ebd qua hai c\u1ed9t l\u1ecdc c\u1eb7n l\u00f5i l\u1ecdc n\u00e9n PP 5um ho\u1eb7c 10um. M\u1ee5c \u0111\u00edch lo\u1ea1i b\u1ecf c\u1eb7n l\u1edbn v\u00e0 b\u1ea3o v\u1ec7 m\u00e0ng RO.<\/span><\/p>\n<p><span style=\"color: #282828;\">T\u00f9y v\u00e0o c\u00f4ng su\u1ea5t s\u1ed1 m\u00e0 l\u01b0\u1ee3ng m\u00e0ng RO c\u0169ng s\u1ebd thay \u0111\u1ed5i.<\/span><\/p>\n<p><span style=\"color: #282828;\">Tr\u00ean b\u1ea3n \u0111i\u1ec1u khi\u1ec3n c\u00f3 van \u0111i\u1ec1u ch\u1ec9nh l\u01b0u l\u01b0\u1ee3ng v\u1edbi c\u1ea5u tr\u00fac \u0111\u1eb7c bi\u1ec7t \u0111i\u1ec1u ch\u1ec9nh cho c\u1ea3 d\u00f2ng s\u1ea3n ph\u1ea9m (permeate) v\u00e0 n\u01b0\u1edbc x\u1ea3 (reject).<\/span><\/p>\n<p><span style=\"color: #282828;\">\u0110\u1ed3ng h\u1ed3 l\u01b0u l\u01b0\u1ee3ng flow indicator: th\u1ec3 hi\u1ec7n l\u01b0u l\u01b0\u1ee3ng d\u00f2ng s\u1ea3n ph\u1ea9m permeate\u00a0 v\u00e0 d\u00f2ng x\u1ea3 concentration.<\/span><\/p>\n<p><span style=\"color: #282828;\">B\u1ed9 \u0111i\u1ec1u khi\u1ec3n CT3 t\u00edch h\u1ee3p tr\u00ean panel: b\u1ed9 \u0111i\u1ec1u khi\u1ec3n c\u00e0i \u0111\u1eb7t s\u1eb5n ch\u01b0\u01a1ng tr\u00ecnh ho\u1ea1t \u0111\u1ed9ng cho h\u1ec7 RO, t\u0103ng t\u00ednh an to\u00e0n b\u1ea3o v\u1ec7 b\u01a1m v\u00e0 m\u00e0ng.\u00a0 <\/span><\/p>\n<p><span style=\"color: #282828;\">C\u00f3 th\u1ec3 hi\u1ec7n th\u00f4ng s\u1ed1 ch\u1ea5t l\u01b0\u1ee3ng n\u01b0\u1edbc TDS ppm tr\u00ean m\u00e0n h\u00ecnh.<\/span><\/p>\n<h2><span style=\"color: #282828;\">L\u1ee3i \u00edch vi\u1ec7c s\u1eed d\u1ee5ng h\u1ec7 RO skid RA800 &#8211; RA6000GPD<\/span><\/h2>\n<p><span style=\"color: #282828;\">Khung Inox 304 c\u00f3 s\u01a1n t\u0129nh \u0111i\u1ec7n<\/span><\/p>\n<p><span style=\"color: #282828;\">Hi\u1ec7u su\u1ea5t thu h\u1ed3i cao<\/span><\/p>\n<p><span style=\"color: #282828;\">Chi ph\u00ed v\u1eadn h\u00e0nh th\u1ea5p<\/span><\/p>\n<p><span style=\"color: #282828;\">Ch\u1ea5t l\u01b0\u1ee3ng n\u01b0\u1edbc t\u1ed1t<\/span><\/p>\n<p><span style=\"color: #282828;\">D\u1ec5 l\u1eafp \u0111\u1eb7t v\u00e0 v\u1eadn h\u00e0nh<\/span><\/p>","protected":false},"excerpt":{"rendered":"<p>H\u1ec7 RO skid \/ RO reverse Osmosis system &#8211; H\u1ec7 x\u1eed l\u00fd n\u01b0\u1edbc RO d\u00f2ng RA series H\u1ec7 \u0111\u01b0\u1ee3c thi\u1ebft k\u1ebf nh\u1ecf g\u1ecdn, v\u1eadn h\u00e0nh ti\u1ebft ki\u1ec7m n\u0103ng l\u01b0\u1ee3ng. H\u1ec7 RO Skid \u0111\u01b0\u1ee3c thi\u1ebft k\u1ebf cho c\u00e1c \u1ee9ng d\u1ee5ng x\u1eed l\u00fd n\u01b0\u1edbc m\u00e1y, n\u01b0\u1edbc u\u1ed1ng, n\u01b0\u1edbc l\u1ee3, n\u01b0\u1edbc gi\u1ebfng,&#8230; Thi\u1ebft b\u1ecb c\u1ee7a ch\u00fang t\u00f4i \u0111\u1ea1t&#8230;<\/p>","protected":false},"featured_media":2192,"comment_status":"closed","ping_status":"closed","template":"","meta":[],"product_cat":[81],"product_tag":[],"yst_prominent_words":[],"_links":{"self":[{"href":"https:\/\/entechco.com.vn\/en\/wp-json\/wp\/v2\/product\/955"}],"collection":[{"href":"https:\/\/entechco.com.vn\/en\/wp-json\/wp\/v2\/product"}],"about":[{"href":"https:\/\/entechco.com.vn\/en\/wp-json\/wp\/v2\/types\/product"}],"replies":[{"embeddable":true,"href":"https:\/\/entechco.com.vn\/en\/wp-json\/wp\/v2\/comments?post=955"}],"wp:featuredmedia":[{"embeddable":true,"href":"https:\/\/entechco.com.vn\/en\/wp-json\/wp\/v2\/media\/2192"}],"wp:attachment":[{"href":"https:\/\/entechco.com.vn\/en\/wp-json\/wp\/v2\/media?parent=955"}],"wp:term":[{"taxonomy":"product_cat","embeddable":true,"href":"https:\/\/entechco.com.vn\/en\/wp-json\/wp\/v2\/product_cat?post=955"},{"taxonomy":"product_tag","embeddable":true,"href":"https:\/\/entechco.com.vn\/en\/wp-json\/wp\/v2\/product_tag?post=955"},{"taxonomy":"yst_prominent_words","embeddable":true,"href":"https:\/\/entechco.com.vn\/en\/wp-json\/wp\/v2\/yst_prominent_words?post=955"}],"curies":[{"name":"wp","href":"https:\/\/api.w.org\/{rel}","templated":true}]}}