{"id":3042,"date":"2026-01-25T10:43:25","date_gmt":"2026-01-25T03:43:25","guid":{"rendered":"https:\/\/entechco.com.vn\/?post_type=product&#038;p=3042"},"modified":"2026-01-25T10:43:50","modified_gmt":"2026-01-25T03:43:50","slug":"bon-lam-mem-nuoc-sf-110f-pure-aqua","status":"publish","type":"product","link":"https:\/\/entechco.com.vn\/en\/product\/bon-lam-mem-nuoc-sf-110f-pure-aqua\/","title":{"rendered":"B\u1ed3n l\u00e0m m\u1ec1m n\u01b0\u1edbc SF-110F Pure Aqua"},"content":{"rendered":"<h1 data-start=\"147\" data-end=\"207\"><span style=\"font-size: 95%;\"><strong>B\u1ed3n l\u00e0m m\u1ec1m n\u01b0\u1edbc SF-110F Pure Aqua c\u1ee7a M\u1ef9<\/strong><\/span><\/h1>\n<p style=\"text-align: justify;\" data-start=\"209\" data-end=\"438\">B\u1ed3n Softener\/ b\u1ed3n L\u00e0m m\u1ec1m t\u1eeb Pure Aqua: ki\u1ec3u l\u00e0m m\u1ec1m n\u01b0\u1edbc c\u00f4ng nghi\u1ec7p, gi\u00fap lo\u1ea1i b\u1ecf \u0111\u1ed9 c\u1ee9ng hi\u1ec7u qu\u1ea3. H\u1ec7 th\u1ed1ng \u0111\u1ea3m b\u1ea3o ngu\u1ed3n n\u01b0\u1edbc s\u1ea1ch v\u00e0 an to\u00e0n cho s\u1ea3n xu\u1ea5t. Nh\u1edd c\u00f4ng ngh\u1ec7 ti\u00ean ti\u1ebfn, s\u1ea3n ph\u1ea9m \u0111\u01b0\u1ee3c nhi\u1ec1u doanh nghi\u1ec7p trong v\u00e0 ngo\u00e0i n\u01b0\u1edbc tin t\u01b0\u1edfng l\u1ef1a ch\u1ecdn.<\/p>\n<p data-start=\"209\" data-end=\"438\"><img decoding=\"async\" loading=\"lazy\" class=\"aligncenter wp-image-3043\" src=\"https:\/\/entechco.com.vn\/wp-content\/uploads\/2025\/08\/Bon-lam-mem-nuoc-599x400.png\" alt=\"B\u1ed3n L\u00e0m M\u1ec1m N\u01b0\u1edbc\" width=\"494\" height=\"330\" srcset=\"https:\/\/entechco.com.vn\/wp-content\/uploads\/2025\/08\/Bon-lam-mem-nuoc-599x400.png 599w, https:\/\/entechco.com.vn\/wp-content\/uploads\/2025\/08\/Bon-lam-mem-nuoc-18x12.png 18w, https:\/\/entechco.com.vn\/wp-content\/uploads\/2025\/08\/Bon-lam-mem-nuoc-247x165.png 247w, https:\/\/entechco.com.vn\/wp-content\/uploads\/2025\/08\/Bon-lam-mem-nuoc-510x340.png 510w, https:\/\/entechco.com.vn\/wp-content\/uploads\/2025\/08\/Bon-lam-mem-nuoc.png 746w\" sizes=\"(max-width: 494px) 100vw, 494px\" \/><\/p>\n<h2 data-start=\"440\" data-end=\"462\"><span style=\"font-size: 100%;\"><strong>Nguy\u00ean l\u00fd ho\u1ea1t \u0111\u1ed9ng c\u1ee7a b\u1ed3n l\u00e0m m\u1ec1m n\u01b0\u1edbc softener:<\/strong><\/span><\/h2>\n<p data-start=\"465\" data-end=\"517\"><strong>\ud83d\udd37<\/strong>N\u01b0\u1edbc c\u1ee9ng s\u1ebd \u0111i qua l\u1edbp h\u1ea1t nh\u1ef1a trao \u0111\u1ed5i ion.<\/p>\n<p data-start=\"520\" data-end=\"598\"><strong>\ud83d\udd37<\/strong>H\u1ea1t nh\u1ef1a gi\u1eef l\u1ea1i c\u00e1c ion g\u00e2y c\u1ee9ng (canxi, magie) v\u00e0 thay th\u1ebf b\u1eb1ng ion natri.<\/p>\n<p data-start=\"601\" data-end=\"679\"><strong>\ud83d\udd37<\/strong>Sau m\u1ed9t th\u1eddi gian s\u1eed d\u1ee5ng, h\u1ea1t nh\u1ef1a \u0111\u01b0\u1ee3c t\u00e1i sinh b\u1eb1ng mu\u1ed1i \u0111\u1ec3 ti\u1ebfp t\u1ee5c s\u1eed d\u1ee5ng.<\/p>\n<p data-start=\"682\" data-end=\"772\"><strong>\ud83d\udd37<\/strong>N\u01b0\u1edbc sau khi l\u00e0m m\u1ec1m c\u00f3 th\u1ec3 \u0111\u01b0a v\u00e0o h\u1ec7 th\u1ed1ng RO \u0111\u1ec3 lo\u1ea1i b\u1ecf mu\u1ed1i m\u00e0 kh\u00f4ng lo b\u1ecb \u0111\u00f3ng c\u1eb7n.<\/p>\n<p data-start=\"774\" data-end=\"914\"><strong>Application:<\/strong> B\u1ed3n l\u00e0m m\u1ec1m n\u01b0\u1edbc \u0111\u01b0\u1ee3c d\u00f9ng cho nh\u00e0 m\u00e1y c\u00f4ng nghi\u1ec7p, h\u1ec7 th\u1ed1ng c\u1ea5p n\u01b0\u1edbc \u0111\u00f4 th\u1ecb, b\u1ec7nh vi\u1ec7n v\u00e0 nhi\u1ec1u l\u0129nh v\u1ef1c kh\u00e1c.<\/p>\n<hr data-start=\"916\" data-end=\"919\" \/>\n<h2 data-start=\"921\" data-end=\"956\"><span style=\"font-size: 100%;\"><strong>C\u00f4ng su\u1ea5t &amp; c\u1ea5u h\u00ecnh b\u1ed3n l\u00e0m m\u1ec1m n\u01b0\u1edbc SF-110F<\/strong><\/span><\/h2>\n<p data-start=\"960\" data-end=\"1141\"><strong data-start=\"960\" data-end=\"976\">\ud83d\udd37<\/strong>D\u00f2ng SF-110F: v\u1eadn h\u00e0nh t\u1ef1 \u0111\u1ed9ng ho\u00e0n to\u00e0n, \u0111i\u1ec1u khi\u1ec3n b\u1eb1ng th\u1eddi gian (c\u00e0i \u0111\u1eb7t 7 ho\u1eb7c 12 ng\u00e0y). Hay \u0111i\u1ec1u khi\u1ec3n b\u1eb1ng l\u01b0u l\u01b0\u1ee3ng (t\u1ef1 \u0111\u1ed9ng ho\u00e0n nguy\u00ean d\u1ef1a tr\u00ean t\u1ed5ng s\u1ed1 gallon \u0111\u00e3 d\u00f9ng).<\/p>\n<p data-start=\"1144\" data-end=\"1224\">\ud83d\udd37B\u1ed3n ch\u1ee9a FRP: ch\u1ecbu \u00e1p l\u1ef1c cao (l\u00e0m vi\u1ec7c \u1edf 150 psi, ki\u1ec3m \u0111\u1ecbnh \u0111\u1ebfn 160 psi).<\/p>\n<p data-start=\"1227\" data-end=\"1350\">\ud83d\udd37H\u1ea1t nh\u1ef1a trao \u0111\u1ed5i ion: lo\u1ea1i ch\u1ea5t l\u01b0\u1ee3ng cao, cho kh\u1ea3 n\u0103ng x\u1eed l\u00fd 30.000 grains\/ft\u00b3 khi ho\u00e0n nguy\u00ean v\u1edbi 15 lbs mu\u1ed1i\/ft\u00b3.<\/p>\n<p data-start=\"1353\" data-end=\"1426\">\ud83d\udd37B\u1ed3n mu\u1ed1i: b\u1eb1ng nh\u1ef1a HDPE, c\u00f3 van an to\u00e0n ch\u1ed1ng tr\u00e0n v\u00e0 van kh\u1eed kh\u00ed.<\/p>\n<p data-start=\"1429\" data-end=\"1566\">\ud83d\udd37H\u1ec7 th\u1ed1ng ph\u00e2n ph\u1ed1i n\u01b0\u1edbc \u0111\u00e1y: \u0111\u1ea3m b\u1ea3o n\u01b0\u1edbc ch\u1ea3y \u0111\u1ec1u, kh\u00f4ng th\u1ea5t tho\u00e1t h\u1ea1t nh\u1ef1a, v\u00e0 duy tr\u00ec \u00e1p l\u1ef1c \u1ed5n \u0111\u1ecbnh ngay c\u1ea3 khi l\u01b0u l\u01b0\u1ee3ng l\u1edbn.<\/p>","protected":false},"excerpt":{"rendered":"<p>B\u1ed3n l\u00e0m m\u1ec1m n\u01b0\u1edbc SF-110F Pure Aqua c\u1ee7a M\u1ef9 B\u1ed3n Softener\/ b\u1ed3n L\u00e0m m\u1ec1m t\u1eeb Pure Aqua: ki\u1ec3u l\u00e0m m\u1ec1m n\u01b0\u1edbc c\u00f4ng nghi\u1ec7p, gi\u00fap lo\u1ea1i b\u1ecf \u0111\u1ed9 c\u1ee9ng hi\u1ec7u qu\u1ea3. H\u1ec7 th\u1ed1ng \u0111\u1ea3m b\u1ea3o ngu\u1ed3n n\u01b0\u1edbc s\u1ea1ch v\u00e0 an to\u00e0n cho s\u1ea3n xu\u1ea5t. Nh\u1edd c\u00f4ng ngh\u1ec7 ti\u00ean ti\u1ebfn, s\u1ea3n ph\u1ea9m \u0111\u01b0\u1ee3c nhi\u1ec1u doanh nghi\u1ec7p trong&#8230;<\/p>","protected":false},"featured_media":3043,"comment_status":"open","ping_status":"closed","template":"","meta":[],"product_cat":[318,15],"product_tag":[],"yst_prominent_words":[],"_links":{"self":[{"href":"https:\/\/entechco.com.vn\/en\/wp-json\/wp\/v2\/product\/3042"}],"collection":[{"href":"https:\/\/entechco.com.vn\/en\/wp-json\/wp\/v2\/product"}],"about":[{"href":"https:\/\/entechco.com.vn\/en\/wp-json\/wp\/v2\/types\/product"}],"replies":[{"embeddable":true,"href":"https:\/\/entechco.com.vn\/en\/wp-json\/wp\/v2\/comments?post=3042"}],"wp:featuredmedia":[{"embeddable":true,"href":"https:\/\/entechco.com.vn\/en\/wp-json\/wp\/v2\/media\/3043"}],"wp:attachment":[{"href":"https:\/\/entechco.com.vn\/en\/wp-json\/wp\/v2\/media?parent=3042"}],"wp:term":[{"taxonomy":"product_cat","embeddable":true,"href":"https:\/\/entechco.com.vn\/en\/wp-json\/wp\/v2\/product_cat?post=3042"},{"taxonomy":"product_tag","embeddable":true,"href":"https:\/\/entechco.com.vn\/en\/wp-json\/wp\/v2\/product_tag?post=3042"},{"taxonomy":"yst_prominent_words","embeddable":true,"href":"https:\/\/entechco.com.vn\/en\/wp-json\/wp\/v2\/yst_prominent_words?post=3042"}],"curies":[{"name":"wp","href":"https:\/\/api.w.org\/{rel}","templated":true}]}}