{"id":2864,"date":"2023-12-14T15:31:31","date_gmt":"2023-12-14T08:31:31","guid":{"rendered":"https:\/\/entechco.com.vn\/?post_type=product&#038;p=2864"},"modified":"2023-12-18T09:43:52","modified_gmt":"2023-12-18T02:43:52","slug":"loi-loc-duoc-pham","status":"publish","type":"product","link":"https:\/\/entechco.com.vn\/en\/product\/loi-loc-duoc-pham\/","title":{"rendered":"L\u00f5i l\u1ecdc D\u01b0\u1ee3c Ph\u1ea9m ch\u1ea5t l\u01b0\u1ee3ng cao"},"content":{"rendered":"<h1>L\u00d5I L\u1eccC D\u01af\u1ee2C PH\u1ea8M<\/h1>\n<p>Trong ng\u00e0nh c\u00f4ng nghi\u1ec7p s\u1ea3n xu\u1ea5t ng\u00e0nh D\u01b0\u1ee3c, vi\u1ec7c s\u1eed d\u1ee5ng l\u00f5i l\u1ecdc ch\u1ea5t l\u01b0\u1ee3ng cao \u0111\u00f3ng m\u1ed9t vai tr\u00f2 quan tr\u1ecdng trong vi\u1ec7c \u0111\u1ea3m b\u1ea3o s\u1ef1 an to\u00e0n v\u00e0 hi\u1ec7u qu\u1ea3 c\u1ee7a s\u1ea3n ph\u1ea9m.<\/p>\n<p>L\u00e0 m\u1ed9t ph\u1ea7n kh\u00f4ng th\u1ec3 thi\u1ebfu c\u1ee7a h\u1ec7 th\u1ed1ng l\u1ecdc,<\/p>\n<p><strong>L\u00f5i l\u1ecdc D\u01b0\u1ee3c ph\u1ea9m<\/strong> kh\u00f4ng ch\u1ec9 ng\u0103n ch\u1eb7n c\u00e1c ch\u1ea5t c\u1eb7n v\u00e0 t\u1ea1p ch\u1ea5t, m\u00e0 c\u00f2n \u0111\u1ea3m b\u1ea3o lo\u1ea1i b\u1ecf c\u00e1c ch\u1ea5t gel v\u00e0 c\u00e1c t\u00e1c nh\u00e2n c\u00f3 th\u1ec3 \u1ea3nh h\u01b0\u1edfng \u0111\u1ebfn ch\u1ea5t l\u01b0\u1ee3ng c\u1ee7a s\u1ea3n ph\u1ea9m cu\u1ed1i c\u00f9ng.<\/p>\n<p>D\u00f9ng \u0111a d\u1ea1ng trong c\u00e1c quy tr\u00ecnh s\u1ea3n xu\u1ea5t nh\u01b0 <a href=\"https:\/\/entechco.com.vn\/en\/product\/loi-loc-pp-pleated-trong-san-xuat-thuoc-nho-mat\/\">Thu\u1ed1c nh\u1ecf m\u1eaft<\/a>, Syrup, ..<\/p>\n<h2>Ti\u00eau chu\u1ea9n ch\u1ea5t l\u01b0\u1ee3ng<\/h2>\n<p>&#8211; S\u1ea3n xu\u1ea5t t\u1ea1i nh\u00e0 m\u00e1y \u0111\u1ea1t ch\u1ee9ng nh\u1eadn <strong>ISO 9001<\/strong><\/p>\n<p>&#8211; Tu\u00e2n th\u1ee7<strong> FDA 21 CFR<\/strong><\/p>\n<p>&#8211; Nh\u1ef1a<strong> USP<\/strong> lo\u1ea1i VI \u0111\u1ea1t ti\u00eau chu\u1ea9n v\u00e0 tu\u00e2n th\u1ee7 th\u1eed nghi\u1ec7m an to\u00e0n sinh h\u1ecdc<\/p>\n<p>&#8211; Gi\u1ea5y ch\u1ee9ng nh\u1eadn ch\u1ea5t l\u01b0\u1ee3ng \u0111\u01b0\u1ee3c \u0111\u00ednh k\u00e8m \u0111\u1ebfn s\u1ea3n ph\u1ea9m.<\/p>\n<h2>\u01afu \u0111i\u1ec3m L\u00f5i l\u1ecdc<\/h2>\n<p>\u2022 L\u00f5i l\u1ecdc \u0111\u01b0\u1ee3c thi\u1ebft k\u1ebf ng\u0103n ch\u1eb7n c\u00e1c ch\u1ea5t gel b\u1ecb \u0111\u1ea9y ra kh\u1ecfi l\u00f5i ngay c\u1ea3 \u00e1p su\u1ea5t ch\u00eanh l\u1ec7ch cao =&gt; gi\u00fap duy tr\u00ec \u1ed5n \u0111\u1ecbnh v\u00e0 an to\u00e0n cho quy tr\u00ecnh s\u1ea3n xu\u1ea5t ng\u00e0nh d\u01b0\u1ee3c .<\/p>\n<p>\u2022 Hi\u1ec7u su\u1ea5t lo\u1ea1i b\u1ecf c\u1eb7n v\u00e0 c\u00e1c ch\u1ea5t d\u1ea1ng gel l\u00ean \u0111\u1ebfn <strong>99,9%\u00a0<\/strong><\/p>\n<p>\u2022 V\u1eadt li\u1ec7u \u0111\u1ea3m b\u1ea3o an to\u00e0n trong qu\u00e1 tr\u00ecnh s\u1ea3n xu\u1ea5t<\/p>","protected":false},"excerpt":{"rendered":"<p>L\u00d5I L\u1eccC D\u01af\u1ee2C PH\u1ea8M Trong ng\u00e0nh c\u00f4ng nghi\u1ec7p s\u1ea3n xu\u1ea5t ng\u00e0nh D\u01b0\u1ee3c, vi\u1ec7c s\u1eed d\u1ee5ng l\u00f5i l\u1ecdc ch\u1ea5t l\u01b0\u1ee3ng cao \u0111\u00f3ng m\u1ed9t vai tr\u00f2 quan tr\u1ecdng trong vi\u1ec7c \u0111\u1ea3m b\u1ea3o s\u1ef1 an to\u00e0n v\u00e0 hi\u1ec7u qu\u1ea3 c\u1ee7a s\u1ea3n ph\u1ea9m. L\u00e0 m\u1ed9t ph\u1ea7n kh\u00f4ng th\u1ec3 thi\u1ebfu c\u1ee7a h\u1ec7 th\u1ed1ng l\u1ecdc, L\u00f5i l\u1ecdc D\u01b0\u1ee3c ph\u1ea9m kh\u00f4ng ch\u1ec9&#8230;<\/p>","protected":false},"featured_media":2866,"comment_status":"open","ping_status":"closed","template":"","meta":[],"product_cat":[309,213],"product_tag":[],"yst_prominent_words":[],"_links":{"self":[{"href":"https:\/\/entechco.com.vn\/en\/wp-json\/wp\/v2\/product\/2864"}],"collection":[{"href":"https:\/\/entechco.com.vn\/en\/wp-json\/wp\/v2\/product"}],"about":[{"href":"https:\/\/entechco.com.vn\/en\/wp-json\/wp\/v2\/types\/product"}],"replies":[{"embeddable":true,"href":"https:\/\/entechco.com.vn\/en\/wp-json\/wp\/v2\/comments?post=2864"}],"wp:featuredmedia":[{"embeddable":true,"href":"https:\/\/entechco.com.vn\/en\/wp-json\/wp\/v2\/media\/2866"}],"wp:attachment":[{"href":"https:\/\/entechco.com.vn\/en\/wp-json\/wp\/v2\/media?parent=2864"}],"wp:term":[{"taxonomy":"product_cat","embeddable":true,"href":"https:\/\/entechco.com.vn\/en\/wp-json\/wp\/v2\/product_cat?post=2864"},{"taxonomy":"product_tag","embeddable":true,"href":"https:\/\/entechco.com.vn\/en\/wp-json\/wp\/v2\/product_tag?post=2864"},{"taxonomy":"yst_prominent_words","embeddable":true,"href":"https:\/\/entechco.com.vn\/en\/wp-json\/wp\/v2\/yst_prominent_words?post=2864"}],"curies":[{"name":"wp","href":"https:\/\/api.w.org\/{rel}","templated":true}]}}