{"id":2668,"date":"2023-09-14T14:23:32","date_gmt":"2023-09-14T07:23:32","guid":{"rendered":"https:\/\/entechco.com.vn\/?post_type=product&#038;p=2668"},"modified":"2023-11-29T11:16:00","modified_gmt":"2023-11-29T04:16:00","slug":"loi-nen-pp-roki-loc-hoa-chat","status":"publish","type":"product","link":"https:\/\/entechco.com.vn\/en\/product\/loi-nen-pp-roki-loc-hoa-chat\/","title":{"rendered":"L\u00f5i n\u00e9n PP Roki l\u1ecdc ho\u00e1 ch\u1ea5t"},"content":{"rendered":"<p><strong><em>S\u1eed d\u1ee5ng L\u00f5i n\u00e9n PP Roki\u00a0 trong l\u1ecdc ho\u00e1 ch\u1ea5t<\/em><\/strong><\/p>\n<p>Trong ng\u00e0nh c\u00f4ng nghi\u1ec7p ho\u00e1 ch\u1ea5t, qu\u00e1 tr\u00ecnh l\u1ecdc dung d\u1ecbch l\u1ecfng l\u00e0 m\u1ed9t ph\u1ea7n quan tr\u1ecdng \u0111\u1ec3 \u0111\u1ea3m b\u1ea3o s\u1ea3n ph\u1ea9m cu\u1ed1i c\u00f9ng \u0111\u00e1p \u1ee9ng c\u00e1c ti\u00eau chu\u1ea9n ch\u1ea5t l\u01b0\u1ee3ng cao.<\/p>\n<p>\u0110\u1ed1i v\u1edbi vi\u1ec7c l\u1ecdc ho\u00e1 ch\u1ea5t, d\u1ef1a v\u00e0o hi\u1ec7u su\u1ea5t l\u1ecdc c\u1ee7a qu\u00e1 tr\u00ecnh n\u00e0y c\u00f3 th\u1ec3 quy\u1ebft \u0111\u1ecbnh \u0111\u1ebfn t\u00ednh an to\u00e0n c\u00f9ng v\u1edbi ch\u1ea5t l\u01b0\u1ee3ng c\u1ee7a s\u1ea3n ph\u1ea9m cu\u1ed1i.<\/p>\n<p>Trong b\u00e0i vi\u1ebft n\u00e0y, h\u00e3y c\u00f9ng Entechco t\u00ecm hi\u1ec3u v\u1ec1 vai tr\u00f2 quan tr\u1ecdng c\u1ee7a<strong> <em>L\u00f5i l\u1ecdc n\u00e9n <\/em><\/strong>v\u00e0 c\u00e1ch n\u00f3 \u0111em l\u1ea1i l\u1ee3i \u00edch cho ng\u00e0nh c\u00f4ng nghi\u1ec7p ho\u00e1 ch\u1ea5t n\u00e0y.<\/p>\n<h2>L\u1ee3i \u00edch mang l\u1ea1i\u00a0:<\/h2>\n<p>&#8211; N\u00e2ng cao ch\u1ea5t l\u01b0\u1ee3ng ho\u00e1 ch\u1ea5t cu\u1ed1i c\u00f9ng nh\u1edd kh\u1ea3 n\u0103ng lo\u1ea1i b\u1ecf t\u1ea1p ch\u1ea5t v\u00e0 h\u1ea1t b\u1ea9n;<\/p>\n<p>&#8211; B\u1ea3o v\u1ec7 thi\u1ebft b\u1ecb v\u00e0 h\u1ec7 th\u1ed1ng kh\u1ecfi s\u1ef1 h\u1ecfng h\u00f3c v\u00e0 hao m\u00f2n;<\/p>\n<p>&#8211; Hi\u1ec7u su\u1ea5t t\u1ed1i \u01b0u.<\/p>\n<h2>K\u1ebft c\u1ea5u c\u1ee7a L\u00f5i n\u00e9n PP <a href=\"https:\/\/www.rokigrp.com\/\">Roki <\/a>l\u1ecdc ho\u00e1 ch\u1ea5t:<\/h2>\n<p><img decoding=\"async\" loading=\"lazy\" class=\"size-full wp-image-2673\" src=\"https:\/\/entechco.com.vn\/wp-content\/uploads\/2023\/09\/ket-cau-1.png\" alt=\"K\u1ebft C\u1ea5u l\u00f5i n\u00e9n Roki l\u1ecdc ho\u00e1 ch\u1ea5t\" width=\"424\" height=\"276\" srcset=\"https:\/\/entechco.com.vn\/wp-content\/uploads\/2023\/09\/ket-cau-1.png 424w, https:\/\/entechco.com.vn\/wp-content\/uploads\/2023\/09\/ket-cau-1-18x12.png 18w, https:\/\/entechco.com.vn\/wp-content\/uploads\/2023\/09\/ket-cau-1-247x161.png 247w\" sizes=\"(max-width: 424px) 100vw, 424px\" \/><\/p>\n<p>&#8211; L\u00f5i n\u00e9n d\u1ea1ng h\u00ecnh tr\u1ee5;<\/p>\n<p>&#8211; \u0110\u01b0\u1ee3c t\u1ea1o t\u1eeb qu\u00e1 tr\u00ecnh th\u1ed5i s\u1ee3i, c\u00e1c s\u1ee3i \u0111\u01b0\u1ee3c th\u1ed5i tan ch\u1ea3y v\u00e0 thu th\u1eadp tr\u00ean tr\u1ee5c quay \u0111\u1ec3 t\u1ea1o th\u00e0nh c\u1ea5u tr\u00fac gradient m\u1eadt \u0111\u1ed9, cao h\u01a1n \u1edf trong l\u00f5i v\u00e0 th\u01b0a th\u1edbt \u1edf b\u00ean ngo\u00e0i;<\/p>\n<p>&#8211; C\u1ea5u tr\u00fac n\u00e0y mang l\u1ea1i t\u1ed1c \u0111\u1ed9 d\u00f2ng ch\u1ea3y cao h\u01a1n so v\u1edbi c\u00e1c b\u1ed9 l\u1ecdc truy\u1ec1n th\u1ed1ng;<\/p>\n<p>=&gt; V\u00ec th\u1ebf L\u00f5i l\u1ecdc n\u00e9n r\u1ea5t m\u1ecbn c\u00f3 th\u1ec3 l\u1ecdc hi\u1ec7u qu\u1ea3 c\u1eb7n c\u00f3 k\u00edch th\u01b0\u1edbc r\u1ea5t nh\u1ecf c\u00f3 trong ch\u1ea5t l\u1ecfng.<\/p>\n<p>XEM TH\u00caM: <span style=\"color: #d83131;\"><strong><a style=\"color: #d83131;\" href=\"https:\/\/entechco.com.vn\/en\/product\/loi-loc-pleated-roki-loc-nuoc-khoang\/\">L\u00d5I L\u1eccC PLEATED ROKI TRONG L\u1eccC N\u01af\u1edaC KHO\u00c1NG<\/a>\u00a0<\/strong><\/span><\/p>\n<p><span style=\"color: #d83131;\"><strong>\u00a0<\/strong><\/span><a href=\"https:\/\/entechco.com.vn\/en\/product\/loi-loc-pp-pleated-trong-san-xuat-thuoc-nho-mat\/\"><span style=\"color: #d83131;\"><strong>L\u00f5i l\u1ecdc PP Pleated trong s\u1ea3n xu\u1ea5t Thu\u1ed1c nh\u1ecf m\u1eaft<\/strong><\/span><\/a><\/p>","protected":false},"excerpt":{"rendered":"<p>S\u1eed d\u1ee5ng L\u00f5i n\u00e9n PP Roki\u00a0 trong l\u1ecdc ho\u00e1 ch\u1ea5t Trong ng\u00e0nh c\u00f4ng nghi\u1ec7p ho\u00e1 ch\u1ea5t, qu\u00e1 tr\u00ecnh l\u1ecdc dung d\u1ecbch l\u1ecfng l\u00e0 m\u1ed9t ph\u1ea7n quan tr\u1ecdng \u0111\u1ec3 \u0111\u1ea3m b\u1ea3o s\u1ea3n ph\u1ea9m cu\u1ed1i c\u00f9ng \u0111\u00e1p \u1ee9ng c\u00e1c ti\u00eau chu\u1ea9n ch\u1ea5t l\u01b0\u1ee3ng cao. \u0110\u1ed1i v\u1edbi vi\u1ec7c l\u1ecdc ho\u00e1 ch\u1ea5t, d\u1ef1a v\u00e0o hi\u1ec7u su\u1ea5t l\u1ecdc c\u1ee7a qu\u00e1&#8230;<\/p>","protected":false},"featured_media":2837,"comment_status":"open","ping_status":"closed","template":"","meta":[],"product_cat":[309],"product_tag":[],"yst_prominent_words":[],"_links":{"self":[{"href":"https:\/\/entechco.com.vn\/en\/wp-json\/wp\/v2\/product\/2668"}],"collection":[{"href":"https:\/\/entechco.com.vn\/en\/wp-json\/wp\/v2\/product"}],"about":[{"href":"https:\/\/entechco.com.vn\/en\/wp-json\/wp\/v2\/types\/product"}],"replies":[{"embeddable":true,"href":"https:\/\/entechco.com.vn\/en\/wp-json\/wp\/v2\/comments?post=2668"}],"wp:featuredmedia":[{"embeddable":true,"href":"https:\/\/entechco.com.vn\/en\/wp-json\/wp\/v2\/media\/2837"}],"wp:attachment":[{"href":"https:\/\/entechco.com.vn\/en\/wp-json\/wp\/v2\/media?parent=2668"}],"wp:term":[{"taxonomy":"product_cat","embeddable":true,"href":"https:\/\/entechco.com.vn\/en\/wp-json\/wp\/v2\/product_cat?post=2668"},{"taxonomy":"product_tag","embeddable":true,"href":"https:\/\/entechco.com.vn\/en\/wp-json\/wp\/v2\/product_tag?post=2668"},{"taxonomy":"yst_prominent_words","embeddable":true,"href":"https:\/\/entechco.com.vn\/en\/wp-json\/wp\/v2\/yst_prominent_words?post=2668"}],"curies":[{"name":"wp","href":"https:\/\/api.w.org\/{rel}","templated":true}]}}