{"id":2040,"date":"2022-12-07T09:58:23","date_gmt":"2022-12-07T02:58:23","guid":{"rendered":"http:\/\/entechco.wesoft.vn\/?post_type=product&#038;p=2040"},"modified":"2022-12-26T10:18:46","modified_gmt":"2022-12-26T03:18:46","slug":"mang-uf-aquadyn-ua860","status":"publish","type":"product","link":"https:\/\/entechco.com.vn\/en\/product\/mang-uf-aquadyn-ua860\/","title":{"rendered":"M\u00c0NG L\u1eccC UF AQUADYN UA860"},"content":{"rendered":"<h2><span style=\"font-size: 85%; font-family: tahoma, arial, helvetica, sans-serif;\"><strong><span style=\"color: #282828;\">Gi\u1edbi thi\u1ec7u m\u00e0ng l\u1ecdc UF Aquadyn UA860\u00a0<\/span><\/strong><\/span><\/h2>\n<p><span style=\"color: #282828; font-family: tahoma, arial, helvetica, sans-serif;\">M\u00e0ng UF UA860 l\u00e0 g\u00ec?<\/span><\/p>\n<p><span style=\"color: #282828; font-family: tahoma, arial, helvetica, sans-serif;\">An Erosion Control Measure (ECM)<\/span><\/p>\n<p><span style=\"color: #0000ff; font-family: tahoma, arial, helvetica, sans-serif;\"><em>M\u00e0ng l\u1ecdc UF Aquadyn UA860 l\u00e0 m\u1ed9t gi\u1ea3i ph\u00e1p ki\u1ec3m so\u00e1t x\u00f3i m\u00f2n t\u1eeb nh\u00e0 s\u1ea3n xu\u1ea5t MANN HUMMEL-\u0110\u1ee9c<\/em><\/span><\/p>\n<p><span style=\"color: #282828; font-family: tahoma, arial, helvetica, sans-serif;\">Aquadyn UA860 UF modules feature a 0.025-micron pore size Polyacrylonitrile (PAN) hollow fiber membrane potted in a U-shaped arrangement<\/span><\/p>\n<p><span style=\"color: #0000ff; font-family: tahoma, arial, helvetica, sans-serif;\"><em>M\u00e0ng l\u1ecdc UF Aquadyn UA860 c\u00f3 m\u00e0ng s\u1ee3i r\u1ed7ng Polyacrylonitrile (PAN) k\u00edch th\u01b0\u1edbc l\u1ed7 l\u1ecdc 0,025 micron \u0111\u01b0\u1ee3c x\u1ebfp th\u00e0nh h\u00ecnh ch\u1eef U<\/em><\/span><\/p>\n<p><span style=\"color: #282828; font-family: tahoma, arial, helvetica, sans-serif;\">With the ability to tolerate oil &amp; grease, these modules are most suitable for treating oily wastewaters from various industrial processes<\/span><\/p>\n<p><span style=\"color: #0000ff; font-family: tahoma, arial, helvetica, sans-serif;\"><em>V\u1edbi kh\u1ea3 n\u0103ng ch\u1ecbu d\u1ea7u m\u1ee1, c\u00e1c m\u00f4-\u0111un n\u00e0y ph\u00f9 h\u1ee3p nh\u1ea5t \u0111\u1ec3 x\u1eed l\u00fd n\u01b0\u1edbc th\u1ea3i c\u00f3 d\u1ea7u t\u1eeb nhi\u1ec1u quy tr\u00ecnh c\u00f4ng nghi\u1ec7p kh\u00e1c nhau<\/em><\/span><\/p>\n<p><span style=\"color: #282828; font-family: tahoma, arial, helvetica, sans-serif;\">They operate at a very low feed pressure due to the high hydrophilicity of PAN membrane, which leads to energy savings<\/span><\/p>\n<p><span style=\"color: #0000ff; font-family: tahoma, arial, helvetica, sans-serif;\"><em>Ho\u1ea1t \u0111\u1ed9ng \u1edf \u00e1p su\u1ea5t c\u1ea5p r\u1ea5t th\u1ea5p do m\u00e0ng PAN c\u00f3 t\u00ednh h\u00fat n\u01b0\u1edbc cao, d\u1eabn \u0111\u1ebfn ti\u1ebft ki\u1ec7m n\u0103ng l\u01b0\u1ee3ng<\/em><\/span><\/p>\n<h3><span style=\"color: #282828; font-size: 85%; font-family: tahoma, arial, helvetica, sans-serif;\"><strong>Advantages \/ <span style=\"color: #0000ff;\"><em>\u01afu \u0111i\u1ec3m c\u1ee7a m\u00e0ng UF<\/em><\/span><\/strong><\/span><\/h3>\n<p><span style=\"color: #282828; font-family: tahoma, arial, helvetica, sans-serif;\">Robust and durable modules<\/span><\/p>\n<p><span style=\"color: #0000ff; font-family: tahoma, arial, helvetica, sans-serif;\"><em>M\u00f4-\u0111un ho\u1ea1t \u0111\u1ed9ng t\u1ed1t v\u00e0 b\u1ec1n<\/em><\/span><\/p>\n<p><span style=\"color: #282828; font-family: tahoma, arial, helvetica, sans-serif;\">Cost effective solution with minimal need for operator attendance<\/span><\/p>\n<p><span style=\"color: #0000ff; font-family: tahoma, arial, helvetica, sans-serif;\"><em>Ti\u1ebft ki\u1ec7m chi ph\u00ed, c\u1ea7n \u00edt ng\u01b0\u1eddi \u0111i\u1ec1u h\u00e0nh<\/em><\/span><\/p>\n<p><span style=\"color: #282828; font-family: tahoma, arial, helvetica, sans-serif;\">Ability to adapt to rapid variations of wastewater volumes<\/span><\/p>\n<p><span style=\"color: #0000ff; font-family: tahoma, arial, helvetica, sans-serif;\"><em>Kh\u1ea3 n\u0103ng th\u00edch \u1ee9ng v\u1edbi s\u1ef1 thay \u0111\u1ed5i c\u1ee7a n\u01b0\u1edbc th\u1ea3i<\/em><\/span><\/p>\n<p><span style=\"color: #282828; font-family: tahoma, arial, helvetica, sans-serif;\">High flow rates (high hydrophilicity)<\/span><\/p>\n<p><span style=\"color: #0000ff; font-family: tahoma, arial, helvetica, sans-serif;\"><em>T\u1ed1c \u0111\u1ed9 d\u00f2ng ch\u1ea3y cao<\/em><\/span><\/p>\n<p><span style=\"color: #282828; font-family: tahoma, arial, helvetica, sans-serif;\">High &amp; stable permeate performance<\/span><\/p>\n<p><span style=\"color: #0000ff; font-family: tahoma, arial, helvetica, sans-serif;\"><em>Hi\u1ec7u su\u1ea5t th\u1ea5m n\u01b0\u1edbc cao v\u00e0 \u1ed5n \u0111\u1ecbnh<\/em><\/span><\/p>\n<p><span style=\"color: #282828; font-family: tahoma, arial, helvetica, sans-serif;\">Most reliable process (double asymmetric hollow fiber membranes)<\/span><\/p>\n<p><span style=\"color: #0000ff; font-family: tahoma, arial, helvetica, sans-serif;\"><em>Quy tr\u00ecnh \u0111\u00e1ng tin c\u1eady (g\u1ea5p \u0111\u00f4i m\u00e0ng s\u1ee3i r\u1ed7ng kh\u00f4ng \u0111\u1ed1i x\u1ee9ng)<\/em><\/span><\/p>\n<h3><span style=\"color: #282828; font-size: 85%; font-family: tahoma, arial, helvetica, sans-serif;\"><strong>Note \/ <span style=\"color: #0000ff;\"><em>Ghi ch\u00fa<\/em><\/span><\/strong><\/span><\/h3>\n<p><span style=\"color: #282828; font-family: tahoma, arial, helvetica, sans-serif;\">AQUADYN UA860 modules must be installed correctly before start-up<\/span><\/p>\n<p><span style=\"color: #0000ff; font-family: tahoma, arial, helvetica, sans-serif;\"><em>M\u00e0ng UF Aquadyn UA860 ph\u1ea3i \u0111\u01b0\u1ee3c c\u00e0i \u0111\u1eb7t \u0111\u00fang c\u00e1ch tr\u01b0\u1edbc khi kh\u1edfi \u0111\u1ed9ng<\/em><\/span><\/p>\n<p><span style=\"color: #282828; font-family: tahoma, arial, helvetica, sans-serif;\">AQUADYN UA860 modules must be cleaned routinely via backwash to ensure proper operation and to prevent membrane damage<\/span><\/p>\n<p><span style=\"color: #0000ff; font-family: tahoma, arial, helvetica, sans-serif;\"><em>M\u00e0ng UF Aquadyn UA860 ph\u1ea3i \u0111\u01b0\u1ee3c l\u00e0m s\u1ea1ch th\u01b0\u1eddng xuy\u00ean th\u00f4ng qua r\u1eeda ng\u01b0\u1ee3c \u0111\u1ec3 \u0111\u1ea3m b\u1ea3o v\u1eadn h\u00e0nh th\u00edch h\u1ee3p v\u00e0 ng\u0103n ng\u1eeba h\u01b0 h\u1ecfng m\u00e0ng<\/em><\/span><\/p>\n<p><span style=\"color: #282828; font-family: tahoma, arial, helvetica, sans-serif;\">Tham kh\u1ea3o th\u00eam c\u00e1c d\u00f2ng s\u1ea3n ph\u1ea9m kh\u00e1c: <a href=\"http:\/\/entechco.wesoft.vn\/san-pham\/mang-loc-uf-aquadyn-ua1060-hp\/\">Aquadyn UA1060-HP UF<\/a><\/span><\/p>\n<p><span style=\"font-family: tahoma, arial, helvetica, sans-serif;\"><a href=\"https:\/\/water-fluid-filtration.mann-hummel.com\/en\/products\/water-wastewater-treatment\/aquadyn-uf.html\">Chi ti\u1ebft xem t\u1ea1i \u0111\u00e2y<\/a><\/span><\/p>","protected":false},"excerpt":{"rendered":"<p>Gi\u1edbi thi\u1ec7u m\u00e0ng l\u1ecdc UF Aquadyn UA860\u00a0 M\u00e0ng UF UA860 l\u00e0 g\u00ec? An Erosion Control Measure (ECM) M\u00e0ng l\u1ecdc UF Aquadyn UA860 l\u00e0 m\u1ed9t gi\u1ea3i ph\u00e1p ki\u1ec3m so\u00e1t x\u00f3i m\u00f2n t\u1eeb nh\u00e0 s\u1ea3n xu\u1ea5t MANN HUMMEL-\u0110\u1ee9c Aquadyn UA860 UF modules feature a 0.025-micron pore size Polyacrylonitrile (PAN) hollow fiber membrane potted in a U-shaped arrangement&#8230;<\/p>","protected":false},"featured_media":2164,"comment_status":"open","ping_status":"closed","template":"","meta":[],"product_cat":[74],"product_tag":[],"yst_prominent_words":[],"_links":{"self":[{"href":"https:\/\/entechco.com.vn\/en\/wp-json\/wp\/v2\/product\/2040"}],"collection":[{"href":"https:\/\/entechco.com.vn\/en\/wp-json\/wp\/v2\/product"}],"about":[{"href":"https:\/\/entechco.com.vn\/en\/wp-json\/wp\/v2\/types\/product"}],"replies":[{"embeddable":true,"href":"https:\/\/entechco.com.vn\/en\/wp-json\/wp\/v2\/comments?post=2040"}],"wp:featuredmedia":[{"embeddable":true,"href":"https:\/\/entechco.com.vn\/en\/wp-json\/wp\/v2\/media\/2164"}],"wp:attachment":[{"href":"https:\/\/entechco.com.vn\/en\/wp-json\/wp\/v2\/media?parent=2040"}],"wp:term":[{"taxonomy":"product_cat","embeddable":true,"href":"https:\/\/entechco.com.vn\/en\/wp-json\/wp\/v2\/product_cat?post=2040"},{"taxonomy":"product_tag","embeddable":true,"href":"https:\/\/entechco.com.vn\/en\/wp-json\/wp\/v2\/product_tag?post=2040"},{"taxonomy":"yst_prominent_words","embeddable":true,"href":"https:\/\/entechco.com.vn\/en\/wp-json\/wp\/v2\/yst_prominent_words?post=2040"}],"curies":[{"name":"wp","href":"https:\/\/api.w.org\/{rel}","templated":true}]}}