{"id":2013,"date":"2022-12-07T10:56:58","date_gmt":"2022-12-07T03:56:58","guid":{"rendered":"http:\/\/entechco.wesoft.vn\/?post_type=product&#038;p=2013"},"modified":"2022-12-26T10:15:51","modified_gmt":"2022-12-26T03:15:51","slug":"mang-loc-ro-microdyn-le","status":"publish","type":"product","link":"https:\/\/entechco.com.vn\/en\/product\/mang-loc-ro-microdyn-le\/","title":{"rendered":"M\u00c0NG L\u1eccC RO MICRODYN LE"},"content":{"rendered":"<h2><span style=\"font-size: 85%;\"><strong><span style=\"color: #282828;\">Gi\u1edbi thi\u1ec7u s\u1ea3n ph\u1ea9m M\u00e0ng l\u1ecdc RO MICRODYN LE &#8211; MANN HUMMEL &#8211; \u0110\u1ee8C<\/span><\/strong><\/span><\/h2>\n<p><span style=\"color: #282828;\">The MICRODYN RO series of brackish water RO membranes is ideal for water purification applications.<\/span><\/p>\n<p><span style=\"color: #0000ff;\"><em>M\u00e0ng l\u1ecdc RO MICRODYN<\/em>\u00a0<em>LE l\u00e0 s\u1ea3n ph\u1ea9m l\u00fd t\u01b0\u1edfng cho c\u00e1c \u1ee9ng d\u1ee5ng l\u1ecdc n\u01b0\u1edbc.\u00a0<\/em><\/span><\/p>\n<p><span style=\"color: #282828;\">MICRODYN RO elements are available in standard 4\u201d and 8\u201d spiral-wound designs to meet all of your new equipment and direct replacement needs.<\/span><\/p>\n<p><span style=\"color: #0000ff;\"><em>M\u00e0ng l\u1ecdc RO c\u00f3 thi\u1ebft k\u1ebf xo\u1eafn \u1ed1c 4\u2019\u2019 v\u00e0 8\u2019\u2019 ph\u00f9 h\u1ee3p v\u1edbi nhu c\u1ea7u thay th\u1ebf tr\u1ef1c ti\u1ebfp c\u00e1c thi\u1ebft b\u1ecb.<\/em><\/span><\/p>\n<p><span style=\"color: #282828;\">These elements have been certified to NSF\/ANSI Standard 61 for use in drinking water systems.<\/span><\/p>\n<p><span style=\"color: #0000ff;\"><em>S\u1ea3n ph\u1ea9m \u0111\u01b0\u1ee3c ch\u1ee9ng nh\u1eadn NSF\/ANSI Standard 61 cho h\u1ec7 th\u1ed1ng s\u1eed d\u1ee5ng n\u01b0\u1edbc u\u1ed1ng. <\/em><\/span><\/p>\n<p><span style=\"color: #282828;\">Reverse osmosis (RO) membranes remove a large majority of contaminants from water, including even the smallest monovalent ions.<\/span><\/p>\n<p><span style=\"color: #0000ff;\"><em>M\u00e0ng l\u1ecdc th\u1ea9m th\u1ea5u ng\u01b0\u1ee3c (RO) lo\u1ea1i b\u1ecf ph\u1ea7n l\u1edbn ch\u1ea5t b\u1ea9n c\u00f2n s\u00f3t l\u1ea1i trong n\u01b0\u1edbc, k\u1ec3 c\u1ea3 nh\u1eefng ion \u0111\u01a1n h\u00f3a tr\u1ecb nh\u1ecf nh\u1ea5t.\u00a0<\/em><\/span><\/p>\n<p><span style=\"color: #282828;\">RO is capable of rejecting over 99% of dissolved salts (ions), particles, organics, and more from the feed water.<\/span><\/p>\n<p><span style=\"color: #0000ff;\"><em>M\u00e0ng RO c\u00f3 kh\u1ea3 n\u0103ng lo\u1ea1i b\u1ecf h\u01a1n 99% mu\u1ed1i h\u00f2a tan (ion), c\u00e1c h\u1ea1t, t\u1ea1p ch\u1ea5t v\u00e0 nhi\u1ec1u th\u1ee9 kh\u00e1c t\u1eeb n\u01b0\u1edbc c\u1ea5p.<\/em><\/span><\/p>\n<h3><strong><span style=\"color: #282828; font-size: 85%;\">MICRODYN RO is product of MANN HUMMEL COMPANY from GERMANY<\/span><\/strong><\/h3>\n<h3><strong><span style=\"color: #0000ff; font-size: 85%;\"><em>M\u00e0ng l\u1ecdc MICRODYN<\/em>\u00a0<em>LE l\u00e0 s\u1ea3n ph\u1ea9m c\u1ee7a <a href=\"https:\/\/water-fluid-filtration.mann-hummel.com\/en\/products\/water-wastewater-treatment\/microdyn-ro-nf.html\">MANN HUMMEL \u0111\u1ebfn t\u1eeb \u0110\u1ee9c<\/a><\/em><\/span><\/strong><\/h3>\n<p><span style=\"color: #282828;\">These elements feature our best membranes for updating an RO system and offer very high solute rejection.<\/span><\/p>\n<p><span style=\"color: #0000ff;\"><em>C\u00e1c y\u1ebfu t\u1ed1 \u0111\u1ec1 c\u1eadp tr\u00ean \u0111\u01b0\u1ee3c c\u1eadp nh\u1eadp tr\u00ean h\u1ec7 th\u1ed1ng RO v\u00e0 cung c\u1ea5p kh\u1ea3 n\u0103ng lo\u1ea1i b\u1ecf ch\u1ea5t h\u00f2a tan r\u1ea5t cao.\u00a0<\/em><\/span><\/p>\n<p><span style=\"color: #282828;\">MICRODYN RO elements are ideal for water purification applications.<\/span><\/p>\n<p><span style=\"color: #0000ff;\"><em>M\u00e0ng l\u1ecdc RO LE l\u00e0 m\u1ed9t \u00fd t\u01b0\u1edfng tuy\u1ec7t v\u1eddi cho vi\u1ec7c x\u1eed l\u00fd n\u01b0\u1edbc s\u1ea1ch.<\/em><\/span><\/p>\n<h3><span style=\"font-size: 85%;\"><strong><span style=\"color: #282828;\">\u01afu \u0111i\u1ec3m v\u01b0\u1ee3t tr\u1ed9i c\u1ee7a d\u00f2ng LE<\/span><\/strong><\/span><\/h3>\n<p><span style=\"color: #282828;\">The high rejection elements are perfect for applications requiring high purity or a very clean permeate stream, such as those found in the pharmaceutical and bio-technology industries.<\/span><\/p>\n<p><span style=\"color: #0000ff;\"><em>Lo\u1ea1i b\u1ecf c\u00e1c t\u1ea1p ch\u1ea5t t\u1ed1t, l\u00e0 s\u1ef1 l\u1ef1a ch\u1ecdn ho\u00e0n h\u1ea3o cho c\u00e1c \u1ee9ng d\u1ee5ng y\u00eau c\u1ea7u \u0111\u1ed9 tinh khi\u1ebft.<\/em><\/span><\/p>\n<p><span style=\"color: #0000ff;\"><em>\u1ee8ng d\u1ee5ng trong c\u00e1c ng\u00e0nh c\u00f4ng nghi\u1ec7p d\u01b0\u1ee3c ph\u1ea9m v\u00e0 c\u00f4ng ngh\u1ec7 sinh h\u1ecdc\u2026<\/em><\/span><\/p>\n<p><span style=\"color: #282828;\">Low energy elements are excellent for applications.<\/span><\/p>\n<p><span style=\"color: #0000ff;\"><em>M\u00e0ng l\u1ecdc RO LE l\u00e0 d\u00f2ng m\u00e0ng \u00e1p th\u1ea5p v\u00e0 c\u1ef1c th\u1ea5p, gi\u00fap ti\u1ebft ki\u1ec7m chi ph\u00ed v\u1eadn h\u00e0nh.<\/em><\/span><\/p>\n<p><span style=\"color: #282828;\">High rejection MICRODYN RO elements are made with a tightermembrane, leading to higher salt rejection than the low energy alternative. Obtaining increased salt rejection requires a higher feed pressure, and these elements offer 99.5% rejection.<\/span><\/p>\n<p><span style=\"color: #0000ff;\"><em>\u1ede \u1ee9ng d\u1ee5ng m\u00e0ng \u00e1p cao c\u00f3 kh\u1ea3 n\u0103ng lo\u1ea1i mu\u1ed1i \u0111\u1ebfn 99.5%.<\/em><\/span><\/p>\n<p>C\u00e1c d\u00f2ng s\u1ea3n ph\u1ea9m kh\u00e1c c\u1ee7a MICRODYN RO: <a href=\"http:\/\/entechco.wesoft.vn\/san-pham\/mang-loc-ro-microdyn-xle\/\">MICRODYN RO XLE<\/a>, <a href=\"http:\/\/entechco.wesoft.vn\/san-pham\/mang-ro-microdyn-bw\/\">MICRODYN RO BW<\/a><\/p>\n<p><a href=\"https:\/\/water-fluid-filtration.mann-hummel.com\/en\/products\/water-wastewater-treatment\/microdyn-ro-nf.html\">Chi ti\u1ebft s\u1ea3n ph\u1ea9m xem t\u1ea1i \u0111\u00e2y<\/a><\/p>","protected":false},"excerpt":{"rendered":"<p>Gi\u1edbi thi\u1ec7u s\u1ea3n ph\u1ea9m M\u00e0ng l\u1ecdc RO MICRODYN LE &#8211; MANN HUMMEL &#8211; \u0110\u1ee8C The MICRODYN RO series of brackish water RO membranes is ideal for water purification applications. M\u00e0ng l\u1ecdc RO MICRODYN\u00a0LE l\u00e0 s\u1ea3n ph\u1ea9m l\u00fd t\u01b0\u1edfng cho c\u00e1c \u1ee9ng d\u1ee5ng l\u1ecdc n\u01b0\u1edbc.\u00a0 MICRODYN RO elements are available in standard 4\u201d and 8\u201d spiral-wound&#8230;<\/p>","protected":false},"featured_media":2163,"comment_status":"open","ping_status":"closed","template":"","meta":[],"product_cat":[209,75],"product_tag":[],"yst_prominent_words":[],"_links":{"self":[{"href":"https:\/\/entechco.com.vn\/en\/wp-json\/wp\/v2\/product\/2013"}],"collection":[{"href":"https:\/\/entechco.com.vn\/en\/wp-json\/wp\/v2\/product"}],"about":[{"href":"https:\/\/entechco.com.vn\/en\/wp-json\/wp\/v2\/types\/product"}],"replies":[{"embeddable":true,"href":"https:\/\/entechco.com.vn\/en\/wp-json\/wp\/v2\/comments?post=2013"}],"wp:featuredmedia":[{"embeddable":true,"href":"https:\/\/entechco.com.vn\/en\/wp-json\/wp\/v2\/media\/2163"}],"wp:attachment":[{"href":"https:\/\/entechco.com.vn\/en\/wp-json\/wp\/v2\/media?parent=2013"}],"wp:term":[{"taxonomy":"product_cat","embeddable":true,"href":"https:\/\/entechco.com.vn\/en\/wp-json\/wp\/v2\/product_cat?post=2013"},{"taxonomy":"product_tag","embeddable":true,"href":"https:\/\/entechco.com.vn\/en\/wp-json\/wp\/v2\/product_tag?post=2013"},{"taxonomy":"yst_prominent_words","embeddable":true,"href":"https:\/\/entechco.com.vn\/en\/wp-json\/wp\/v2\/yst_prominent_words?post=2013"}],"curies":[{"name":"wp","href":"https:\/\/api.w.org\/{rel}","templated":true}]}}