{"id":2012,"date":"2022-12-07T11:12:10","date_gmt":"2022-12-07T04:12:10","guid":{"rendered":"http:\/\/entechco.wesoft.vn\/?post_type=product&#038;p=2012"},"modified":"2022-12-26T10:14:00","modified_gmt":"2022-12-26T03:14:00","slug":"mang-mbr-bio-cel-l-2","status":"publish","type":"product","link":"https:\/\/entechco.com.vn\/en\/product\/mang-mbr-bio-cel-l-2\/","title":{"rendered":"M\u00c0NG MBR BIO-CEL L-2"},"content":{"rendered":"<h2><span style=\"font-family: tahoma, arial, helvetica, sans-serif;\"><strong><span style=\"color: #282828; font-size: 90%;\">M\u00f4 t\u1ea3 m\u00f4-\u0111un BIO-CEL MBR L-2<\/span><\/strong><\/span><\/h2>\n<p><span style=\"color: #282828; font-family: tahoma, arial, helvetica, sans-serif;\">The BIO-CEL MBR series is ideal for biological wastewater treatment in industrial and municipal applications.<\/span><\/p>\n<p><span style=\"color: #0000ff; font-family: tahoma, arial, helvetica, sans-serif;\"><em>D\u00f2ng BIO-CEL MBR l\u00fd t\u01b0\u1edfng \u0111\u1ec3 x\u1eed l\u00fd n\u01b0\u1edbc th\u1ea3i sinh h\u1ecdc trong c\u00e1c \u1ee9ng d\u1ee5ng c\u00f4ng nghi\u1ec7p v\u00e0 \u0111\u00f4 th\u1ecb.<\/em><\/span><\/p>\n<p><span style=\"color: #282828; font-family: tahoma, arial, helvetica, sans-serif;\">BIO-CEL MBR L-2 combines the benefits of traditional hollow fiber and plate and frame configurations without any of their inherent disadvantages.<\/span><\/p>\n<p><span style=\"color: #0000ff; font-family: tahoma, arial, helvetica, sans-serif;\"><em>M\u00e0ng MBR BIO-CEL L-2 k\u1ebft h\u1ee3p l\u1ee3i \u00edch t\u1eeb s\u1ee3i r\u1ed7ng truy\u1ec1n th\u1ed1ng v\u1edbi d\u1ea1ng t\u1ea5m v\u00e0 khung.<\/em><\/span><\/p>\n<p><span style=\"color: #282828; font-family: tahoma, arial, helvetica, sans-serif;\">The module has an extremely high packing density due to the thin and self-supporting membrane sheets, and the laminate offers a self-healing mechanism<\/span><\/p>\n<p><span style=\"font-family: tahoma, arial, helvetica, sans-serif;\"><em><span style=\"color: #0000ff;\">M\u00e0ng MBR BIO-CEL L-2 ch\u1ee9a c\u00e1c t\u1ea5m m\u00e0ng m\u1ecfng n\u00ean c\u00f3 m\u1eadt \u0111\u1ed9 \u0111\u00f3ng x\u1ebfp d\u00e0y tr\u00ean c\u00f9ng 1 \u0111\u01a1n v\u1ecb di\u1ec7n t\u00edch t\u1eeb c\u00e1c t\u1ea5m m\u00e0ng m\u1ecfng b\u1eb1ng laminate, \u0111\u1ed3ng th\u1eddi t\u1ea5m m\u1ecfng c\u00f3 c\u01a1 ch\u1ebf t\u1ef1 ph\u1ee5c h\u1ed3i.<\/span><\/em><\/span><\/p>\n<h3><span style=\"font-family: tahoma, arial, helvetica, sans-serif;\"><strong><span style=\"color: #282828; font-size: 85%;\">High effluent quality<\/span><\/strong><\/span><\/h3>\n<p><span style=\"color: #282828; font-family: tahoma, arial, helvetica, sans-serif;\">The BIO-CEL MBR modules produce a high volume of superior quality effluent at a consistent flow rate and is especially useful for water reuse applications.<\/span><\/p>\n<p><span style=\"color: #0000ff; font-family: tahoma, arial, helvetica, sans-serif;\"><em>Ho\u1ea1t \u0111\u1ed9ng v\u1edbi hi\u1ec7u su\u1ea5t cao. Ph\u00f9 h\u1ee3p cho vi\u1ec7c t\u00e1i s\u1eed d\u1ee5ng n\u01b0\u1edbc.<\/em><\/span><\/p>\n<h3><span style=\"font-size: 85%; font-family: tahoma, arial, helvetica, sans-serif;\"><strong><span style=\"color: #282828;\">Simple maintenance<\/span><\/strong><\/span><\/h3>\n<p><span style=\"color: #282828; font-family: tahoma, arial, helvetica, sans-serif;\">The open design of the BIO-CEL\u00ae L-2 module enables 360o access of the membrane stack. This greater access improves cleaning capabilities and significantly reduces maintenance time.<\/span><\/p>\n<p><span style=\"font-family: tahoma, arial, helvetica, sans-serif;\"><em><span style=\"color: #0000ff;\">B\u1ea3o d\u01b0\u1ee1ng \u0111\u01a1n gi\u1ea3n. M\u00e0ng MBR BIO-CEL L-2 c\u00f3 thi\u1ebft k\u1ebf m\u1edf cho ph\u00e9p l\u00e0m s\u1ea1ch m\u1ecdi ng\u00f3c ng\u00e1ch 360<sup>0<\/sup> n\u00ean gi\u1ea3m th\u1eddi gian b\u1ea3o d\u01b0\u1ee1ng<\/span>. <\/em><\/span><\/p>\n<h3><span style=\"font-family: tahoma, arial, helvetica, sans-serif;\"><strong><span style=\"color: #282828; font-size: 85%;\">Less cleaning time<\/span><\/strong><\/span><\/h3>\n<p><span style=\"color: #282828; font-family: tahoma, arial, helvetica, sans-serif;\">The patented BIO-CEL MBR membrane laminate combines the advantages of flat sheet and hollow fiber membranes, allowing for backwash capability and increased durability.<\/span><\/p>\n<p><span style=\"color: #0000ff; font-family: tahoma, arial, helvetica, sans-serif;\"><em>Gi\u1ea3m th\u1eddi gian l\u00e0m s\u1ea1ch m\u00f4-\u0111un. M\u00f4-\u0111un BIO-CEL MBR L-2 c\u00f3 kh\u1ea3 n\u0103ng r\u1eeda ng\u01b0\u1ee3c n\u00ean gi\u1ea3m th\u1eddi gian l\u00e0m s\u1ea1ch.<\/em><\/span><\/p>\n<p><span style=\"color: #282828; font-family: tahoma, arial, helvetica, sans-serif;\">The modular design allows plant capacity to scale quickly with additional MBR modules, as required.<\/span><\/p>\n<p><span style=\"color: #0000ff; font-family: tahoma, arial, helvetica, sans-serif;\"><em>Thi\u1ebft k\u1ebf m\u00f4-\u0111un ph\u00f9 h\u1ee3p v\u1edbi nhi\u1ec1u y\u00eau c\u1ea7u c\u00f4ng su\u1ea5t c\u1ee7a c\u00e1c nh\u00e0 m\u00e1y.<\/em><\/span><\/p>\n<p><span style=\"font-family: tahoma, arial, helvetica, sans-serif;\"><span style=\"color: #282828;\">C\u00e1c s\u1ea3n ph\u1ea9m kh\u00e1c trong d\u00f2ng s\u1ea3n ph\u1ea9m m\u00e0ng x\u1eed l\u00fd n\u01b0\u1edbc th\u1ea3i sinh h\u1ecdc (MBR):<\/span> <a href=\"http:\/\/entechco.wesoft.vn\/san-pham\/bio-cel-mbr-easy\/\">BIO-CEL MBR EASY<\/a>, <a href=\"http:\/\/entechco.wesoft.vn\/san-pham\/mang-mbr-bio-cel-xl-2-entechco\/\">BIO-CEL MBR XL-2<\/a><\/span><\/p>\n<p><span style=\"font-family: tahoma, arial, helvetica, sans-serif;\"><span style=\"color: #282828;\">Chi ti\u1ebft t\u1ea1i \u0111\u00e2y<\/span> <a href=\"https:\/\/water-fluid-filtration.mann-hummel.com\/en\/products\/water-wastewater-treatment\/bio-cel-mbr\/bio-cel-l2.html\">https:\/\/water-fluid-filtration.mann-hummel.com\/en\/products\/water-wastewater-treatment\/bio-cel-mbr\/bio-cel-l2.html<\/a><\/span><\/p>","protected":false},"excerpt":{"rendered":"<p>M\u00f4 t\u1ea3 m\u00f4-\u0111un BIO-CEL MBR L-2 The BIO-CEL MBR series is ideal for biological wastewater treatment in industrial and municipal applications. D\u00f2ng BIO-CEL MBR l\u00fd t\u01b0\u1edfng \u0111\u1ec3 x\u1eed l\u00fd n\u01b0\u1edbc th\u1ea3i sinh h\u1ecdc trong c\u00e1c \u1ee9ng d\u1ee5ng c\u00f4ng nghi\u1ec7p v\u00e0 \u0111\u00f4 th\u1ecb. BIO-CEL MBR L-2 combines the benefits of traditional hollow fiber and plate and&#8230;<\/p>","protected":false},"featured_media":2162,"comment_status":"open","ping_status":"closed","template":"","meta":[],"product_cat":[209,76],"product_tag":[],"yst_prominent_words":[],"_links":{"self":[{"href":"https:\/\/entechco.com.vn\/en\/wp-json\/wp\/v2\/product\/2012"}],"collection":[{"href":"https:\/\/entechco.com.vn\/en\/wp-json\/wp\/v2\/product"}],"about":[{"href":"https:\/\/entechco.com.vn\/en\/wp-json\/wp\/v2\/types\/product"}],"replies":[{"embeddable":true,"href":"https:\/\/entechco.com.vn\/en\/wp-json\/wp\/v2\/comments?post=2012"}],"wp:featuredmedia":[{"embeddable":true,"href":"https:\/\/entechco.com.vn\/en\/wp-json\/wp\/v2\/media\/2162"}],"wp:attachment":[{"href":"https:\/\/entechco.com.vn\/en\/wp-json\/wp\/v2\/media?parent=2012"}],"wp:term":[{"taxonomy":"product_cat","embeddable":true,"href":"https:\/\/entechco.com.vn\/en\/wp-json\/wp\/v2\/product_cat?post=2012"},{"taxonomy":"product_tag","embeddable":true,"href":"https:\/\/entechco.com.vn\/en\/wp-json\/wp\/v2\/product_tag?post=2012"},{"taxonomy":"yst_prominent_words","embeddable":true,"href":"https:\/\/entechco.com.vn\/en\/wp-json\/wp\/v2\/yst_prominent_words?post=2012"}],"curies":[{"name":"wp","href":"https:\/\/api.w.org\/{rel}","templated":true}]}}