{"id":2000,"date":"2022-11-24T13:43:47","date_gmt":"2022-11-24T06:43:47","guid":{"rendered":"http:\/\/entechco.wesoft.vn\/?post_type=product&#038;p=2000"},"modified":"2025-07-16T21:57:44","modified_gmt":"2025-07-16T14:57:44","slug":"may-ep-khung-ban","status":"publish","type":"product","link":"https:\/\/entechco.com.vn\/en\/product\/may-ep-khung-ban\/","title":{"rendered":"FRAME FRAME EXPRESSING MACHINE"},"content":{"rendered":"<h2><span style=\"font-family: tahoma, arial, helvetica, sans-serif; color: #282828;\"><strong><span style=\"font-size: 85%;\">M\u00e1y \u00e9p khung b\u1ea3n (Filter Press) \u0111\u01b0\u1ee3c s\u1ea3n xu\u1ea5t t\u1eeb <a style=\"color: #282828;\" href=\"http:\/\/www.lissepress.com\/\">Lisse \u2013 Malaysia.<\/a><\/span><\/strong><\/span><\/h2>\n<p><span style=\"color: #282828; font-family: tahoma, arial, helvetica, sans-serif;\">M\u00e1y c\u00f3 nhi\u1ec1u d\u1ea1ng kh\u00e1c nhau nh\u01b0 m\u00e1y l\u1ecdc \u00e9p khung b\u1ea3n,\u2026<\/span><\/p>\n<p><span style=\"color: #282828; font-family: tahoma, arial, helvetica, sans-serif;\">Nguy\u00ean l\u00fd ho\u1ea1t \u0111\u1ed9ng c\u1ee7a m\u00e1y \u00e9p khung b\u1ea3n l\u00e0 \u00e9p l\u1ecdc t\u00e1ch l\u1ecdc n\u01b0\u1edbc gi\u1eef l\u1ea1i b\u00e3 n\u00ean \u0111\u01b0\u1ee3c \u1ee9ng d\u1ee5ng r\u1ed9ng r\u00e3i trong nhi\u1ec1u l\u0129nh v\u1ef1c s\u1ea3n xu\u1ea5t c\u00f4ng nghi\u1ec7p.<br \/>\n<\/span><\/p>\n<h3><span style=\"color: #282828; font-family: tahoma, arial, helvetica, sans-serif;\">Various filter elements provide are \/ <em>C\u00e1c ki\u1ec3u l\u1ecdc kh\u00e1c nhau \u0111\u01b0\u1ee3c cung c\u1ea5p<\/em>:<\/span><\/h3>\n<p><span style=\"color: #282828; font-family: tahoma, arial, helvetica, sans-serif;\">&#8211; Recessed Chamber filter plate \/ <em>Khung b\u1ea3n Plate ki\u1ec3u bu\u1ed3n k\u00edn Champer<br \/>\n<\/em><\/span><\/p>\n<p><span style=\"color: #282828; font-family: tahoma, arial, helvetica, sans-serif;\">&#8211; Membrane filter plate \/ <em>T\u1ea5m l\u1ecdc m\u00e0ng<\/em><\/span><\/p>\n<ul>\n<li><span style=\"color: #282828; font-family: tahoma, arial, helvetica, sans-serif;\">Rubber membrane \/ <em>M\u00e0ng cao su<\/em><\/span><\/li>\n<li><span style=\"color: #282828; font-family: tahoma, arial, helvetica, sans-serif;\">Polypropylene membrane \/ <em>M\u00e0ng polypropylene<\/em><\/span><\/li>\n<\/ul>\n<p><span style=\"color: #282828; font-family: tahoma, arial, helvetica, sans-serif;\">&#8211; Gasketed recessed Chamber filter plate \/ <em>T\u1ea5m khung b\u1ea3n c\u00f3 c\u00f3 t\u1ea5m \u0111\u1ec7m<\/em><\/span><\/p>\n<p><span style=\"color: #282828; font-family: tahoma, arial, helvetica, sans-serif;\">&#8211; Plate and frame filter plate \/ <em>T\u1ea5m l\u1ecdc khung b\u1ea3n v\u00e0 khung l\u1ecdc<br \/>\n<\/em><\/span><\/p>\n<h3><span style=\"color: #282828; font-size: 85%; font-family: tahoma, arial, helvetica, sans-serif;\"><strong>M\u00e1y \u00e9p khung b\u1ea3n th\u01b0\u1eddng \u0111\u01b0\u1ee3c chia l\u00e0m 3 lo\u1ea1i:<\/strong><\/span><\/h3>\n<p><span style=\"color: #282828; font-family: tahoma, arial, helvetica, sans-serif;\">&#8211; Ho\u1ea1t \u0111\u1ed9ng ho\u00e0n to\u00e0n th\u1ee7 c\u00f4ng: Th\u01b0\u1eddng d\u00f9ng cho m\u00e1y \u00e9p c\u00f4ng su\u1ea5t nh\u1ecf<\/span><\/p>\n<p><span style=\"color: #282828; font-family: tahoma, arial, helvetica, sans-serif;\">&#8211; Ho\u1ea1t \u0111\u1ed9ng b\u00e1n t\u1ef1 \u0111\u1ed9ng: Th\u01b0\u1eddng \u0111\u01b0\u1ee3c d\u00f9ng cho m\u00e1y \u00e9p c\u00f3 c\u00f4ng su\u1ea5t trung b\u00ecnh<\/span><\/p>\n<p><span style=\"color: #282828; font-family: tahoma, arial, helvetica, sans-serif;\">&#8211; Ho\u1ea1t \u0111\u1ed9ng ho\u00e0n to\u00e0n t\u1ef1 \u0111\u1ed9ng \/ kh\u00f4ng y\u00eau c\u1ea7u k\u1ef9 thu\u1eadt \u0111\u1eb7c bi\u1ec7t: Th\u01b0\u1eddng \u0111\u01b0\u1ee3c d\u00f9ng cho m\u00e1y \u00e9p c\u00f3 c\u00f4ng su\u1ea5t t\u1eeb trung b\u00ecnh \u0111\u1ebfn l\u1edbn<\/span><\/p>\n<h3><span style=\"font-size: 85%; font-family: tahoma, arial, helvetica, sans-serif; color: #282828;\"><strong>\u01afu \u0111i\u1ec3m c\u1ee7a m\u00e1y:<\/strong><\/span><\/h3>\n<p><span style=\"color: #282828; font-family: tahoma, arial, helvetica, sans-serif;\">&#8211; M\u00e1y \u0111\u01b0\u1ee3c s\u1ea3n xu\u1ea5t t\u1ea1i Malaysia thu\u1ed9c h\u00e3ng Lisse<\/span><\/p>\n<p><span style=\"color: #282828; font-family: tahoma, arial, helvetica, sans-serif;\">&#8211; B\u00e1nh \u0111\u1ea1t \u0111\u01b0\u1ee3c \u0111\u1ed9 kh\u00f4 nh\u1ea5t \u0111\u1ecbnh th\u01b0\u1eddng l\u00e0 c\u00f3 \u0111\u1ed9 \u1ea9m l\u00e0 20-30%, ti\u1ebft ki\u1ec7m chi ph\u00ed s\u1ea3n xu\u1ea5t<\/span><\/p>\n<p><span style=\"color: #282828; font-family: tahoma, arial, helvetica, sans-serif;\">&#8211; C\u1ea5u t\u1ea1o \u0111\u01a1n gi\u1ea3n, d\u1ec5 d\u00e0ng l\u1eafp \u0111\u1eb7t, b\u1ea3o h\u00e0nh, s\u1eeda ch\u1eefa<\/span><\/p>\n<p><span style=\"color: #282828; font-family: tahoma, arial, helvetica, sans-serif;\">&#8211; Th\u00e2n thi\u1ec7n v\u1edbi m\u00f4i tr\u01b0\u1eddng, v\u1eadn h\u00e0nh \u1ed5n \u0111\u1ecbnh<\/span><\/p>\n<p><span style=\"color: #282828; font-family: tahoma, arial, helvetica, sans-serif;\">&#8211; M\u00e1y c\u00f3 nhi\u1ec1u lo\u1ea1i ph\u00f9 h\u1ee3p v\u1edbi nhi\u1ec1u c\u00f4ng su\u1ea5t kh\u00e1c nhau<\/span><\/p>\n<p><span style=\"color: #282828; font-family: tahoma, arial, helvetica, sans-serif;\">&#8211; M\u00e1y t\u1ef1 \u0111\u1ed9ng c\u00f3 th\u1ec3 gi\u00fap ti\u1ebft ki\u1ec7m ngu\u1ed3n nh\u00e2n l\u1ef1c<\/span><\/p>\n<h3><span style=\"color: #282828; font-size: 85%; font-family: tahoma, arial, helvetica, sans-serif;\"><strong>Nh\u01b0\u1ee3c \u0111i\u1ec3m c\u1ee7a m\u00e1y:<\/strong><\/span><\/h3>\n<p><span style=\"color: #282828; font-family: tahoma, arial, helvetica, sans-serif;\">&#8211; M\u00e1y c\u00f3 thi\u1ebft k\u1ebf c\u1ed3ng k\u1ec1nh, chi\u1ebfm v\u1ecb tr\u00ed l\u1eafp \u0111\u1eb7t l\u1edbn, kh\u00f3 di chuy\u1ec3n.<\/span><\/p>\n<p><span style=\"color: #282828; font-family: tahoma, arial, helvetica, sans-serif;\">&#8211; Thi\u1ebft b\u1ecb ho\u1ea1t \u0111\u1ed9ng theo m\u1ebb, kh\u00f4ng ho\u1ea1t \u0111\u1ed9ng li\u00ean t\u1ee5c.<\/span><\/p>\n<p><a href=\"https:\/\/entechco.com.vn\/en\/product\/vai-loc-khung-ban\/\" target=\"_blank\" rel=\"noopener\"><span style=\"color: #0000ff;\">V\u1ea3i l\u1ecdc cho m\u00e1y khung b\u1ea3n:<\/span><\/a> v\u1eadt li\u1ec7u nh\u01b0 Polyporopylene, Polyester, Polymamid cho nhi\u1ec1u \u1ee9ng d\u1ee5ng trong l\u1ecdc c\u00f4ng nghi\u1ec7p.<\/p>","protected":false},"excerpt":{"rendered":"<p>M\u00e1y \u00e9p khung b\u1ea3n (Filter Press) \u0111\u01b0\u1ee3c s\u1ea3n xu\u1ea5t t\u1eeb Lisse \u2013 Malaysia. M\u00e1y c\u00f3 nhi\u1ec1u d\u1ea1ng kh\u00e1c nhau nh\u01b0 m\u00e1y l\u1ecdc \u00e9p khung b\u1ea3n,\u2026 Nguy\u00ean l\u00fd ho\u1ea1t \u0111\u1ed9ng c\u1ee7a m\u00e1y \u00e9p khung b\u1ea3n l\u00e0 \u00e9p l\u1ecdc t\u00e1ch l\u1ecdc n\u01b0\u1edbc gi\u1eef l\u1ea1i b\u00e3 n\u00ean \u0111\u01b0\u1ee3c \u1ee9ng d\u1ee5ng r\u1ed9ng r\u00e3i trong nhi\u1ec1u l\u0129nh v\u1ef1c s\u1ea3n xu\u1ea5t&#8230;<\/p>","protected":false},"featured_media":2169,"comment_status":"open","ping_status":"closed","template":"","meta":[],"product_cat":[312,255],"product_tag":[],"yst_prominent_words":[],"_links":{"self":[{"href":"https:\/\/entechco.com.vn\/en\/wp-json\/wp\/v2\/product\/2000"}],"collection":[{"href":"https:\/\/entechco.com.vn\/en\/wp-json\/wp\/v2\/product"}],"about":[{"href":"https:\/\/entechco.com.vn\/en\/wp-json\/wp\/v2\/types\/product"}],"replies":[{"embeddable":true,"href":"https:\/\/entechco.com.vn\/en\/wp-json\/wp\/v2\/comments?post=2000"}],"wp:featuredmedia":[{"embeddable":true,"href":"https:\/\/entechco.com.vn\/en\/wp-json\/wp\/v2\/media\/2169"}],"wp:attachment":[{"href":"https:\/\/entechco.com.vn\/en\/wp-json\/wp\/v2\/media?parent=2000"}],"wp:term":[{"taxonomy":"product_cat","embeddable":true,"href":"https:\/\/entechco.com.vn\/en\/wp-json\/wp\/v2\/product_cat?post=2000"},{"taxonomy":"product_tag","embeddable":true,"href":"https:\/\/entechco.com.vn\/en\/wp-json\/wp\/v2\/product_tag?post=2000"},{"taxonomy":"yst_prominent_words","embeddable":true,"href":"https:\/\/entechco.com.vn\/en\/wp-json\/wp\/v2\/yst_prominent_words?post=2000"}],"curies":[{"name":"wp","href":"https:\/\/api.w.org\/{rel}","templated":true}]}}