{"id":1997,"date":"2022-11-23T16:06:40","date_gmt":"2022-11-23T09:06:40","guid":{"rendered":"http:\/\/entechco.wesoft.vn\/?post_type=product&#038;p=1997"},"modified":"2022-12-26T10:28:48","modified_gmt":"2022-12-26T03:28:48","slug":"loi-loc-soi-quan-membrane-solutions","status":"publish","type":"product","link":"https:\/\/entechco.com.vn\/en\/product\/loi-loc-soi-quan-membrane-solutions\/","title":{"rendered":"L\u00d5I L\u1eccC S\u1ee2I QU\u1ea4N MEMBRANE SOLUTIONS"},"content":{"rendered":"<h1><span style=\"font-family: tahoma, arial, helvetica, sans-serif; color: #282828;\">L\u00d5I L\u1eccC S\u1ee2I QU\u1ea4N MEMBRANE SOLUTIONS<\/span><\/h1>\n<p><span style=\"color: #282828; font-family: tahoma, arial, helvetica, sans-serif;\">L\u00f5i l\u1ecdc s\u1ee3i qu\u1ea5n t\u1eeb h\u00e3ng <a style=\"color: #282828;\" href=\"https:\/\/www.membrane-solutions.com\/wound_cartridge_filter.htm\">Membrane Solutions M\u1ef9<\/a> \u0111\u01b0\u1ee3c c\u1ea5u t\u1ea1o t\u1eeb c\u00e1c s\u1ee3i Polypropylene, ch\u1ea5t th\u1ea5m h\u00fat, cotton\u2026<\/span><\/p>\n<p><span style=\"color: #282828; font-family: tahoma, arial, helvetica, sans-serif;\">C\u00e1c s\u1ee3i qu\u1ea5n theo m\u1eadt \u0111\u1ed9 th\u00f4 (b\u00ean ngo\u00e0i) th\u1ea5p d\u1ea7n b\u00ean trong v\u1edbi m\u1ee5c \u0111\u00edch l\u00e0m t\u0103ng tu\u1ed5i th\u1ecd s\u1ea3n ph\u1ea9m.<\/span><\/p>\n<p><span style=\"color: #282828; font-family: tahoma, arial, helvetica, sans-serif;\">L\u1ecdc th\u00f4 cho nh\u1eefng ch\u1ea5t l\u1ecfng c\u00f3 t\u1ef7 tr\u1ecdng ch\u1ea5t r\u1eafn cao v\u00e0 m\u1ee9c \u0111\u1ed9 ph\u00e2n b\u1ed1 k\u00edch th\u01b0\u1edbc h\u1ea1t r\u1ed9ng.<\/span><\/p>\n<p><span style=\"color: #282828; font-family: tahoma, arial, helvetica, sans-serif;\">C\u00f3 kh\u1ea3 n\u0103ng l\u1ecdc s\u00e2u, gi\u1eef l\u1ea1i b\u1ee5i b\u1ea9n cao.<\/span><\/p>\n<p><span style=\"color: #282828; font-family: tahoma, arial, helvetica, sans-serif;\">C\u1ea5p \u0111\u1ed9 l\u1ecdc \u0111a d\u1ea1ng tu\u1ef3 thu\u1ed9c v\u00e0o nhu c\u1ea7u s\u1eed l\u1ecdc t\u1eebng l\u00f5i l\u1ecdc Membrane Solutions kh\u00e1c nhau.<\/span><\/p>\n<p><span style=\"color: #282828; font-family: tahoma, arial, helvetica, sans-serif;\">V\u1eadt li\u00eau s\u1ee3i qu\u1ea5n \u0111a d\u1ea1ng: do \u0111\u00f3 \u1ee9ng d\u1ee5ng \u0111a d\u1ea1ng v\u1edbi c\u00e1c ch\u1ea5t l\u1ecfng kh\u00e1c nhau trong s\u1ea3n xu\u1ea5t c\u00f4ng nghi\u1ec7p.<\/span><\/p>\n<p><span style=\"color: #282828; font-family: tahoma, arial, helvetica, sans-serif;\">L\u00f5i \u0111\u01b0\u1ee3c thi\u1ebft k\u1ebf \u0111\u1eb7c bi\u1ec7t gi\u00fap gi\u1ea3m chi ph\u00ed v\u1eadn h\u00e0nh.<\/span><\/p>\n<h3><span style=\"color: #282828; font-size: 90%; font-family: tahoma, arial, helvetica, sans-serif;\"><strong>L\u01b0u l\u01b0\u1ee3ng d\u00f2ng ch\u1ea3y cho t\u1eebng k\u00edch th\u01b0\u1edbc \u1ee9ng d\u1ee5ng<\/strong><\/span><\/h3>\n<p><span style=\"color: #282828; font-family: tahoma, arial, helvetica, sans-serif;\"><img decoding=\"async\" loading=\"lazy\" class=\"size-full wp-image-1885 aligncenter\" src=\"https:\/\/entechco.com.vn\/wp-content\/uploads\/2022\/10\/Luu-luong-dong-chay.png\" alt=\"\" width=\"405\" height=\"343\" \/><\/span><\/p>\n<p><span style=\"color: #282828; font-family: tahoma, arial, helvetica, sans-serif;\">Tu\u1ef3 v\u00e0o nhu c\u1ea7u s\u1eed d\u1ee5ng cho t\u1eebng \u1ee9ng d\u1ee5ng ta c\u00f3 th\u1ec3 ch\u1ecdn k\u00edch th\u01b0\u1edbc l\u00f5i l\u1ecdc MS ph\u00f9 h\u1ee3p.<\/span><\/p>\n<p><span style=\"color: #282828; font-family: tahoma, arial, helvetica, sans-serif;\">Tham kh\u1ea3o d\u00f2ng s\u1ea3n ph\u1ea9m li\u00ean quan nh\u01b0: <a style=\"color: #282828;\" href=\"http:\/\/entechco.wesoft.vn\/san-pham\/loi-loc-soi-quan-roki\/\">L\u00f5i l\u1ecdc s\u1ee3i qu\u1ea5n-Roki<\/a> , <a style=\"color: #282828;\" href=\"http:\/\/entechco.wesoft.vn\/san-pham\/loi-loc-nen-pp\/\">L\u00f5i l\u1ecdc n\u00e9n PP-Roki<\/a>,&#8230;<\/span><\/p>","protected":false},"excerpt":{"rendered":"<p>L\u00d5I L\u1eccC S\u1ee2I QU\u1ea4N MEMBRANE SOLUTIONS L\u00f5i l\u1ecdc s\u1ee3i qu\u1ea5n t\u1eeb h\u00e3ng Membrane Solutions M\u1ef9 \u0111\u01b0\u1ee3c c\u1ea5u t\u1ea1o t\u1eeb c\u00e1c s\u1ee3i Polypropylene, ch\u1ea5t th\u1ea5m h\u00fat, cotton\u2026 C\u00e1c s\u1ee3i qu\u1ea5n theo m\u1eadt \u0111\u1ed9 th\u00f4 (b\u00ean ngo\u00e0i) th\u1ea5p d\u1ea7n b\u00ean trong v\u1edbi m\u1ee5c \u0111\u00edch l\u00e0m t\u0103ng tu\u1ed5i th\u1ecd s\u1ea3n ph\u1ea9m. L\u1ecdc th\u00f4 cho nh\u1eefng ch\u1ea5t l\u1ecfng c\u00f3&#8230;<\/p>","protected":false},"featured_media":2170,"comment_status":"open","ping_status":"closed","template":"","meta":[],"product_cat":[213],"product_tag":[],"yst_prominent_words":[],"_links":{"self":[{"href":"https:\/\/entechco.com.vn\/en\/wp-json\/wp\/v2\/product\/1997"}],"collection":[{"href":"https:\/\/entechco.com.vn\/en\/wp-json\/wp\/v2\/product"}],"about":[{"href":"https:\/\/entechco.com.vn\/en\/wp-json\/wp\/v2\/types\/product"}],"replies":[{"embeddable":true,"href":"https:\/\/entechco.com.vn\/en\/wp-json\/wp\/v2\/comments?post=1997"}],"wp:featuredmedia":[{"embeddable":true,"href":"https:\/\/entechco.com.vn\/en\/wp-json\/wp\/v2\/media\/2170"}],"wp:attachment":[{"href":"https:\/\/entechco.com.vn\/en\/wp-json\/wp\/v2\/media?parent=1997"}],"wp:term":[{"taxonomy":"product_cat","embeddable":true,"href":"https:\/\/entechco.com.vn\/en\/wp-json\/wp\/v2\/product_cat?post=1997"},{"taxonomy":"product_tag","embeddable":true,"href":"https:\/\/entechco.com.vn\/en\/wp-json\/wp\/v2\/product_tag?post=1997"},{"taxonomy":"yst_prominent_words","embeddable":true,"href":"https:\/\/entechco.com.vn\/en\/wp-json\/wp\/v2\/yst_prominent_words?post=1997"}],"curies":[{"name":"wp","href":"https:\/\/api.w.org\/{rel}","templated":true}]}}