{"id":1993,"date":"2022-11-23T15:54:14","date_gmt":"2022-11-23T08:54:14","guid":{"rendered":"http:\/\/entechco.wesoft.vn\/?post_type=product&#038;p=1993"},"modified":"2022-12-26T10:31:34","modified_gmt":"2022-12-26T03:31:34","slug":"loi-loc-nen-pp-membrane-solutions","status":"publish","type":"product","link":"https:\/\/entechco.com.vn\/en\/product\/loi-loc-nen-pp-membrane-solutions\/","title":{"rendered":"L\u00d5I L\u1eccC N\u00c9N PP MEMBRANE SOLUTIONS"},"content":{"rendered":"<h2><span style=\"font-family: tahoma, arial, helvetica, sans-serif;\"><strong><span style=\"color: #282828;\">Gi\u1edbi thi\u1ec7u l\u00f5i l\u1ecdc n\u00e9n PP <a href=\"https:\/\/www.membrane-solutions.com\/wound_cartridge_filter.htm\">Membrane Solutions-M\u1ef9<\/a><\/span><\/strong><\/span><\/h2>\n<p><span style=\"color: #282828; font-family: tahoma, arial, helvetica, sans-serif;\">L\u00f5i l\u1ecdc n\u00e9n PP Polypropylene\/ PP melt blown cartridge filter \u0111\u01b0\u1ee3c s\u1ea3n xu\u1ea5t 100% Polypropylene.<\/span><\/p>\n<p><span style=\"color: #282828; font-family: tahoma, arial, helvetica, sans-serif;\">L\u00e0 ki\u1ec3u l\u1ecdc s\u00e2u, \u1ee9ng d\u1ee5ng r\u1ed9ng trong c\u00e1c x\u1eed l\u00fd n\u01b0\u1edbc v\u00e0 l\u1ecdc c\u00f4ng nghi\u1ec7p.<\/span><\/p>\n<p><span style=\"color: #282828; font-family: tahoma, arial, helvetica, sans-serif;\">L\u00f5i l\u1ecdc n\u00e9n PP \u0111\u01b0\u1ee3c s\u1ea3n xu\u1ea5t t\u1ea1o ra 03 l\u1edbp l\u1ecdc th\u00f4 b\u00ean ngo\u00e0i v\u00e0 d\u1ea7n nh\u1ecf h\u01a1n b\u00ean trong.<\/span><\/p>\n<p><span style=\"color: #282828; font-family: tahoma, arial, helvetica, sans-serif;\">L\u00f5i l\u1ecdc n\u00e9n PP \u0111\u01b0\u1ee3c c\u1ea5u t\u1ea1o t\u1eeb 3 l\u1edbp kh\u00e1c nhau.<\/span><\/p>\n<p><span style=\"color: #282828; font-family: tahoma, arial, helvetica, sans-serif;\">+ B\u00ean trong m\u1ecfng.<\/span><\/p>\n<p><span style=\"color: #282828; font-family: tahoma, arial, helvetica, sans-serif;\">+ B\u00ean ngo\u00e0i d\u00e0y <\/span><\/p>\n<p><span style=\"color: #282828; font-family: tahoma, arial, helvetica, sans-serif;\">=&gt; Gi\u00fap t\u0103ng kh\u1ea3 n\u0103ng l\u1ecdc t\u1ea1p ch\u1ea5t v\u00e0 k\u00e9o d\u00e0i tu\u1ed5i th\u1ecd do \u0111\u00f3 c\u00f3 th\u1ec3 gi\u1ea3m gi\u00e1 th\u00e0nh s\u1ea3n ph\u1ea9m.<\/span><\/p>\n<h2><span style=\"color: #282828; font-family: tahoma, arial, helvetica, sans-serif;\"><strong>L\u01b0u l\u01b0\u1ee3ng d\u00f2ng ch\u1ea3y t\u01b0\u01a1ng \u1ee9ng v\u1edbi t\u1eebng \u1ee9ng k\u00edch th\u01b0\u1edbc l\u00f5i MS<\/strong><\/span><\/h2>\n<p><span style=\"font-family: tahoma, arial, helvetica, sans-serif;\"><img decoding=\"async\" loading=\"lazy\" class=\"size-full wp-image-1891 aligncenter\" src=\"https:\/\/entechco.com.vn\/wp-content\/uploads\/2022\/11\/luu-luong-dong-chay-loi-loc-nen-PP.png\" alt=\"L\u01b0u l\u01b0\u1ee3ng dong ch\u1ea3y l\u00f5i l\u1ecdc n\u00e9n PP\" width=\"350\" height=\"378\" \/><\/span><\/p>\n<p><span style=\"color: #282828; font-family: tahoma, arial, helvetica, sans-serif;\">Tu\u1ef3 v\u00e0o nhu c\u1ea7u s\u1eed d\u1ee5ng cho t\u1eebng \u1ee9ng d\u1ee5ng ta c\u00f3 th\u1ec3 ch\u1ecdn k\u00edch th\u01b0\u1edbc l\u00f5i l\u1ecdc MS ph\u00f9 h\u1ee3p.<\/span><\/p>\n<p><span style=\"color: #282828; font-family: tahoma, arial, helvetica, sans-serif;\">Tham kh\u1ea3o d\u00f2ng s\u1ea3n ph\u1ea9m li\u00ean quan nh\u01b0: <a href=\"https:\/\/entechco.com.vn\/en\/san-pham\/loi-loc-soi-quan-roki\/\">L\u00f5i l\u1ecdc s\u1ee3i qu\u1ea5n-Roki<\/a> , <a href=\"https:\/\/entechco.com.vn\/en\/product\/loi-loc-nen-pp\/\">L\u00f5i l\u1ecdc n\u00e9n PP-Roki<\/a>, <a href=\"https:\/\/entechco.com.vn\/en\/?post_type=product&amp;p=1883&amp;preview=true\">L\u00f5i l\u1ecdc s\u1ee3i qu\u1ea5n Membrane Solutions<\/a>,&#8230;<\/span><\/p>","protected":false},"excerpt":{"rendered":"<p>Gi\u1edbi thi\u1ec7u l\u00f5i l\u1ecdc n\u00e9n PP Membrane Solutions-M\u1ef9 L\u00f5i l\u1ecdc n\u00e9n PP Polypropylene\/ PP melt blown cartridge filter \u0111\u01b0\u1ee3c s\u1ea3n xu\u1ea5t 100% Polypropylene. L\u00e0 ki\u1ec3u l\u1ecdc s\u00e2u, \u1ee9ng d\u1ee5ng r\u1ed9ng trong c\u00e1c x\u1eed l\u00fd n\u01b0\u1edbc v\u00e0 l\u1ecdc c\u00f4ng nghi\u1ec7p. L\u00f5i l\u1ecdc n\u00e9n PP \u0111\u01b0\u1ee3c s\u1ea3n xu\u1ea5t t\u1ea1o ra 03 l\u1edbp l\u1ecdc th\u00f4 b\u00ean ngo\u00e0i v\u00e0&#8230;<\/p>","protected":false},"featured_media":2171,"comment_status":"open","ping_status":"closed","template":"","meta":[],"product_cat":[213],"product_tag":[],"yst_prominent_words":[],"_links":{"self":[{"href":"https:\/\/entechco.com.vn\/en\/wp-json\/wp\/v2\/product\/1993"}],"collection":[{"href":"https:\/\/entechco.com.vn\/en\/wp-json\/wp\/v2\/product"}],"about":[{"href":"https:\/\/entechco.com.vn\/en\/wp-json\/wp\/v2\/types\/product"}],"replies":[{"embeddable":true,"href":"https:\/\/entechco.com.vn\/en\/wp-json\/wp\/v2\/comments?post=1993"}],"wp:featuredmedia":[{"embeddable":true,"href":"https:\/\/entechco.com.vn\/en\/wp-json\/wp\/v2\/media\/2171"}],"wp:attachment":[{"href":"https:\/\/entechco.com.vn\/en\/wp-json\/wp\/v2\/media?parent=1993"}],"wp:term":[{"taxonomy":"product_cat","embeddable":true,"href":"https:\/\/entechco.com.vn\/en\/wp-json\/wp\/v2\/product_cat?post=1993"},{"taxonomy":"product_tag","embeddable":true,"href":"https:\/\/entechco.com.vn\/en\/wp-json\/wp\/v2\/product_tag?post=1993"},{"taxonomy":"yst_prominent_words","embeddable":true,"href":"https:\/\/entechco.com.vn\/en\/wp-json\/wp\/v2\/yst_prominent_words?post=1993"}],"curies":[{"name":"wp","href":"https:\/\/api.w.org\/{rel}","templated":true}]}}