{"id":1773,"date":"2022-07-20T22:49:44","date_gmt":"2022-07-20T15:49:44","guid":{"rendered":"http:\/\/entechco.wesoft.vn\/?post_type=product&#038;p=1773"},"modified":"2022-12-26T10:32:55","modified_gmt":"2022-12-26T03:32:55","slug":"bio-cel-mbr-easy","status":"publish","type":"product","link":"https:\/\/entechco.com.vn\/en\/product\/bio-cel-mbr-easy\/","title":{"rendered":"M\u00e0ng MBR BIO-CEL EASY"},"content":{"rendered":"<h2><span style=\"color: #282828;\">M\u00c0NG MBR &#8211; BIO-CEL EASY &#8211; MICRODYN NADIR &#8211; MANN HUMMEL<\/span><\/h2>\n<p><span style=\"color: #282828;\">M\u00e0ng MBR \u0111\u1ebfn t\u1eeb <a style=\"color: #282828;\" href=\"https:\/\/water-fluid-filtration.mann-hummel.com\/en.html\">t\u1eadp \u0111o\u00e0n MANN HUMMEL &#8211; \u0110\u1ee8C<\/a>.<\/span><\/p>\n<p><span style=\"color: #282828;\">M\u00e0ng MBR EASY l\u00e0 s\u1ea3n ph\u1ea9m c\u00f4ng ngh\u1ec7 m\u1edbi, gi\u1ea3i ph\u00e1p t\u1ed1i \u01b0u cho vi\u1ec7c ti\u1ebft ki\u1ec7m chi ph\u00ed x\u1eed l\u00fd n\u01b0\u1edbc th\u1ea3i sinh ho\u1ea1t v\u00e0 c\u00f4ng nghi\u1ec7p.<\/span><\/p>\n<p><span style=\"color: #282828;\">BIO-CEL EASY \u0111\u01b0\u1ee3c thi\u1ebft k\u1ebf c\u1ea5u t\u1ea1o ph\u00f9 h\u1ee3p v\u1edbi c\u00e1c m\u00f4 h\u00ecnh s\u00e2n bay, kh\u00e1ch s\u1ea1n, trung t\u00e2m mua s\u1eafm, v\u00e0 c\u00e1c c\u01a1 s\u1edf c\u00f3 quy m\u00f4 t\u01b0\u01a1ng t\u1ef1 kh\u00e1c v\u1edbi c\u00e1ch x\u1eed l\u00fd n\u01b0\u1edbc th\u1ea3i \u0111\u01a1n gi\u1ea3n v\u00e0 hi\u1ec7u qu\u1ea3. <\/span><\/p>\n<p><span style=\"color: #282828;\">\u0110\u01b0\u1ee3c l\u1eafp \u0111\u1eb7t s\u1eb5n, h\u1ec7 \u0111\u1ed9c l\u1eadp, nh\u1ecf g\u1ecdn v\u00e0 hi\u1ec7u qu\u1ea3 cao.<\/span><\/p>\n<p><span style=\"color: #282828;\">M\u00c0NG MBR &#8211; BIO-CEL EASY k\u1ebft h\u1ee3p l\u1ee3i \u00edch t\u1eeb s\u1ee3i r\u1ed7ng truy\u1ec1n th\u1ed1ng v\u1edbi d\u1ea1ng t\u1ea5m v\u00e0 khung.<\/span><\/p>\n<p style=\"margin: 0cm 0cm 15.6pt 0cm;\"><span style=\"font-family: Tahoma, 'sans-serif'; color: #282828;\">Modun BIO-CELL MBR EASY ch\u1ee9a c\u00e1c t\u1ea5m m\u00e0ng m\u1ecfng n\u00ean c\u00f3 m\u1eadt \u0111\u1ed9 \u0111\u00f3ng x\u1ebfp d\u00e0y tr\u00ean c\u00f9ng 1 \u0111\u01a1n v\u1ecb di\u1ec7n t\u00edch t\u1eeb c\u00e1c t\u1ea5m m\u00e0ng m\u1ecfng b\u1eb1ng laminate, \u0111\u1ed3ng th\u1eddi t\u1ea5m m\u1ecfng c\u00f3 c\u01a1 ch\u1ebf t\u1ef1 ph\u1ee5c h\u1ed3i.<\/span><\/p>\n<h2><span style=\"color: #282828;\"><strong><span style=\"font-size: 85%;\">\u01afu \u0111i\u1ec3m v\u01b0\u1ee3t tr\u1ed9i c\u1ee7a BIO-CEL EASY<\/span><\/strong><\/span><\/h2>\n<p style=\"margin: 0cm 0cm 15.6pt 0cm;\"><span style=\"font-family: Tahoma, 'sans-serif'; color: #282828;\">M\u00c0NG MBR EASY l\u00e0 lo\u1ea1i m\u00f4-\u0111un MBR \u0111\u01b0\u1ee3c th\u00e1o l\u1eafp d\u1ec5 v\u00e0 v\u1eadn h\u00e0nh (Plug-and-Play) d\u1ec5 d\u00e0ng.<\/span><\/p>\n<p style=\"margin: 0cm 0cm 15.6pt 0cm;\"><span style=\"font-family: Tahoma, 'sans-serif'; color: #282828;\">N\u00f3 s\u1eb5n s\u1eb5ng \u0111\u1ec3 s\u1eed d\u1ee5ng v\u00e0 kh\u00f4ng y\u00eau c\u1ea7u c\u1ea7u qui tr\u00ecnh v\u1eadn h\u00e0nh ph\u1ee9c t\u1ea1p ho\u1eb7c hi\u1ec3u bi\u1ebft chuy\u00ean s\u00e2u v\u1ec1 x\u1eed l\u00fd n\u01b0\u1edbc th\u1ea3i.<\/span><\/p>\n<p style=\"margin: 0cm 0cm 15.6pt 0cm;\"><span style=\"font-family: Tahoma, 'sans-serif'; color: #282828;\"> H\u1ec7 th\u1ed1ng ph\u00f9 h\u1ee3p cho cho c\u00e1c d\u1ef1 \u00e1n v\u1eeba v\u00e0 nh\u1ecf t\u1ed1i thi\u1ec3u y\u00eau c\u1ea7u ng\u01b0\u1eddi gi\u00e1m s\u00e1t ph\u1ea3i c\u00f3 v\u1eadn h\u00e0nh<i>.<\/i><\/span><\/p>\n<p style=\"margin: 0cm 0cm 15.6pt 0cm;\"><span style=\"font-family: Tahoma, 'sans-serif'; color: #282828;\">M\u00f4-\u0111un BIO-CEL EASY \u0111\u01b0\u1ee3c k\u1ebft h\u1ee3p t\u1eeb c\u00e1c t\u1ea5m m\u00e0ng si\u00eau l\u1ecdc Ultrafilration v\u1edbi khung inox SS304 ch\u1eafc ch\u1eafc.<\/span><\/p>\n<p><span style=\"color: #282828;\">M\u00f4-\u0111un BIO-CEL EASY \u0111\u01b0\u1ee3c \u0111\u1eb7t v\u1eeba v\u1eb7n trong b\u1ec3: BIOCEL EASY TANK.<\/span><\/p>\n<p><span style=\"color: #282828;\"> S\u1ef1 k\u1ebft h\u1ee3p m\u00f4-\u0111un m\u00e0ng v\u1edbi b\u1ec3 easy tank \u0111\u1ea3m b\u1ea3o d\u1ec5 d\u00e0ng th\u00e1o l\u1eafp v\u00e0 v\u1eadn h\u00e0nh theo ki\u1ec3u plug-play. <\/span><\/p>\n<p><span style=\"color: #282828;\">B\u1ec3 l\u1ecdc nh\u1ecf g\u1ecdn, d\u1ec5 d\u00e0ng v\u1eadn chuy\u1ec3n b\u1eb1ng xe n\u00e2ng m\u00e0 kh\u00f4ng c\u1ea7n c\u1ea9u.<\/span><\/p>\n<p><span style=\"color: #282828;\"><img decoding=\"async\" loading=\"lazy\" class=\"size-full wp-image-1811 aligncenter\" src=\"http:\/\/entechco.wesoft.vn\/wp-content\/uploads\/2022\/08\/Capture.png\" alt=\"\" width=\"326\" height=\"291\" srcset=\"https:\/\/entechco.com.vn\/wp-content\/uploads\/2022\/08\/Capture.png 326w, https:\/\/entechco.com.vn\/wp-content\/uploads\/2022\/08\/Capture-13x12.png 13w, https:\/\/entechco.com.vn\/wp-content\/uploads\/2022\/08\/Capture-247x220.png 247w\" sizes=\"(max-width: 326px) 100vw, 326px\" \/><\/span><\/p>\n<p style=\"margin: 0cm 0cm 15.6pt 0cm;\"><span style=\"font-family: Tahoma, 'sans-serif'; color: #282828;\">M\u00f4-\u0111un d\u1ec5 d\u00e0ng cho vi\u1ec7c l\u1eafp \u0111\u1eb7t, nhanh v\u00e0 thi\u1ebft k\u1ebf \u0111\u01a1n gi\u1ea3n, c\u1ea5u c\u1ea5u h\u00ecnh linh ho\u1ea1t gi\u00fap ti\u1ebft ki\u1ec7m c\u00e1c chi ph\u00ed l\u1eafp \u0111\u1eb7t, th\u1eddi gian v\u00e0 chi ph\u00ed \u0111\u1ea7u t\u01b0.<\/span><\/p>\n<p style=\"margin: 0cm 0cm 15.6pt 0cm;\"><span style=\"font-family: Tahoma, 'sans-serif'; color: #282828;\">BIO-CEL EASY l\u00e0 m\u00f4-\u0111un MBR d\u1ec5 s\u1eed d\u1ee5ng v\u1edbi gi\u00e1 c\u1ea3 ph\u00f9 h\u1ee3p nh\u1ea5t tr\u00ean th\u1ecb tr\u01b0\u1eddng.<\/span><\/p>\n<p style=\"margin: 0cm 0cm 15.6pt 0cm;\"><span style=\"font-family: Tahoma, 'sans-serif'; color: #282828;\">M\u1ed7i m\u00f4-\u0111un c\u00f3 th\u1ec3 x\u1eed l\u00fd t\u1edbi 24 m\u00b3 \/ ng\u00e0y cho c\u00e1c \u1ee9ng d\u1ee5ng n\u01b0\u1edbc th\u1ea3i sinh ho\u1ea1t v\u00e0 12 m\u00b3 \/ ng\u00e0y cho c\u00e1c \u1ee9ng d\u1ee5ng n\u01b0\u1edbc th\u1ea3i c\u00f4ng nghi\u1ec7p.<\/span><\/p>\n<p style=\"text-align: left;\"><span style=\"color: #282828;\">C\u00e1c s\u1ea3n ph\u1ea9m kh\u00e1c n\u1eb1m trong d\u00f2ng s\u1ea3n ph\u1ea9m m\u00e0ng BIO-CEL MBR: <a href=\"http:\/\/entechco.wesoft.vn\/san-pham\/mang-mbr-bio-cel-l-2\/\">BIO-CEL MBR L2<\/a>, <a style=\"color: #282828;\" href=\"http:\/\/entechco.wesoft.vn\/san-pham\/mang-mbr-bio-cel-xl-2-entechco\/\">BIO-CEL MBR XL-2<\/a><\/span><\/p>","protected":false},"excerpt":{"rendered":"<p><span style=\"color: #282828;\">BIO-CEL MBR EASY \u0111\u01b0\u1ee3c thi\u1ebft k\u1ebf ph\u00f9 h\u1ee3p v\u1edbi c\u00e1c m\u00f4 h\u00ecnh s\u00e2n bay, kh\u00e1ch s\u1ea1n, trung t\u00e2m mua s\u1eafm, v\u00e0 c\u00e1c c\u01a1 s\u1edf c\u00f3 quy m\u00f4 t\u01b0\u01a1ng t\u1ef1 kh\u00e1c v\u1edbi c\u00e1ch x\u1eed l\u00fd n\u01b0\u1edbc th\u1ea3i \u0111\u01a1n gi\u1ea3n v\u00e0 hi\u1ec7u qu\u1ea3. H\u1ec7 th\u1ed1ng \u0111\u1ed9c \u0111\u00e1o v\u1edbi thi\u1ebft k\u1ebf nh\u1ecf g\u1ecdn v\u00e0 hi\u1ec7u qu\u1ea3 cao. \u0110\u01b0\u1ee3c trang b\u1ecb c\u00f4ng ngh\u1ec7 m\u00e0ng MBR, BIO-CEL EASY l\u00e0 c\u00f4ng ngh\u1ec7 ti\u00ean ti\u1ebfn.<\/span><\/p>","protected":false},"featured_media":2172,"comment_status":"open","ping_status":"closed","template":"","meta":[],"product_cat":[209,76],"product_tag":[],"yst_prominent_words":[],"_links":{"self":[{"href":"https:\/\/entechco.com.vn\/en\/wp-json\/wp\/v2\/product\/1773"}],"collection":[{"href":"https:\/\/entechco.com.vn\/en\/wp-json\/wp\/v2\/product"}],"about":[{"href":"https:\/\/entechco.com.vn\/en\/wp-json\/wp\/v2\/types\/product"}],"replies":[{"embeddable":true,"href":"https:\/\/entechco.com.vn\/en\/wp-json\/wp\/v2\/comments?post=1773"}],"wp:featuredmedia":[{"embeddable":true,"href":"https:\/\/entechco.com.vn\/en\/wp-json\/wp\/v2\/media\/2172"}],"wp:attachment":[{"href":"https:\/\/entechco.com.vn\/en\/wp-json\/wp\/v2\/media?parent=1773"}],"wp:term":[{"taxonomy":"product_cat","embeddable":true,"href":"https:\/\/entechco.com.vn\/en\/wp-json\/wp\/v2\/product_cat?post=1773"},{"taxonomy":"product_tag","embeddable":true,"href":"https:\/\/entechco.com.vn\/en\/wp-json\/wp\/v2\/product_tag?post=1773"},{"taxonomy":"yst_prominent_words","embeddable":true,"href":"https:\/\/entechco.com.vn\/en\/wp-json\/wp\/v2\/yst_prominent_words?post=1773"}],"curies":[{"name":"wp","href":"https:\/\/api.w.org\/{rel}","templated":true}]}}