{"id":169,"date":"2013-08-10T10:19:20","date_gmt":"2013-08-10T10:19:20","guid":{"rendered":"http:\/\/uxthemes.wpengine.com\/?post_type=product&#038;p=422"},"modified":"2026-01-28T10:23:33","modified_gmt":"2026-01-28T03:23:33","slug":"tui-loc-pp","status":"publish","type":"product","link":"https:\/\/entechco.com.vn\/en\/product\/tui-loc-pp\/","title":{"rendered":"T\u00fai L\u1ecdc PP"},"content":{"rendered":"<h1><span style=\"color: #282828;\">T\u00daI L\u1eccC PP\u00a0 POLYPROPYLENE<\/span><\/h1>\n<p>T\u00fai l\u1ecdc PP l\u00e0 thi\u1ebft b\u1ecb l\u1ecdc \u0111\u01b0\u1ee3c s\u1eeda d\u1ee5ng ph\u1ed5 bi\u1ebfn nh\u1ea5t trong ng\u00e0nh c\u00f4ng nghi\u1ec7p s\u1ea3n xu\u1ea5t n\u00f3i chung, ng\u00e0nh l\u1ecdc ch\u1ea5t l\u1ecfng n\u00f3i ri\u00eang;<\/p>\n<p>T\u00fai l\u1ecdc th\u01b0\u1eddng \u0111\u01b0\u1ee3c g\u1ecdi l\u00e0 T\u00fai l\u1ecdc n\u1ec9, \u0111\u01b0\u1ee3c l\u00e0m b\u1eb1ng v\u1ea3i kh\u00f4ng d\u1ec7t 100% Polypropylene ( PP ) \u0111\u01b0\u1ee3c k\u1ebft h\u1ee3p v\u1edbi nhau v\u1edbi nhau t\u1ea1o \u0111\u1ed9 d\u00e0y nh\u1ea5t \u0111\u1ecbnh,<\/p>\n<p>C\u00e1c s\u1ee3i quanh co t\u1ea1o \u0111\u1ed9 l\u1ecdc s\u00e2u nh\u1edd \u0111\u00f3 t\u1ea1o b\u1eaby l\u1edbn \u0111\u1ec3 gi\u1eef c\u00e1c h\u1ea1t r\u1eafn &#8211; c\u1eb7n &#8211; bao g\u1ed3m c\u00e1c h\u1ea1t keo<\/p>\n<p>Th\u00e2n t\u00fai v\u00e0 \u0111\u00e1y t\u00fai \u0111\u01b0\u1ee3c k\u1ebft d\u00ednh b\u1eb1ng ph\u01b0\u01a1ng ph\u00e1p \u00e9p nhi\u1ec7t r\u1ea5t ch\u1eafc ch\u1eafn, ch\u1ecbu \u0111\u01b0\u1ee3c \u00e1p cao<\/p>\n<p>Mi\u1ec7ng t\u00fai th\u01b0\u1eddng c\u00f3 2 d\u1ea1ng : c\u1ed5 nh\u1ef1a PP v\u00e0 c\u1ed5 inox, nh\u1eb1m ph\u00f9 h\u1ee3p v\u1edbi t\u1eebng y\u00eau c\u1ea7u s\u1eed d\u1ee5ng<\/p>\n<h2>\u0110\u1eb7c tr\u01b0ng t\u00fai l\u1ecdc PP:<\/h2>\n<p>&#8211; Kh\u1ea3 n\u0103ng ch\u1ecbu nhi\u1ec7t \u0111\u1ed9 l\u1ecdc d\u01b0\u1edbi <strong>&lt; 90<sup>0<\/sup>OLD<\/strong><\/p>\n<p>&#8211; T\u00fai l\u1ecdc c\u00f3 c\u1ea5p \u0111\u1ed9 l\u1ecdc x\u00e1c \u0111\u1ecbnh, Ph\u1ea1m vi l\u1ecdc l\u1edbn t\u1eeb 1um \u0111\u1ebfn 150um, ph\u00f9 h\u1ee3p cho m\u1ee5c \u0111\u00edch ti\u1ec1n l\u1ecdc<\/p>\n<p>&#8211; S\u1eed d\u1ee5ng t\u1ed1t cho dung m\u00f4i h\u1eefu c\u01a1, kh\u00f4ng b\u1ecb \u0103n m\u00f2n ho\u00e1 ch\u1ea5t<\/p>\n<p>&#8211; Nh\u1edd c\u1ea5u t\u1ea1o l\u1ecdc s\u00e2u n\u00ean kh\u1ea3 n\u0103ng gi\u1eef c\u1eb7n c\u1ee7a t\u00fai l\u1ecdc r\u1ea5t t\u1ed1t, b\u1ec1 m\u1eb7t \u0111\u01b0\u1ee3c x\u1eed l\u00fd nhi\u1ec7t \u0111\u1ec3 ng\u0103n c\u1eb7n \u2013 s\u1ee3i v\u1ea3i \u0111i qua s\u1ea3n ph\u1ea9m sau l\u1ecdc<\/p>\n<h2>\u01afu \u0111i\u1ec3m c\u1ee7a T\u00fai l\u1ecdc PP:<\/h2>\n<p>&#8211; L\u1ecdc s\u00e2u, l\u01b0u l\u01b0\u1ee3ng l\u1edbn h\u01a1n nhi\u1ec1u so v\u1edbi<a href=\"https:\/\/entechco.com.vn\/en\/product\/loi-loc-nen-pp\/\"> L\u00f5i Cartridge<\/a><\/p>\n<p>&#8211; 1 T\u00fai l\u1ecdc Size 1 ( 20m<sup>3<\/sup>\/hr ) t\u01b0\u01a1ng \u0111\u01b0\u01a1ng 20 l\u00f5i l\u1ecdc chi\u1ec1u d\u00e0i 10 inch<\/p>\n<p>&#8211; D\u1ec5 d\u00e0ng l\u1eafp \u0111\u1eb7t, th\u00e1o r\u1eeda, t\u00e1i s\u1eed d\u1ee5ng nhi\u1ec1u l\u1ea7n<\/p>","protected":false},"excerpt":{"rendered":"<p>Lorem ipsum dolor sit amet, consectetur adipiscing elit. Vestibulum iaculis massa nec velit commodo lobortis. Quisque diam lacus, tincidunt vitae eros porta, sagittis rhoncus est. Quisque sed justo a erat lobortis gravida.<\/p>","protected":false},"featured_media":2199,"comment_status":"closed","ping_status":"closed","template":"","meta":[],"product_cat":[204,222],"product_tag":[],"yst_prominent_words":[],"_links":{"self":[{"href":"https:\/\/entechco.com.vn\/en\/wp-json\/wp\/v2\/product\/169"}],"collection":[{"href":"https:\/\/entechco.com.vn\/en\/wp-json\/wp\/v2\/product"}],"about":[{"href":"https:\/\/entechco.com.vn\/en\/wp-json\/wp\/v2\/types\/product"}],"replies":[{"embeddable":true,"href":"https:\/\/entechco.com.vn\/en\/wp-json\/wp\/v2\/comments?post=169"}],"wp:featuredmedia":[{"embeddable":true,"href":"https:\/\/entechco.com.vn\/en\/wp-json\/wp\/v2\/media\/2199"}],"wp:attachment":[{"href":"https:\/\/entechco.com.vn\/en\/wp-json\/wp\/v2\/media?parent=169"}],"wp:term":[{"taxonomy":"product_cat","embeddable":true,"href":"https:\/\/entechco.com.vn\/en\/wp-json\/wp\/v2\/product_cat?post=169"},{"taxonomy":"product_tag","embeddable":true,"href":"https:\/\/entechco.com.vn\/en\/wp-json\/wp\/v2\/product_tag?post=169"},{"taxonomy":"yst_prominent_words","embeddable":true,"href":"https:\/\/entechco.com.vn\/en\/wp-json\/wp\/v2\/yst_prominent_words?post=169"}],"curies":[{"name":"wp","href":"https:\/\/api.w.org\/{rel}","templated":true}]}}