{"id":167,"date":"2013-08-10T10:26:25","date_gmt":"2013-08-10T10:26:25","guid":{"rendered":"http:\/\/uxthemes.wpengine.com\/?post_type=product&#038;p=432"},"modified":"2025-07-16T21:08:46","modified_gmt":"2025-07-16T14:08:46","slug":"tui-loc-nylon","status":"publish","type":"product","link":"https:\/\/entechco.com.vn\/en\/product\/tui-loc-nylon\/","title":{"rendered":"Nylon Filter Bag"},"content":{"rendered":"<h1>T\u00fai l\u1ecdc Nylon &#8211; Gi\u1ea3i ph\u00e1p \u0111a d\u1ea1ng cho l\u1ecdc ch\u1ea5t l\u1ecfng trong s\u1ea3n xu\u1ea5t c\u00f4ng nghi\u1ec7p v\u00e0 x\u1eed l\u00fd n\u01b0\u1edbc<\/h1>\n<p>T\u00fai l\u1ecdc nylon \u0111\u01b0\u1ee3c may t\u1eeb <a href=\"https:\/\/entechco.com.vn\/en\/product\/luoi-loc-nylon\/\" target=\"_blank\" rel=\"noopener\"><span style=\"color: #0000ff;\">l\u01b0\u1edbi Nylon<\/span><\/a> ho\u1eb7c l\u01b0\u1edbi Polyester Mesh, v\u1ea3i \u0111\u01b0\u1ee3c d\u1ec7t b\u1edfi c\u00e1c s\u1ee3i Monofilament x monofilament (s\u1ee3i \u0111\u01a1n x s\u1ee3i \u0111\u01a1n), t\u1ea1o m\u1ed9t b\u1ec1 m\u1eb7t l\u01b0\u1edbi mesh cho qu\u00e1 tr\u00ecnh l\u1ecdc.<\/p>\n<p>V\u1eadt li\u1ec7u t\u00fai l\u1ecdc: Nylon, Polyester<\/p>\n<p>C\u1ea5p \u0111\u1ed9 l\u1ecdc 25 micromet &#8211; 2000 micromet; cho vi\u1ec7c \u1ee9ng r\u1ed9ng cho vi\u1ec7c l\u1ecdc theo nhu c\u1ea7u<\/p>\n<p>May theo ti\u00eau chu\u1ea9n to\u00e0n c\u1ea7u Global Standard<\/p>\n<h2><strong><span style=\"text-decoration: underline;\">T\u00fai l\u1ecdc Nylon \u0111\u01b0\u1ee3c may theo k\u00edch th\u01b0\u1edbc ti\u00eau chu\u1ea9n ho\u1eb7c theo y\u00eau c\u1ea7u:<\/span><\/strong><\/h2>\n<p>T\u00fai l\u1ecdc \u0111\u01b0\u1ee3c gia c\u00f4ng theo y\u00eau c\u1ea7u c\u1ee5 th\u1ec3 c\u1ee7a nhu c\u1ea7u l\u1ecdc c\u1ee7a kh\u00e1ch h\u00e0ng.<br \/>\nT\u00fai c\u00f3 d\u00e2y c\u1ed9t v\u00e0o t\u1eebng \u1ed1ng l\u1ecdc.<\/p>\n<p>T\u00fai may theo k\u00edch th\u01b0\u1edbc ti\u00eau chu\u1ea9n size 1; ho\u1eb7c size 2 theo housing.<\/p>\n<p><img decoding=\"async\" loading=\"lazy\" class=\"aligncenter wp-image-2201 size-medium\" src=\"https:\/\/entechco.com.vn\/wp-content\/uploads\/2022\/12\/Tui-loc-nylon-477x400.png\" alt=\"T\u00fai L\u1ecdc Nylon\" width=\"477\" height=\"400\" srcset=\"https:\/\/entechco.com.vn\/wp-content\/uploads\/2022\/12\/Tui-loc-nylon-477x400.png 477w, https:\/\/entechco.com.vn\/wp-content\/uploads\/2022\/12\/Tui-loc-nylon-768x644.png 768w, https:\/\/entechco.com.vn\/wp-content\/uploads\/2022\/12\/Tui-loc-nylon-14x12.png 14w, https:\/\/entechco.com.vn\/wp-content\/uploads\/2022\/12\/Tui-loc-nylon-247x207.png 247w, https:\/\/entechco.com.vn\/wp-content\/uploads\/2022\/12\/Tui-loc-nylon-510x428.png 510w, https:\/\/entechco.com.vn\/wp-content\/uploads\/2022\/12\/Tui-loc-nylon.png 940w\" sizes=\"(max-width: 477px) 100vw, 477px\" \/><\/p>\n<p>T\u00fai l\u1ecdc nylon \u0111\u01b0\u1ee3c \u0111\u1eb7t trong <a href=\"https:\/\/entechco.com.vn\/en\/product-category\/thiet-bi-loc\/loc-chat-long\/cot-loc\/\" target=\"_blank\" rel=\"noopener\"><span style=\"color: #0000ff;\">c\u1ed9t l\u1ecdc housing inox,<\/span><\/a> ho\u1eb7c c\u00f4t l\u1ecdc nh\u1ef1a PP, \u0111\u01b0\u1ee3c h\u1ed7 tr\u1ee3 b\u1edfi m\u1ed9t r\u1ecd kim lo\u1ea1i b\u00ean trong h\u1ec7 th\u1ed1ng l\u1ecdc t\u00fai. <span data-language-for-alternatives=\"vi\" data-language-to-translate-into=\"en\" data-phrase-index=\"2\">The liquid comes out after being filtered by the bag, so the impurities are kept <\/span>in the filter bag.<\/p>\n<p>T\u00fai l\u1ecdc Nylon hay t\u00fai l\u1ecdc l\u01b0\u1edbi PA c\u00f3 \u0111\u1ed9 b\u1ec1n, t\u00e1i s\u1eed d\u1ee5ng nhi\u1ec1u l\u1ea7n b\u1eb1ng c\u00e1ch gi\u1eb7t l\u1ea1i.<\/p>\n<p><span data-language-for-alternatives=\"vi\" data-language-to-translate-into=\"en\" data-phrase-index=\"4\">K\u00edch th\u01b0\u1edbc l\u1ed7 r\u1ed7ng \u0111a d\u1ea1ng v\u1edbi ph\u1ea1m vi r\u1ed9ng. <\/span><\/p>\n<p><span data-language-for-alternatives=\"vi\" data-language-to-translate-into=\"en\" data-phrase-index=\"4\">V\u1edbi t\u00fai c\u00f3 k\u00edch th\u01b0\u1edbc nh\u1ecf nh\u1ecf c\u00f3 th\u1ec3 l\u1ecdc m\u1ed9t l\u01b0\u1ee3ng l\u1edbn ch\u1ea5t l\u1ecfng chay qua.<\/span><\/p>\n<p>The smooth surface of monofilament is easy to clean.<\/p>\n<p>Pressure loss is low and thus flow is not interrupted.<\/p>\n<p><span data-language-for-alternatives=\"vi\" data-language-to-translate-into=\"en\" data-phrase-index=\"4\">The filter system can continue to be used after changing the filter bag.<\/span><\/p>\n<p>Ngo\u00e0i t\u00fai l\u1ecdc nylon ch\u00fang t\u00f4i c\u00f2n cung c\u1ea5p nhi\u1ec1u lo\u1ea1i t\u00fai l\u1ecdc kh\u00e1c: nh\u01b0 <a href=\"https:\/\/entechco.com.vn\/en\/product\/tui-loc-pp\/\" target=\"_blank\" rel=\"noopener\"><span style=\"color: #0000ff;\">t\u00fai l\u1ecdc PP,<\/span><\/a> <a href=\"https:\/\/entechco.com.vn\/en\/product\/tui-loc-octopus\/\" target=\"_blank\" rel=\"noopener\"><span style=\"color: #0000ff;\">t\u00fai l\u1ecdc Octopus<\/span><\/a>, <a href=\"https:\/\/entechco.com.vn\/en\/product\/tui-loc-ly-tam\/\" target=\"_blank\" rel=\"noopener\"><span style=\"color: #0000ff;\">t\u00fai l\u1ecdc ly t\u00e2m\u00a0<\/span><\/a><span style=\"color: #0000ff;\"> \u00a0<span style=\"color: #000000;\">cho c\u00e1c nhu c\u1ea7u l\u1ecdc ch\u1ea5t l\u1ecfng trong c\u00f4ng nghi\u00eap.<\/span><\/span><\/p>","protected":false},"excerpt":{"rendered":"<p>Lorem ipsum dolor sit amet, consectetur adipiscing elit. Vestibulum iaculis massa nec velit commodo lobortis. Quisque diam lacus, tincidunt vitae eros porta, sagittis rhoncus est. Quisque sed justo a erat lobortis gravida.<\/p>","protected":false},"featured_media":2201,"comment_status":"closed","ping_status":"closed","template":"","meta":[],"product_cat":[204,222],"product_tag":[],"yst_prominent_words":[],"_links":{"self":[{"href":"https:\/\/entechco.com.vn\/en\/wp-json\/wp\/v2\/product\/167"}],"collection":[{"href":"https:\/\/entechco.com.vn\/en\/wp-json\/wp\/v2\/product"}],"about":[{"href":"https:\/\/entechco.com.vn\/en\/wp-json\/wp\/v2\/types\/product"}],"replies":[{"embeddable":true,"href":"https:\/\/entechco.com.vn\/en\/wp-json\/wp\/v2\/comments?post=167"}],"wp:featuredmedia":[{"embeddable":true,"href":"https:\/\/entechco.com.vn\/en\/wp-json\/wp\/v2\/media\/2201"}],"wp:attachment":[{"href":"https:\/\/entechco.com.vn\/en\/wp-json\/wp\/v2\/media?parent=167"}],"wp:term":[{"taxonomy":"product_cat","embeddable":true,"href":"https:\/\/entechco.com.vn\/en\/wp-json\/wp\/v2\/product_cat?post=167"},{"taxonomy":"product_tag","embeddable":true,"href":"https:\/\/entechco.com.vn\/en\/wp-json\/wp\/v2\/product_tag?post=167"},{"taxonomy":"yst_prominent_words","embeddable":true,"href":"https:\/\/entechco.com.vn\/en\/wp-json\/wp\/v2\/yst_prominent_words?post=167"}],"curies":[{"name":"wp","href":"https:\/\/api.w.org\/{rel}","templated":true}]}}