{"id":1380,"date":"2021-05-28T13:47:50","date_gmt":"2021-05-28T06:47:50","guid":{"rendered":"http:\/\/entechco.123websitedev.com\/?post_type=product&#038;p=1380"},"modified":"2026-01-28T11:23:11","modified_gmt":"2026-01-28T04:23:11","slug":"loc-rua-tu-dong-filtersafe","status":"publish","type":"product","link":"https:\/\/entechco.com.vn\/en\/product\/loc-rua-tu-dong-filtersafe\/","title":{"rendered":"L\u1eccC R\u1eecA T\u1ef0 \u0110\u1ed8NG FILTERSAFE"},"content":{"rendered":"<p><span style=\"color: #282828;\">Filtersafe l\u00e0 nh\u00e0 s\u1ea3n xu\u1ea5t thi\u1ebft b\u1ecb l\u1ecdc r\u1eeda t\u1ef1 \u0111\u1ed9ng (thi\u1ebft b\u1ecb l\u1ecdc t\u1ef1 l\u00e0m s\u1ea1ch) \u0111\u1ebfn t\u1eeb Israel.\u00a0<\/span><\/p>\n<p><span style=\"color: #282828;\">Thi\u1ebft b\u1ecb l\u1ecdc r\u1eeda t\u1ef1 \u0111\u1ed9ng <a href=\"https:\/\/filtersafe.net\/\">Filtersafe<\/a> Israel \u0111\u01b0\u1ee3c t\u00edch h\u1ee3p c\u00f4ng ngh\u1ec7 hi\u1ec7n \u0111\u1ea1i. C\u00f3 kh\u1ea3 n\u0103ng l\u1ecdc li\u00ean t\u1ee5c v\u00e0 t\u1ef1 r\u1eeda, t\u1ef1 l\u00e0m s\u1ea1ch m\u00e0 kh\u00f4ng b\u1ecb gi\u00e1n \u0111o\u1ea1n.<\/span><\/p>\n<p><span style=\"color: #282828;\">B\u1ed9 l\u1ecdc \u0111\u01b0\u1ee3c thi\u1ebft k\u1ebf v\u1edbi d\u1ea1ng m\u00f4-\u0111un \u0111\u01a1n gi\u1ea3n v\u1edbi c\u1ea5p \u0111\u1ed9 l\u1ecdc t\u1eeb 10 micron tr\u1edf l\u00ean.<\/span><\/p>\n<p><span style=\"color: #282828;\">T\u1ed1c \u0111\u1ed9 d\u00f2ng ch\u1ea3y t\u1eeb 50 &#8211; 5000m<sup>3<\/sup>\/gi\u1edd tr\u00ean m\u1ed9t m\u00f4-\u0111un. <\/span><\/p>\n<p><span style=\"color: #282828;\">V\u1edbi c\u1ea5u h\u00ecnh d\u1ea1ng m\u00f4-\u0111un thi\u1ebft b\u1ecb kh\u00f4ng b\u1ecb gi\u1edbi h\u1ea1n c\u00f4ng su\u1ea5t.<\/span><\/p>\n<p class=\"thin-font\"><span style=\"color: #282828;\">Thi\u1ebft b\u1ecb l\u1ecdc r\u1eeda t\u1ef1 \u0111\u1ed9ng Filtersafe c\u00f3 b\u1ed9 b\u1ec1n cao.<\/span><\/p>\n<p><span style=\"color: #282828;\">Hi\u1ec7u qu\u1ea3 v\u1edbi nh\u1eefng y\u00eau c\u1ea7u l\u1ecdc kh\u1eaft khe nh\u1ea5t.<\/span><\/p>\n<h2 class=\"thin-font\"><span style=\"color: #282828;\"><strong>L\u1ecdc r\u1eeda t\u1ef1 \u0111\u1ed9ng Filtersafe &#8211; C\u00f4ng ngh\u1ec7:<\/strong><\/span><\/h2>\n<p><span style=\"color: #282828;\">Thi\u1ebft b\u1ecb \u0111\u01b0\u1ee3c thi\u1ebft k\u1ebf v\u1edbi c\u01a1 ch\u1ebf l\u1ecdc v\u00e0 r\u1eeda t\u1ef1 \u0111\u1ed9ng.<\/span><\/p>\n<p><span style=\"color: #282828;\">S\u1eed d\u1ee5ng c\u00f4ng ngh\u1ec7 t\u1ef1 l\u00e0m s\u1ea1ch ti\u00ean ti\u1ebfn v\u00e0 \u0111\u1ed9c \u0111\u00e1o <strong>EVER CLEAR. <\/strong><\/span><span style=\"color: #282828;\">\u0110\u01b0\u1ee3c c\u1ea5p b\u1eb1ng s\u00e1ng ch\u1ebf v\u00e0 \u0111\u00e1p \u1ee9ng \u0111\u01b0\u1ee3c nhu c\u1ea7u c\u1ee7a th\u1ecb tr\u01b0\u1eddng.<\/span><\/p>\n<p><span style=\"color: #282828;\"><strong>C\u00f4ng ngh\u1ec7 t\u1ef1 l\u00e0m s\u1ea1ch EVER CLEAR.<\/strong><\/span><\/p>\n<p><span style=\"color: #282828;\"><img decoding=\"async\" loading=\"lazy\" class=\"alignnone wp-image-1375\" src=\"http:\/\/entechco.wesoft.vn\/wp-content\/uploads\/2021\/05\/EverclearTM-800x118.jpg\" alt=\"\" width=\"461\" height=\"68\" srcset=\"https:\/\/entechco.com.vn\/wp-content\/uploads\/2021\/05\/EverclearTM-800x118.jpg 800w, https:\/\/entechco.com.vn\/wp-content\/uploads\/2021\/05\/EverclearTM-768x113.jpg 768w, https:\/\/entechco.com.vn\/wp-content\/uploads\/2021\/05\/EverclearTM-247x36.jpg 247w, https:\/\/entechco.com.vn\/wp-content\/uploads\/2021\/05\/EverclearTM-510x75.jpg 510w, https:\/\/entechco.com.vn\/wp-content\/uploads\/2021\/05\/EverclearTM.jpg 1024w\" sizes=\"(max-width: 461px) 100vw, 461px\" \/><\/span><\/p>\n<h3><span style=\"color: #282828;\"><strong>C\u00e1c b\u01b0\u1edbc l\u00e0m s\u1ea1ch l\u1ecdc r\u1eeda t\u1ef1 \u0111\u1ed9ng.<\/strong><\/span><\/h3>\n<p><span style=\"color: #282828;\">1- L\u01b0\u1edbi l\u1ecdc th\u00f4ng minh SmartWeave b\u1eaby c\u00e1c ch\u1ea5t h\u1eefu c\u01a1 v\u00e0 ch\u1ea5t r\u1eafn l\u01a1 l\u1eedng.<\/span><\/p>\n<p><span style=\"color: #282828;\">2- Khi c\u1eb7n, ch\u1ea5t r\u1eafn \u0111\u01b0\u1ee3c gi\u1eef tr\u00ean l\u01b0\u1edbi \u00e1p ch\u00eanh L\u1ec7ch 0.5 bar. =&gt; s\u1ef1 ch\u00eanh l\u1ec7ch \u00e1p su\u1ea5t gi\u1eefa \u0111\u1ea7u v\u00e0o v\u00e0 \u0111\u1ea7u ra s\u1ebd b\u1eaft \u0111\u1ea7u qu\u00e1 tr\u00ecnh l\u00e0m s\u1ea1ch.<\/span><\/p>\n<p><span style=\"color: #282828;\">3- \u0110\u1ea7u h\u00fat c\u1eb7n Nozzelx s\u1ebd qu\u00e9t to\u00e0n b\u1ed9 b\u1ec1 m\u1eb7t l\u01b0\u1edbi SmartWeave. B\u01b0\u1edbc ti\u1ebfp \u0111\u1ea7u nozzlex h\u00fat c\u1eb7n b\u1ea9n v\u00e0 th\u1ea3i b\u1ecf qua khoang x\u1ea3.<\/span><\/p>\n<p><span style=\"color: #282828;\">4- \u00c1p l\u1ef1c gi\u1ea3m v\u00e0 tr\u1edf v\u1ec1 th\u00f4ng s\u1ed1 ho\u1ea1t \u0111\u1ed9ng ban \u0111\u1ea7u.\u00a0<\/span><\/p>\n<p><span style=\"color: #282828;\"><img decoding=\"async\" loading=\"lazy\" class=\"aligncenter wp-image-1376 size-medium\" title=\"c\u1ea5u tr\u00fac b\u00ean trong l\u1ecdc r\u1eeda t\u1ef1 \u0111\u1ed9ng filtersafe\" src=\"http:\/\/entechco.wesoft.vn\/wp-content\/uploads\/2021\/05\/Everclear-795x400.png\" alt=\"c\u1ea5u tr\u00fac b\u00ean trong l\u1ecdc r\u1eeda t\u1ef1 \u0111\u1ed9ng filtersafe\" width=\"795\" height=\"400\" srcset=\"https:\/\/entechco.com.vn\/wp-content\/uploads\/2021\/05\/Everclear-795x400.png 795w, https:\/\/entechco.com.vn\/wp-content\/uploads\/2021\/05\/Everclear-1400x704.png 1400w, https:\/\/entechco.com.vn\/wp-content\/uploads\/2021\/05\/Everclear-768x386.png 768w, https:\/\/entechco.com.vn\/wp-content\/uploads\/2021\/05\/Everclear-1536x772.png 1536w, https:\/\/entechco.com.vn\/wp-content\/uploads\/2021\/05\/Everclear-247x124.png 247w, https:\/\/entechco.com.vn\/wp-content\/uploads\/2021\/05\/Everclear-510x256.png 510w, https:\/\/entechco.com.vn\/wp-content\/uploads\/2021\/05\/Everclear.png 1720w\" sizes=\"(max-width: 795px) 100vw, 795px\" \/><\/span><\/p>\n<h3><strong><span style=\"color: #282828;\">C\u1ea5u tr\u00fac thi\u1ebft b\u1ecb l\u1ecdc r\u1eeda t\u1ef1 \u0111\u1ed9ng filtersafe<\/span><\/strong><\/h3>\n<p><span style=\"color: #282828;\">N\u01b0\u1edbc th\u00f4 \u0111\u01b0\u1ee3c d\u1eabn \u0111\u1ebfn \u1ed1ng \u0111\u1ea7u v\u00e0o.<\/span><\/p>\n<p><span style=\"color: #282828;\">Qua l\u01b0\u1edbi l\u1ecdc th\u00f4: m\u1ee5c \u0111\u00edch ch\u1eb7n c\u00e1c l\u1edbn<\/span><\/p>\n<p><span style=\"color: #282828;\">Qua khoang l\u1ecdc ch\u00ednh l\u01b0\u1edbi m\u1ecbn h\u01a1n, l\u01b0\u1edbi \u0111\u01b0\u1ee3c b\u1ea3o v\u1ec7 b\u1edfi support v\u00e0 02 l\u1edbp b\u1ea3o v\u1ec7. <\/span><\/p>\n<p><span style=\"color: #282828;\">C\u1ea5p \u0111\u1ed9 l\u1ecdc t\u00f9y v\u00e0o \u1ee9ng d\u1ee5ng 10um, 50um, 100um, 200um, 300um,&#8230;<\/span><\/p>\n<p><span style=\"color: #282828;\">\u0110\u1ea7u h\u00fat c\u1eb7n Nozzlex, s\u1ebd h\u00fat c\u1eb7n v\u00e0 x\u1ea3 b\u1ecf c\u1eb7n.<\/span><\/p>\n<p><span style=\"color: #282828;\">Tr\u1ee5c Xoay: xoay t\u1ecbnh ti\u1ebfn t\u1eeb \u0111\u1ea7u h\u00fat nozzlex n\u00e0y \u0111\u1ebfn \u0111\u1ea7u h\u00fat nozzlex ti\u1ebfp theo. =&gt; do \u0111\u00f3 h\u00fat h\u1ebft \u0111\u01b0\u1ee3c c\u1eb7n tr\u00ean m\u1eb7t l\u01b0\u1edbi.<\/span><\/p>\n<p><span style=\"color: #282828;\">B\u01a1m h\u00fat: Option\/ t\u00f9y ch\u1ecdn.<\/span><\/p>\n<p><span style=\"color: #282828;\"><img decoding=\"async\" loading=\"lazy\" class=\"wp-image-1377 size-medium aligncenter\" title=\"C\u1ea5u tr\u00fac ho\u1ea1t \u0111\u1ed9ng h\u1ec7 l\u1ecdc r\u1eeda t\u1ef1 \u0111\u1ed9ng filtersafe\" src=\"http:\/\/entechco.wesoft.vn\/wp-content\/uploads\/2021\/05\/Nguyen-ly-van-hanh-656x400.png\" alt=\"C\u1ea5u tr\u00fac ho\u1ea1t \u0111\u1ed9ng h\u1ec7 l\u1ecdc r\u1eeda t\u1ef1 \u0111\u1ed9ng filtersafe\" width=\"656\" height=\"400\" srcset=\"https:\/\/entechco.com.vn\/wp-content\/uploads\/2021\/05\/Nguyen-ly-van-hanh-656x400.png 656w, https:\/\/entechco.com.vn\/wp-content\/uploads\/2021\/05\/Nguyen-ly-van-hanh-768x469.png 768w, https:\/\/entechco.com.vn\/wp-content\/uploads\/2021\/05\/Nguyen-ly-van-hanh-247x151.png 247w, https:\/\/entechco.com.vn\/wp-content\/uploads\/2021\/05\/Nguyen-ly-van-hanh-510x311.png 510w, https:\/\/entechco.com.vn\/wp-content\/uploads\/2021\/05\/Nguyen-ly-van-hanh.png 936w\" sizes=\"(max-width: 656px) 100vw, 656px\" \/><\/span><\/p>\n<h3><strong><span style=\"color: #282828;\">Hi\u1ec7u qu\u1ea3 c\u1ee7a l\u1ecdc r\u1eeda t\u1ef1 \u0111\u1ed9ng filtersafe<\/span><\/strong><\/h3>\n<p><span style=\"color: #282828;\">T\u1ef7 l\u1ec7 lo\u1ea1i b\u1ecf TSS v\u00e0 Sinh v\u1eadt ph\u00f9 du &#8211; l\u01b0\u1edbi 40um<\/span><\/p>\n<ul>\n<li><span style=\"color: #282828;\">Lo\u1ea1i b\u1ecf \u0111\u01b0\u1ee3c 50% th\u1ef1c v\u1eadt ph\u00f9 du.<\/span><\/li>\n<li><span style=\"color: #282828;\">Lo\u1ea1i b\u1ecf 96% \u0111\u1ed9ng v\u1eadt ph\u00f9 du.<\/span><\/li>\n<li><span style=\"color: #282828;\">Lo\u1ea1i b\u1ecf 98% ch\u1ea5n r\u1eafn l\u01a1 l\u1eedng TSS.<\/span><\/li>\n<\/ul>\n<p><span style=\"color: #282828;\"><img decoding=\"async\" loading=\"lazy\" class=\"wp-image-1378 aligncenter\" title=\"hi\u1ec7u qu\u1ea3 sau l\u1ecdc r\u1eeda t\u1ef1 \u0111\u1ed9ng filtersafe\" src=\"http:\/\/entechco.wesoft.vn\/wp-content\/uploads\/2021\/05\/Removal-TSS-545x400.png\" alt=\"hi\u1ec7u qu\u1ea3 sau l\u1ecdc r\u1eeda t\u1ef1 \u0111\u1ed9ng filtersafe\" width=\"579\" height=\"425\" srcset=\"https:\/\/entechco.com.vn\/wp-content\/uploads\/2021\/05\/Removal-TSS-545x400.png 545w, https:\/\/entechco.com.vn\/wp-content\/uploads\/2021\/05\/Removal-TSS-768x563.png 768w, https:\/\/entechco.com.vn\/wp-content\/uploads\/2021\/05\/Removal-TSS-247x181.png 247w, https:\/\/entechco.com.vn\/wp-content\/uploads\/2021\/05\/Removal-TSS-510x374.png 510w, https:\/\/entechco.com.vn\/wp-content\/uploads\/2021\/05\/Removal-TSS.png 957w\" sizes=\"(max-width: 579px) 100vw, 579px\" \/><\/span><\/p>","protected":false},"excerpt":{"rendered":"<p>Filtersafe l\u00e0 nh\u00e0 s\u1ea3n xu\u1ea5t thi\u1ebft b\u1ecb l\u1ecdc r\u1eeda t\u1ef1 \u0111\u1ed9ng (thi\u1ebft b\u1ecb l\u1ecdc t\u1ef1 l\u00e0m s\u1ea1ch) \u0111\u1ebfn t\u1eeb Israel.\u00a0 Thi\u1ebft b\u1ecb l\u1ecdc r\u1eeda t\u1ef1 \u0111\u1ed9ng Filtersafe Israel \u0111\u01b0\u1ee3c t\u00edch h\u1ee3p c\u00f4ng ngh\u1ec7 hi\u1ec7n \u0111\u1ea1i. C\u00f3 kh\u1ea3 n\u0103ng l\u1ecdc li\u00ean t\u1ee5c v\u00e0 t\u1ef1 r\u1eeda, t\u1ef1 l\u00e0m s\u1ea1ch m\u00e0 kh\u00f4ng b\u1ecb gi\u00e1n \u0111o\u1ea1n. B\u1ed9 l\u1ecdc \u0111\u01b0\u1ee3c&#8230;<\/p>","protected":false},"featured_media":2178,"comment_status":"open","ping_status":"closed","template":"","meta":[],"product_cat":[85],"product_tag":[],"yst_prominent_words":[],"_links":{"self":[{"href":"https:\/\/entechco.com.vn\/en\/wp-json\/wp\/v2\/product\/1380"}],"collection":[{"href":"https:\/\/entechco.com.vn\/en\/wp-json\/wp\/v2\/product"}],"about":[{"href":"https:\/\/entechco.com.vn\/en\/wp-json\/wp\/v2\/types\/product"}],"replies":[{"embeddable":true,"href":"https:\/\/entechco.com.vn\/en\/wp-json\/wp\/v2\/comments?post=1380"}],"wp:featuredmedia":[{"embeddable":true,"href":"https:\/\/entechco.com.vn\/en\/wp-json\/wp\/v2\/media\/2178"}],"wp:attachment":[{"href":"https:\/\/entechco.com.vn\/en\/wp-json\/wp\/v2\/media?parent=1380"}],"wp:term":[{"taxonomy":"product_cat","embeddable":true,"href":"https:\/\/entechco.com.vn\/en\/wp-json\/wp\/v2\/product_cat?post=1380"},{"taxonomy":"product_tag","embeddable":true,"href":"https:\/\/entechco.com.vn\/en\/wp-json\/wp\/v2\/product_tag?post=1380"},{"taxonomy":"yst_prominent_words","embeddable":true,"href":"https:\/\/entechco.com.vn\/en\/wp-json\/wp\/v2\/yst_prominent_words?post=1380"}],"curies":[{"name":"wp","href":"https:\/\/api.w.org\/{rel}","templated":true}]}}