{"id":1319,"date":"2021-05-25T14:11:33","date_gmt":"2021-05-25T07:11:33","guid":{"rendered":"http:\/\/entechco.123websitedev.com\/?post_type=product&#038;p=1319"},"modified":"2026-01-28T10:53:39","modified_gmt":"2026-01-28T03:53:39","slug":"cot-lam-mem-khu-cung","status":"publish","type":"product","link":"https:\/\/entechco.com.vn\/en\/product\/cot-lam-mem-khu-cung\/","title":{"rendered":"C\u1ed9t L\u00e0m M\u1ec1m, Kh\u1eed C\u1ee9ng"},"content":{"rendered":"<h2>C\u1ed9t L\u00e0m M\u1ec1m Softener, Kh\u1eed C\u1ee9ng<\/h2>\n<p>C\u00f3 r\u1ea5t nhi\u1ec1u ph\u01b0\u01a1ng ph\u00e1p \u0111\u1ec3 l\u00e0m m\u1ec1m n\u01b0\u1edbc v\u00e0 l\u00e0m m\u1ec1m n\u01b0\u1edbc b\u1eb1ng ph\u01b0\u01a1ng ph\u00e1p trao \u0111\u1ed5i ion l\u00e0 ph\u01b0\u01a1ng ph\u00e1p ph\u1ed5 bi\u1ebfn v\u00e0 hi\u1ec7u qu\u1ea3, \u0111\u01b0\u1ee3c \u1ee9ng d\u1ee5ng r\u1ed9ng r\u00e3i nh\u1ea5t hi\u1ec7n nay.<\/p>\n<p>C\u1ed9t l\u00e0m m\u1ec1m, kh\u1eed c\u1ee9ng c\u1ee7a Entechco s\u1eed d\u1ee5ng h\u1ea1t nh\u1ef1a trao \u0111\u1ed5i ion ch\u1ee9a g\u1ed1c Na+ c\u00f3 kh\u1ea3 n\u0103ng l\u00e0m gi\u1ea3m n\u1ed3ng \u0111\u1ed9 ion Ca2+ v\u00e0 Mg2+ c\u00f3 trong n\u01b0\u1edbc c\u1ee9ng.<\/p>\n<p>Trong qu\u00e1 tr\u00ecnh trao \u0111\u1ed5i ion c\u00e1c h\u1ea1t nh\u1ef1a ch\u1ee9a Na2+ s\u1ebd gi\u1eef l\u1ea1i ion Ca2+, Mg2+ qua th\u1eddi gian c\u00e1c h\u1ea1t nh\u1ef1a n\u00e0y s\u1ebd b\u1ecb b\u00e3o h\u00f2a v\u00e0 c\u1ea7n ph\u1ea3i ho\u00e0n nguy\u00ean kho\u00e1ng.<\/p>\n<p>Qu\u00e1 tr\u00ecnh ho\u00e0n nguy\u00ean l\u00e0 qu\u00e1 tr\u00ecnh s\u1eed d\u1ee5ng dung d\u1ecbch mu\u1ed1i &#8220;t\u1ea9y&#8221; c\u00e1c ion Ca2+, Mg2+ ra ngo\u00e0i v\u1eadt li\u1ec7u l\u1ecdc v\u00e0 b\u1ed5 sung ion Na2+ tr\u1edf l\u1ea1i, c\u00e1c h\u1ea1t nh\u1ef1a \u0111\u01b0\u1ee3c t\u00e1i sinh v\u00e0 s\u1eb5n s\u00e0ng cho qu\u00e1 tr\u00ecnh x\u1eed l\u00fd m\u1edbi.<\/p>\n<p>Qu\u00e1 tr\u00ecnh l\u00e0m m\u1ec1m v\u00e0 ho\u00e0n nguy\u00ean \u0111\u01b0\u1ee3c l\u1eb7p l\u1ea1i li\u00ean t\u1ee5c v\u00e0 t\u1ef1 \u0111\u1ed9ng theo h\u1ec7 th\u1ed1ng van \u0111i\u1ec1u khi\u1ec3n \u0111\u00e3 \u0111\u01b0\u1ee3c c\u00e0i \u0111\u1eb7t tr\u01b0\u1edbc \u0111\u00f3.<\/p>\n<p>&nbsp;<\/p>","protected":false},"excerpt":{"rendered":"<p>C\u1ed9t L\u00e0m M\u1ec1m Softener, Kh\u1eed C\u1ee9ng C\u00f3 r\u1ea5t nhi\u1ec1u ph\u01b0\u01a1ng ph\u00e1p \u0111\u1ec3 l\u00e0m m\u1ec1m n\u01b0\u1edbc v\u00e0 l\u00e0m m\u1ec1m n\u01b0\u1edbc b\u1eb1ng ph\u01b0\u01a1ng ph\u00e1p trao \u0111\u1ed5i ion l\u00e0 ph\u01b0\u01a1ng ph\u00e1p ph\u1ed5 bi\u1ebfn v\u00e0 hi\u1ec7u qu\u1ea3, \u0111\u01b0\u1ee3c \u1ee9ng d\u1ee5ng r\u1ed9ng r\u00e3i nh\u1ea5t hi\u1ec7n nay. C\u1ed9t l\u00e0m m\u1ec1m, kh\u1eed c\u1ee9ng c\u1ee7a Entechco s\u1eed d\u1ee5ng h\u1ea1t nh\u1ef1a trao \u0111\u1ed5i ion&#8230;<\/p>","protected":false},"featured_media":2181,"comment_status":"open","ping_status":"closed","template":"","meta":[],"product_cat":[209,84],"product_tag":[],"yst_prominent_words":[],"_links":{"self":[{"href":"https:\/\/entechco.com.vn\/en\/wp-json\/wp\/v2\/product\/1319"}],"collection":[{"href":"https:\/\/entechco.com.vn\/en\/wp-json\/wp\/v2\/product"}],"about":[{"href":"https:\/\/entechco.com.vn\/en\/wp-json\/wp\/v2\/types\/product"}],"replies":[{"embeddable":true,"href":"https:\/\/entechco.com.vn\/en\/wp-json\/wp\/v2\/comments?post=1319"}],"wp:featuredmedia":[{"embeddable":true,"href":"https:\/\/entechco.com.vn\/en\/wp-json\/wp\/v2\/media\/2181"}],"wp:attachment":[{"href":"https:\/\/entechco.com.vn\/en\/wp-json\/wp\/v2\/media?parent=1319"}],"wp:term":[{"taxonomy":"product_cat","embeddable":true,"href":"https:\/\/entechco.com.vn\/en\/wp-json\/wp\/v2\/product_cat?post=1319"},{"taxonomy":"product_tag","embeddable":true,"href":"https:\/\/entechco.com.vn\/en\/wp-json\/wp\/v2\/product_tag?post=1319"},{"taxonomy":"yst_prominent_words","embeddable":true,"href":"https:\/\/entechco.com.vn\/en\/wp-json\/wp\/v2\/yst_prominent_words?post=1319"}],"curies":[{"name":"wp","href":"https:\/\/api.w.org\/{rel}","templated":true}]}}