{"id":1296,"date":"2021-05-17T14:19:53","date_gmt":"2021-05-17T07:19:53","guid":{"rendered":"http:\/\/entechco.123websitedev.com\/?post_type=product&#038;p=1296"},"modified":"2022-12-26T11:50:28","modified_gmt":"2022-12-26T04:50:28","slug":"loc-dia-tu-dong-mayan","status":"publish","type":"product","link":"https:\/\/entechco.com.vn\/en\/product\/loc-dia-tu-dong-mayan\/","title":{"rendered":"L\u1ecdc \u0111\u0129a t\u1ef1 \u0111\u1ed9ng Mayan"},"content":{"rendered":"<p><span style=\"color: #282828;\">Helix Automatic 200 Series, 300 Series<\/span><\/p>\n<h2><span style=\"color: #282828;\">L\u1ecdc \u0111\u0129a t\u1ef1 \u0111\u1ed9ng Mayan &#8211; Hexlix Auto 200, 300 Series<\/span><\/h2>\n<p><span style=\"color: #282828;\">Modular automatic disc filter system with self-cleaning mechanism.<\/span><\/p>\n<p><span style=\"color: #282828;\">Thi\u1ebft b\u1ecb t\u1ef1 l\u00e0m s\u1ea1ch trong d\u00f2ng Azud Helix Automatic c\u00f3 v\u1edbi van 2 inch (200 Series) ho\u1eb7c van 3\u00a0 (300 Series).<\/span><\/p>\n<p><span style=\"color: #282828;\">H\u1ec7 Helix t\u1ed1i \u01b0u h\u00f3a hi\u1ec7u su\u1ea5t v\u00e0 ti\u1ebft ki\u1ec7m n\u0103ng l\u01b0\u1ee3ng<\/span><\/p>\n<p><span style=\"color: #282828;\">Gi\u1ea3m thi\u1ec3u t\u1ea7n su\u1ea5t r\u1eeda ng\u01b0\u1ee3c, do \u0111\u00f3 ti\u1ebft ki\u1ec7m n\u01b0\u1edbc.<\/span><\/p>\n<p><span style=\"color: #282828;\">Thi\u1ebft k\u1ebf \u0111\u01b0\u1ee3c c\u1ea5p b\u1eb1ng s\u00e1ng ch\u1ebf v\u00e0 Ch\u1ea5t l\u01b0\u1ee3ng v\u1eadt li\u1ec7u t\u1ed1t \u0111\u01b0\u1ee3c s\u1eed d\u1ee5ng trong s\u1ea3n xu\u1ea5t \u0111\u1ea3m b\u1ea3o an to\u00e0n.<\/span><\/p>\n<p><span style=\"color: #282828;\">Tu\u1ed5i th\u1ecd cao v\u1edbi kh\u1ea3 n\u0103ng ch\u1ed1ng ch\u1ecbu t\u1ed1t.<\/span><\/p>\n<p><span style=\"color: #282828;\">Modular configurations are suitable for customers to choose from or fit into the available space.<\/span><\/p>\n<p><span style=\"color: #282828;\">C\u00e1c l\u1ef1a ch\u1ecdn \u0111\u1eb7c bi\u1ec7t c\u00f3 s\u1eb5n cho c\u00e1c \u0111i\u1ec1u ki\u1ec7n \u00e1p su\u1ea5t (th\u1ea5p, cao) v\u00e0 \u0111i\u1ec1u ki\u1ec7n n\u01b0\u1edbc nh\u01b0:<\/span><\/p>\n<ul>\n<li><span style=\"color: #282828;\">N\u01b0\u1edbc bi\u1ec3n ho\u1eb7c n\u01b0\u1edbc nhi\u1ec5m m\u1eb7n.<\/span><\/li>\n<li><span style=\"color: #282828;\">N\u01b0\u1edbc sinh ho\u1ea1t\u00a0<\/span><\/li>\n<li><span style=\"color: #282828;\">N\u01b0\u1edbc c\u00f3 t\u00ednh axit.<\/span><\/li>\n<\/ul>\n<p><span style=\"color: #282828;\">C\u00f3 th\u1ec3 th\u1ef1c hi\u1ec7n r\u1eeda ng\u01b0\u1ee3c b\u1eb1ng kh\u00ed n\u00e9n, gi\u1ea3m thi\u1ec3u th\u1ea5t tho\u00e1t n\u01b0\u1edbc trong qu\u00e1 tr\u00ecnh r\u1eeda ng\u01b0\u1ee3c.<\/span><\/p>\n<p><span style=\"color: #282828;\">C\u1ea5u tr\u00fac \u0111\u0129a Helix c\u00f3 kh\u1ea3 n\u0103ng b\u1eaby \u0111\u01b0\u1ee3c c\u1eb7n t\u1ed1t \u0111\u00f3 l\u00e0 l\u00fd do l\u1ecdc \u0111\u0129a t\u1ef1 \u0111\u00f4ng Mayan ch\u1ecdn \u0111\u0129a Helix.<\/span><\/p>","protected":false},"excerpt":{"rendered":"<p>Helix Automatic 200 Series, 300 Series L\u1ecdc \u0111\u0129a t\u1ef1 \u0111\u1ed9ng Mayan &#8211; Hexlix Auto 200, 300 Series H\u1ec7 th\u1ed1ng l\u1ecdc \u0111\u0129a t\u1ef1 \u0111\u1ed9ng ki\u1ec3u m\u00f4-\u0111un v\u1edbi c\u01a1 ch\u1ebf t\u1ef1 l\u00e0m s\u1ea1ch. Thi\u1ebft b\u1ecb t\u1ef1 l\u00e0m s\u1ea1ch trong d\u00f2ng Azud Helix Automatic c\u00f3 v\u1edbi van 2 inch (200 Series) ho\u1eb7c van 3\u00a0 (300 Series). H\u1ec7 Helix&#8230;<\/p>","protected":false},"featured_media":2183,"comment_status":"open","ping_status":"closed","template":"","meta":[],"product_cat":[209,83],"product_tag":[],"yst_prominent_words":[],"_links":{"self":[{"href":"https:\/\/entechco.com.vn\/en\/wp-json\/wp\/v2\/product\/1296"}],"collection":[{"href":"https:\/\/entechco.com.vn\/en\/wp-json\/wp\/v2\/product"}],"about":[{"href":"https:\/\/entechco.com.vn\/en\/wp-json\/wp\/v2\/types\/product"}],"replies":[{"embeddable":true,"href":"https:\/\/entechco.com.vn\/en\/wp-json\/wp\/v2\/comments?post=1296"}],"wp:featuredmedia":[{"embeddable":true,"href":"https:\/\/entechco.com.vn\/en\/wp-json\/wp\/v2\/media\/2183"}],"wp:attachment":[{"href":"https:\/\/entechco.com.vn\/en\/wp-json\/wp\/v2\/media?parent=1296"}],"wp:term":[{"taxonomy":"product_cat","embeddable":true,"href":"https:\/\/entechco.com.vn\/en\/wp-json\/wp\/v2\/product_cat?post=1296"},{"taxonomy":"product_tag","embeddable":true,"href":"https:\/\/entechco.com.vn\/en\/wp-json\/wp\/v2\/product_tag?post=1296"},{"taxonomy":"yst_prominent_words","embeddable":true,"href":"https:\/\/entechco.com.vn\/en\/wp-json\/wp\/v2\/yst_prominent_words?post=1296"}],"curies":[{"name":"wp","href":"https:\/\/api.w.org\/{rel}","templated":true}]}}