{"id":1289,"date":"2021-05-15T22:13:02","date_gmt":"2021-05-15T15:13:02","guid":{"rendered":"http:\/\/entechco.123websitedev.com\/?post_type=product&#038;p=1289"},"modified":"2022-12-26T11:51:22","modified_gmt":"2022-12-26T04:51:22","slug":"cot-loc-cho-tui-loc-don","status":"publish","type":"product","link":"https:\/\/entechco.com.vn\/en\/product\/cot-loc-cho-tui-loc-don\/","title":{"rendered":"C\u1ed9t l\u1ecdc cho t\u00fai l\u1ecdc (\u0111\u01a1n)"},"content":{"rendered":"<h1>Filter column for filter cartridge (single)\/ single bag filter Housing<\/h1>\n<p><img decoding=\"async\" loading=\"lazy\" class=\"size-full wp-image-1291 aligncenter\" src=\"http:\/\/entechco.wesoft.vn\/wp-content\/uploads\/2021\/05\/housing-single-filter-bag-1.png\" alt=\"\" width=\"467\" height=\"281\" srcset=\"https:\/\/entechco.com.vn\/wp-content\/uploads\/2021\/05\/housing-single-filter-bag-1.png 467w, https:\/\/entechco.com.vn\/wp-content\/uploads\/2021\/05\/housing-single-filter-bag-1-247x149.png 247w\" sizes=\"(max-width: 467px) 100vw, 467px\" \/><\/p>\n<p>Design pressure: P.15 kg\/cm\u00b2,<\/p>\n<p>\u00c1p ho\u1ea1t \u0111\u1ed9ng P. 10kg\/cm\u00b2<\/p>\n<p>Design temperature T. 100\u02daC;<\/p>\n<p>Nhi\u1ec7t \u0111\u1ed9 ho\u1ea1t \u0111\u1ed9ng T. 75\u02daC<\/p>\n<p>Material\uff1aSS304, SS316, SS316L<\/p>\n<p>O-ring\uff1aEPDM\/ VITON\/ NBR\/ SILICONE\/ TEFLON+VITON<\/p>\n<p>Surface treatment: acid washing, polishing, powder coating,..<\/p>","protected":false},"excerpt":{"rendered":"<p>C\u1ed9t l\u1ecdc cho tui l\u1ecdc (\u0111\u01a1n)\/ single bag filter Housing \u00c1p l\u1ef1c thi\u1ebft k\u1ebf: P.15 kg\/cm\u00b2, \u00c1p ho\u1ea1t \u0111\u1ed9ng P. 10kg\/cm\u00b2 Nhi\u1ec7t \u0111\u1ed9 thi\u1ebft k\u1ebf T. 100\u02daC; Nhi\u1ec7t \u0111\u1ed9 ho\u1ea1t \u0111\u1ed9ng T. 75\u02daC V\u1eadt li\u1ec7u\uff1aSS304, SS316, SS316L O-ring\uff1aEPDM\/ VITON\/ NBR\/ SILICONE\/\u00a0TEFLON+VITON X\u1eed l\u00fd b\u1ec1 m\u1eb7t: r\u1eeda acid, \u0111\u00e1nh b\u00f3ng, s\u01a1n t\u0129nh \u0111i\u1ec7n,..<\/p>","protected":false},"featured_media":2184,"comment_status":"open","ping_status":"closed","template":"","meta":[],"product_cat":[238],"product_tag":[],"yst_prominent_words":[],"_links":{"self":[{"href":"https:\/\/entechco.com.vn\/en\/wp-json\/wp\/v2\/product\/1289"}],"collection":[{"href":"https:\/\/entechco.com.vn\/en\/wp-json\/wp\/v2\/product"}],"about":[{"href":"https:\/\/entechco.com.vn\/en\/wp-json\/wp\/v2\/types\/product"}],"replies":[{"embeddable":true,"href":"https:\/\/entechco.com.vn\/en\/wp-json\/wp\/v2\/comments?post=1289"}],"wp:featuredmedia":[{"embeddable":true,"href":"https:\/\/entechco.com.vn\/en\/wp-json\/wp\/v2\/media\/2184"}],"wp:attachment":[{"href":"https:\/\/entechco.com.vn\/en\/wp-json\/wp\/v2\/media?parent=1289"}],"wp:term":[{"taxonomy":"product_cat","embeddable":true,"href":"https:\/\/entechco.com.vn\/en\/wp-json\/wp\/v2\/product_cat?post=1289"},{"taxonomy":"product_tag","embeddable":true,"href":"https:\/\/entechco.com.vn\/en\/wp-json\/wp\/v2\/product_tag?post=1289"},{"taxonomy":"yst_prominent_words","embeddable":true,"href":"https:\/\/entechco.com.vn\/en\/wp-json\/wp\/v2\/yst_prominent_words?post=1289"}],"curies":[{"name":"wp","href":"https:\/\/api.w.org\/{rel}","templated":true}]}}