{"id":1280,"date":"2021-05-15T10:53:17","date_gmt":"2021-05-15T03:53:17","guid":{"rendered":"http:\/\/entechco.123websitedev.com\/?post_type=product&#038;p=1280"},"modified":"2026-01-28T08:57:53","modified_gmt":"2026-01-28T01:57:53","slug":"he-ro-xu-ly-nuoc-nhiem-man","status":"publish","type":"product","link":"https:\/\/entechco.com.vn\/en\/product\/he-ro-xu-ly-nuoc-nhiem-man\/","title":{"rendered":"RO system to treat saline water"},"content":{"rendered":"<h1><strong>RO system to treat saline water<\/strong><\/h1>\n<p>RB series with capacity: 1,500 \u2013 6,000 GPD (250 liters\/hour \u2013 1,000 liters\/hour)<\/p>\n<p>Input TDS &lt;= 10,000 ppm<\/p>\n<p>The system is compact and beautiful, easy to install<\/p>\n<p>High water intake rate, reducing operating and maintenance costs.<\/p>\n<p>H\u1ec7 RO x\u1eed l\u00fd n\u01b0\u1edbc nhi\u1ec5m m\u1eb7n t\u00edch h\u1ee3p b\u1ed9 \u0111i\u1ec1u CTM controler nh\u1ecf g\u1ecdn<\/p>\n<p>N\u01b0\u1edbc \u0111\u1ea7u v\u00e0o qua l\u1ecdc c\u1eb7n 5um-10um nh\u1eb1m l\u1ecdc c\u1eb7n b\u1ea3o v\u1ec7 b\u01a1m v\u00e0 m\u00e0ng RO<\/p>\n<p>N\u01b0\u1edbc \u0111\u01b0\u1ee3c b\u01a1m qua b\u1ed9 m\u00e0ng RO (RO x\u1eed l\u00fd n\u01b0\u1edbc nhi\u1ec5m m\u1eb7n)<\/p>\n<p>N\u01b0\u1edbc sau m\u00e0ng RO c\u00f3 02 d\u00f2ng \u0111\u01b0\u1ee3c \u0111i\u1ec3u ch\u1ec9nh van \u0111i\u1ec1u khi\u1ec3n l\u01b0u l\u01b0\u1ee3ng<\/p>\n<ul>\n<li>D\u00f2ng n\u01b0\u1edbc s\u1ea3n ph\u1ea9m (c\u00f3 th\u1ec3 \u0111\u1ecdc l\u01b0u l\u01b0\u1ee3ng tr\u00ean flow meter)<\/li>\n<li>D\u00f2ng n\u01b0\u1edbc th\u1ea3i (c\u00f3 th\u1ec3 \u0111\u1ecdc l\u01b0u l\u01b0\u1ee3ng tr\u00ean flow meter)<\/li>\n<\/ul>\n<p>M\u00e0n h\u00ecnh th\u1ec3 hi\u1ec7n th\u00f4ng th\u00f4ng s\u1ed1 ch\u1ea5t l\u01b0\u1ee3ng n\u01b0\u1edbc TDS ppm.<\/p>","protected":false},"excerpt":{"rendered":"<p>H\u1ec7 RO x\u1eed l\u00fd n\u01b0\u1edbc nhi\u1ec5m m\u1eb7n RB series v\u1edbi c\u00f4ng su\u1ea5t: 1.500 \u2013 6.000 GPD (250 lit\/gi\u1edd \u2013 1.000 lit\/gi\u1edd) TDS \u0111\u1ea7u v\u00e0o &lt;= 10,000 ppm H\u1ec7 \u0111\u01b0\u1ee3c thi\u1ebft k\u1ebf nh\u1ecf g\u1ecdn v\u00e0 \u0111\u1eb9p l\u1eafp \u0111\u1eb7t d\u1ec5 d\u00e0ng T\u1ef7 l\u1ec7 l\u1ea5y n\u01b0\u1edbc cao, gi\u1ea3m chi ph\u00ed v\u1eadn h\u00e0nh, chi ph\u00ed b\u1ea3o d\u01b0\u1ee1ng. H\u1ec7 RO&#8230;<\/p>","protected":false},"featured_media":2187,"comment_status":"open","ping_status":"closed","template":"","meta":[],"product_cat":[81,86],"product_tag":[],"yst_prominent_words":[],"_links":{"self":[{"href":"https:\/\/entechco.com.vn\/en\/wp-json\/wp\/v2\/product\/1280"}],"collection":[{"href":"https:\/\/entechco.com.vn\/en\/wp-json\/wp\/v2\/product"}],"about":[{"href":"https:\/\/entechco.com.vn\/en\/wp-json\/wp\/v2\/types\/product"}],"replies":[{"embeddable":true,"href":"https:\/\/entechco.com.vn\/en\/wp-json\/wp\/v2\/comments?post=1280"}],"wp:featuredmedia":[{"embeddable":true,"href":"https:\/\/entechco.com.vn\/en\/wp-json\/wp\/v2\/media\/2187"}],"wp:attachment":[{"href":"https:\/\/entechco.com.vn\/en\/wp-json\/wp\/v2\/media?parent=1280"}],"wp:term":[{"taxonomy":"product_cat","embeddable":true,"href":"https:\/\/entechco.com.vn\/en\/wp-json\/wp\/v2\/product_cat?post=1280"},{"taxonomy":"product_tag","embeddable":true,"href":"https:\/\/entechco.com.vn\/en\/wp-json\/wp\/v2\/product_tag?post=1280"},{"taxonomy":"yst_prominent_words","embeddable":true,"href":"https:\/\/entechco.com.vn\/en\/wp-json\/wp\/v2\/yst_prominent_words?post=1280"}],"curies":[{"name":"wp","href":"https:\/\/api.w.org\/{rel}","templated":true}]}}