{"id":1183,"date":"2021-03-23T09:31:44","date_gmt":"2021-03-23T09:31:44","guid":{"rendered":"http:\/\/entechco.123websitedev.com\/?post_type=product&#038;p=1183"},"modified":"2026-01-28T10:31:08","modified_gmt":"2026-01-28T03:31:08","slug":"bang-tai-ep","status":"publish","type":"product","link":"https:\/\/entechco.com.vn\/en\/product\/bang-tai-ep\/","title":{"rendered":"B\u0102NG T\u1ea2I \u00c9P POLYESTER"},"content":{"rendered":"<h2><span style=\"color: #282828;\">B\u0103ng t\u1ea3i \u00e9p Polyester<\/span><\/h2>\n<p><span style=\"color: #282828;\">B\u0103ng t\u1ea3i \u00e9p \u0111\u01b0\u1ee3c d\u1ec7t t\u1eeb b\u0103ng s\u1ee3i Polyester\u00a0 ti\u1ebfng anh BELT PRESS DEWATERING \u0111\u01b0\u1ee3c d\u00f9ng ch\u1ee7 y\u1ebfu \u0111\u1ec3 \u00e9p tr\u00e1i c\u00e2y, \u00e9p b\u00f9n, b\u1ed9t gi\u1ea5y, kho\u00e1n s\u1ea3n, g\u1ed7,&#8230;<\/span><\/p>\n<p><span style=\"color: #282828;\">\u0110\u1eb7c t\u00ednh t\u00e1ch n\u01b0\u1edbc t\u1ed1t, tho\u00e1ng kh\u00ed, gi\u1eef \u0111\u01b0\u1ee3c b\u00e3 t\u1ed1t, ch\u1ecbu \u0111\u01b0\u1ee3c m\u00f4i tr\u01b0\u1eddng.<\/span><\/p>\n<p><span style=\"color: #282828;\">B\u0103ng t\u1ea3i \u00e9p \u0111\u01b0\u1ee3c thi\u1ebft k\u1ebf v\u1edbi \u0111\u1ed9 tho\u00e1ng kh\u00ed \u0111a d\u1ea1ng ti\u1ec7n cho t\u00e1ch n\u01b0\u1edbc v\u00e0 b\u00e3, d\u1ec5 d\u00e0ng cho vi\u1ec7c l\u00e0m s\u1ea1ch.<\/span><\/p>\n<p><span style=\"color: #282828;\">H\u00e0ng \u0111\u1ea1t ch\u1ee9ng nh\u1eadn an to\u00e0n th\u1ef1c ph\u1ea9m, d\u00f9ng \u0111\u01b0\u1ee3c cho th\u1ef1c ph\u1ea9m.<\/span><\/p>\n<h2><span style=\"color: #282828;\">C\u01a1 ch\u1ebf ho\u1ea1t \u0111\u1ed9ng B\u0103ng t\u1ea3i \u00e9p Polyester<\/span><\/h2>\n<p><span style=\"color: #282828;\">\u0110\u01b0\u1ee3c l\u1eafp v\u00e0o m\u00e1y \u00e9p b\u0103ng t\u1ea3i.<\/span><\/p>\n<h3><span style=\"color: #282828;\">M\u00e1y c\u00f3 02 b\u0103ng t\u1ea3i<\/span><\/h3>\n<p><span style=\"color: #282828;\">+ 01 b\u0103ng t\u1ea3i tr\u00ean.<\/span><\/p>\n<p><span style=\"color: #282828;\">+ 01 b\u0103ng t\u1ea3i d\u01b0\u1edbi.<\/span><\/p>\n<p><span style=\"color: #282828;\">02 b\u0103ng t\u1ea3i n\u00e0y s\u1ebd ch\u1ea1y v\u00e0 \u00e9p v\u00e0o nhau nh\u1edd h\u1ec7 Ruro \u0111\u01b0\u1ee3c l\u1eafp s\u1eb5n tr\u00ean m\u00e1y, c\u00e1c dung d\u1ecbch c\u1ea7n \u00e9p nh\u01b0 t\u00e1i c\u00e2y, b\u00f9n,.. \u0111\u01b0\u1ee3c \u00e9p v\u00e0 v\u1eaft t\u1ea1i c\u00e1c \u0111i\u1ec3m ti\u1ebfp x\u00fac n\u00e0y.<\/span><\/p>\n<p><span style=\"color: #282828;\">N\u01b0\u1edbc t\u00e1ch ra ch\u1ea3y xu\u1ed1ng.\u00a0<\/span><\/p>\n<p><span style=\"color: #282828;\">C\u1eb7n b\u00e3 s\u1ebd \u0111\u01b0\u1ee3c b\u0103ng t\u1ea3i truy\u1ec1n \u0111\u1ebfn v\u1ecb tr\u00ed thu b\u00e3.\u00a0<\/span><\/p>\n<p><span style=\"color: #282828;\">\u0110\u01b0\u1ee3c th\u1ec3 hi\u1ec7n theo h\u00ecnh b\u00ean d\u01b0\u1edbi.<\/span><\/p>\n<p><span style=\"color: #282828;\"><img decoding=\"async\" loading=\"lazy\" class=\"size-full wp-image-1742 aligncenter\" src=\"http:\/\/entechco.wesoft.vn\/wp-content\/uploads\/2021\/03\/Bang-tai-ep-polyester-1.png\" alt=\"\" width=\"427\" height=\"286\" srcset=\"https:\/\/entechco.com.vn\/wp-content\/uploads\/2021\/03\/Bang-tai-ep-polyester-1.png 427w, https:\/\/entechco.com.vn\/wp-content\/uploads\/2021\/03\/Bang-tai-ep-polyester-1-16x12.png 16w, https:\/\/entechco.com.vn\/wp-content\/uploads\/2021\/03\/Bang-tai-ep-polyester-1-247x165.png 247w\" sizes=\"(max-width: 427px) 100vw, 427px\" \/><\/span><\/p>\n<h4 style=\"text-align: center;\"><span style=\"color: #282828;\">H\u00ecnh: c\u01a1 ch\u1ebf \u00e9p b\u0103ng t\u1ea3i<\/span><\/h4>\n<h2><span style=\"color: #282828;\">L\u1ee3i \u00edch B\u0103ng t\u1ea3i \u00e9p Polyester<\/span><\/h2>\n<p><span style=\"color: #282828;\">+ D\u1ec5 d\u00e0ng l\u1eafp \u0111\u1eb7t<\/span><\/p>\n<p><span style=\"color: #282828;\">+ B\u1ec1 m\u1eb7t nh\u1eb5n<\/span><\/p>\n<p><span style=\"color: #282828;\">+ Ch\u1ea1y \u1ed5n \u0111\u1ecbnh, tu\u1ed5i th\u1ecd l\u00e2u d\u00e0i, \u0111\u1ed9 b\u1ec1n cao.<\/span><\/p>\n<p><span style=\"color: #282828;\">+ Gi\u1eef b\u00e3 v\u00e0 t\u00e1ch n\u01b0\u1edbc hi\u1ec7u qu\u1ea3.<\/span><\/p>","protected":false},"excerpt":{"rendered":"<p>B\u0103ng t\u1ea3i \u00e9p Polyester B\u0103ng t\u1ea3i \u00e9p \u0111\u01b0\u1ee3c d\u1ec7t t\u1eeb b\u0103ng s\u1ee3i Polyester\u00a0 ti\u1ebfng anh BELT PRESS DEWATERING \u0111\u01b0\u1ee3c d\u00f9ng ch\u1ee7 y\u1ebfu \u0111\u1ec3 \u00e9p tr\u00e1i c\u00e2y, \u00e9p b\u00f9n, b\u1ed9t gi\u1ea5y, kho\u00e1n s\u1ea3n, g\u1ed7,&#8230; \u0110\u1eb7c t\u00ednh t\u00e1ch n\u01b0\u1edbc t\u1ed1t, tho\u00e1ng kh\u00ed, gi\u1eef \u0111\u01b0\u1ee3c b\u00e3 t\u1ed1t, ch\u1ecbu \u0111\u01b0\u1ee3c m\u00f4i tr\u01b0\u1eddng. B\u0103ng t\u1ea3i \u00e9p \u0111\u01b0\u1ee3c thi\u1ebft k\u1ebf v\u1edbi&#8230;<\/p>","protected":false},"featured_media":2190,"comment_status":"open","ping_status":"closed","template":"","meta":[],"product_cat":[204,79],"product_tag":[],"yst_prominent_words":[],"_links":{"self":[{"href":"https:\/\/entechco.com.vn\/en\/wp-json\/wp\/v2\/product\/1183"}],"collection":[{"href":"https:\/\/entechco.com.vn\/en\/wp-json\/wp\/v2\/product"}],"about":[{"href":"https:\/\/entechco.com.vn\/en\/wp-json\/wp\/v2\/types\/product"}],"replies":[{"embeddable":true,"href":"https:\/\/entechco.com.vn\/en\/wp-json\/wp\/v2\/comments?post=1183"}],"wp:featuredmedia":[{"embeddable":true,"href":"https:\/\/entechco.com.vn\/en\/wp-json\/wp\/v2\/media\/2190"}],"wp:attachment":[{"href":"https:\/\/entechco.com.vn\/en\/wp-json\/wp\/v2\/media?parent=1183"}],"wp:term":[{"taxonomy":"product_cat","embeddable":true,"href":"https:\/\/entechco.com.vn\/en\/wp-json\/wp\/v2\/product_cat?post=1183"},{"taxonomy":"product_tag","embeddable":true,"href":"https:\/\/entechco.com.vn\/en\/wp-json\/wp\/v2\/product_tag?post=1183"},{"taxonomy":"yst_prominent_words","embeddable":true,"href":"https:\/\/entechco.com.vn\/en\/wp-json\/wp\/v2\/yst_prominent_words?post=1183"}],"curies":[{"name":"wp","href":"https:\/\/api.w.org\/{rel}","templated":true}]}}