{"id":815,"date":"2021-03-04T09:00:38","date_gmt":"2021-03-04T09:00:38","guid":{"rendered":"http:\/\/entechco.123websitedev.com\/?page_id=815"},"modified":"2021-07-06T14:09:45","modified_gmt":"2021-07-06T07:09:45","slug":"du-an","status":"publish","type":"page","link":"https:\/\/entechco.com.vn\/en\/du-an\/","title":{"rendered":"Projects"},"content":{"rendered":"<div class=\"row\"  id=\"row-2143089138\">\n\n\t<div id=\"col-189952661\" class=\"col small-12 large-12\"  >\n\t\t\t\t<div class=\"col-inner\"  >\n\t\t\t\n\t\t\t    <div class=\"row large-columns-3 medium-columns-1 small-columns-1\">\n        \n            <div class=\"col post-item\">\n                <div class=\"col-inner\">\n                    <a href=\"https:\/\/entechco.com.vn\/en\/duan\/nha-may-thep-ns-bluescope-vietnam\/\" class=\"plain\">\n                        <div class=\"box box-normal box-text-bottom box-blog-post has-hover\">\n                            <div class=\"box-image\">\n                                <div class=\"image-cover\" style=\"padding-top:56%;\">\n                                    <img width=\"800\" height=\"454\" src=\"https:\/\/entechco.com.vn\/wp-content\/uploads\/2024\/05\/bluescope_BHTC.jpg\" class=\"img-responsive w-100\" alt=\"Bluescope Bhtc\" decoding=\"async\" loading=\"lazy\" srcset=\"https:\/\/entechco.com.vn\/wp-content\/uploads\/2024\/05\/bluescope_BHTC.jpg 800w, https:\/\/entechco.com.vn\/wp-content\/uploads\/2024\/05\/bluescope_BHTC-705x400.jpg 705w, https:\/\/entechco.com.vn\/wp-content\/uploads\/2024\/05\/bluescope_BHTC-768x436.jpg 768w, https:\/\/entechco.com.vn\/wp-content\/uploads\/2024\/05\/bluescope_BHTC-18x10.jpg 18w, https:\/\/entechco.com.vn\/wp-content\/uploads\/2024\/05\/bluescope_BHTC-247x140.jpg 247w, https:\/\/entechco.com.vn\/wp-content\/uploads\/2024\/05\/bluescope_BHTC-510x289.jpg 510w\" sizes=\"(max-width: 800px) 100vw, 800px\" \/>                                <\/div>\n                            <\/div><!-- .box-image -->\n                            <div class=\"box-text text-center\">\n                                <div class=\"box-text-inner blog-post-inner\">\n                                    <h5 class=\"post-title is-large\">NH\u00c0 M\u00c1Y TH\u00c9P NS BLUESCOPE Vietnam<\/h5>\n                                    <div class=\"is-divider\"><\/div>\n                                <\/div><!-- .box-text-inner -->\n                            <\/div><!-- .box-text -->\n                        <\/div><!-- .box -->\n                    <\/a><!-- .link -->\n                <\/div><!-- .col-inner -->\n            <\/div><!-- .col -->\n            \n            <div class=\"col post-item\">\n                <div class=\"col-inner\">\n                    <a href=\"https:\/\/entechco.com.vn\/en\/duan\/xu-ly-nuoc-thai-trung-tam-khiem-nghiep-duoc-pham\/\" class=\"plain\">\n                        <div class=\"box box-normal box-text-bottom box-blog-post has-hover\">\n                            <div class=\"box-image\">\n                                <div class=\"image-cover\" style=\"padding-top:56%;\">\n                                    <img width=\"1000\" height=\"750\" src=\"https:\/\/entechco.com.vn\/wp-content\/uploads\/2024\/05\/2023-05-12.jpg\" class=\"img-responsive w-100\" alt=\"2023 05 12\" decoding=\"async\" loading=\"lazy\" srcset=\"https:\/\/entechco.com.vn\/wp-content\/uploads\/2024\/05\/2023-05-12.jpg 1360w, https:\/\/entechco.com.vn\/wp-content\/uploads\/2024\/05\/2023-05-12-533x400.jpg 533w, https:\/\/entechco.com.vn\/wp-content\/uploads\/2024\/05\/2023-05-12-1067x800.jpg 1067w, https:\/\/entechco.com.vn\/wp-content\/uploads\/2024\/05\/2023-05-12-768x576.jpg 768w, https:\/\/entechco.com.vn\/wp-content\/uploads\/2024\/05\/2023-05-12-16x12.jpg 16w, https:\/\/entechco.com.vn\/wp-content\/uploads\/2024\/05\/2023-05-12-247x185.jpg 247w, https:\/\/entechco.com.vn\/wp-content\/uploads\/2024\/05\/2023-05-12-510x383.jpg 510w\" sizes=\"(max-width: 1000px) 100vw, 1000px\" \/>                                <\/div>\n                            <\/div><!-- .box-image -->\n                            <div class=\"box-text text-center\">\n                                <div class=\"box-text-inner blog-post-inner\">\n                                    <h5 class=\"post-title is-large\">Trung T\u00e2m Ki\u1ec3m Nghi\u1ec7m D\u01b0\u1ee3c Ph\u1ea9m, Th\u1ef1c Ph\u1ea9m, M\u1ef9 Ph\u1ea9m t\u1ec9nh An Giang<\/h5>\n                                    <div class=\"is-divider\"><\/div>\n                                <\/div><!-- .box-text-inner -->\n                            <\/div><!-- .box-text -->\n                        <\/div><!-- .box -->\n                    <\/a><!-- .link -->\n                <\/div><!-- .col-inner -->\n            <\/div><!-- .col -->\n            \n            <div class=\"col post-item\">\n                <div class=\"col-inner\">\n                    <a href=\"https:\/\/entechco.com.vn\/en\/duan\/trung-tam-y-te-dong-nai\/\" class=\"plain\">\n                        <div class=\"box box-normal box-text-bottom box-blog-post has-hover\">\n                            <div class=\"box-image\">\n                                <div class=\"image-cover\" style=\"padding-top:56%;\">\n                                    <img width=\"591\" height=\"443\" src=\"https:\/\/entechco.com.vn\/wp-content\/uploads\/2021\/10\/Trung-tam-y-te-Dong-Nai.jpg\" class=\"img-responsive w-100\" alt=\"\" decoding=\"async\" loading=\"lazy\" srcset=\"https:\/\/entechco.com.vn\/wp-content\/uploads\/2021\/10\/Trung-tam-y-te-Dong-Nai.jpg 591w, https:\/\/entechco.com.vn\/wp-content\/uploads\/2021\/10\/Trung-tam-y-te-Dong-Nai-534x400.jpg 534w, https:\/\/entechco.com.vn\/wp-content\/uploads\/2021\/10\/Trung-tam-y-te-Dong-Nai-16x12.jpg 16w, https:\/\/entechco.com.vn\/wp-content\/uploads\/2021\/10\/Trung-tam-y-te-Dong-Nai-247x185.jpg 247w, https:\/\/entechco.com.vn\/wp-content\/uploads\/2021\/10\/Trung-tam-y-te-Dong-Nai-510x382.jpg 510w\" sizes=\"(max-width: 591px) 100vw, 591px\" \/>                                <\/div>\n                            <\/div><!-- .box-image -->\n                            <div class=\"box-text text-center\">\n                                <div class=\"box-text-inner blog-post-inner\">\n                                    <h5 class=\"post-title is-large\">Dong Nai Medical Center<\/h5>\n                                    <div class=\"is-divider\"><\/div>\n                                <\/div><!-- .box-text-inner -->\n                            <\/div><!-- .box-text -->\n                        <\/div><!-- .box -->\n                    <\/a><!-- .link -->\n                <\/div><!-- .col-inner -->\n            <\/div><!-- .col -->\n            \n            <div class=\"col post-item\">\n                <div class=\"col-inner\">\n                    <a href=\"https:\/\/entechco.com.vn\/en\/duan\/hoya-lens-vietnam\/\" class=\"plain\">\n                        <div class=\"box box-normal box-text-bottom box-blog-post has-hover\">\n                            <div class=\"box-image\">\n                                <div class=\"image-cover\" style=\"padding-top:56%;\">\n                                    <img width=\"1000\" height=\"374\" src=\"https:\/\/entechco.com.vn\/wp-content\/uploads\/2021\/09\/Hoya-lens-Viet-Nam.jpg\" class=\"img-responsive w-100\" alt=\"\" decoding=\"async\" loading=\"lazy\" srcset=\"https:\/\/entechco.com.vn\/wp-content\/uploads\/2021\/09\/Hoya-lens-Viet-Nam.jpg 1193w, https:\/\/entechco.com.vn\/wp-content\/uploads\/2021\/09\/Hoya-lens-Viet-Nam-800x299.jpg 800w, https:\/\/entechco.com.vn\/wp-content\/uploads\/2021\/09\/Hoya-lens-Viet-Nam-768x287.jpg 768w, https:\/\/entechco.com.vn\/wp-content\/uploads\/2021\/09\/Hoya-lens-Viet-Nam-16x6.jpg 16w, https:\/\/entechco.com.vn\/wp-content\/uploads\/2021\/09\/Hoya-lens-Viet-Nam-247x92.jpg 247w, https:\/\/entechco.com.vn\/wp-content\/uploads\/2021\/09\/Hoya-lens-Viet-Nam-510x191.jpg 510w\" sizes=\"(max-width: 1000px) 100vw, 1000px\" \/>                                <\/div>\n                            <\/div><!-- .box-image -->\n                            <div class=\"box-text text-center\">\n                                <div class=\"box-text-inner blog-post-inner\">\n                                    <h5 class=\"post-title is-large\">Hoya Lens Vietnam<\/h5>\n                                    <div class=\"is-divider\"><\/div>\n                                <\/div><!-- .box-text-inner -->\n                            <\/div><!-- .box-text -->\n                        <\/div><!-- .box -->\n                    <\/a><!-- .link -->\n                <\/div><!-- .col-inner -->\n            <\/div><!-- .col -->\n            \n            <div class=\"col post-item\">\n                <div class=\"col-inner\">\n                    <a href=\"https:\/\/entechco.com.vn\/en\/duan\/chua-phap-tanh\/\" class=\"plain\">\n                        <div class=\"box box-normal box-text-bottom box-blog-post has-hover\">\n                            <div class=\"box-image\">\n                                <div class=\"image-cover\" style=\"padding-top:56%;\">\n                                    <img width=\"600\" height=\"400\" src=\"https:\/\/entechco.com.vn\/wp-content\/uploads\/2021\/05\/chuyen-ve-12-tre-so-sinh-bi-bo-roi-o-mot-ngoi-chua.jpg\" class=\"img-responsive w-100\" alt=\"\" decoding=\"async\" loading=\"lazy\" srcset=\"https:\/\/entechco.com.vn\/wp-content\/uploads\/2021\/05\/chuyen-ve-12-tre-so-sinh-bi-bo-roi-o-mot-ngoi-chua.jpg 600w, https:\/\/entechco.com.vn\/wp-content\/uploads\/2021\/05\/chuyen-ve-12-tre-so-sinh-bi-bo-roi-o-mot-ngoi-chua-247x165.jpg 247w, https:\/\/entechco.com.vn\/wp-content\/uploads\/2021\/05\/chuyen-ve-12-tre-so-sinh-bi-bo-roi-o-mot-ngoi-chua-510x340.jpg 510w\" sizes=\"(max-width: 600px) 100vw, 600px\" \/>                                <\/div>\n                            <\/div><!-- .box-image -->\n                            <div class=\"box-text text-center\">\n                                <div class=\"box-text-inner blog-post-inner\">\n                                    <h5 class=\"post-title is-large\">Phap Tanh Pagoda<\/h5>\n                                    <div class=\"is-divider\"><\/div>\n                                <\/div><!-- .box-text-inner -->\n                            <\/div><!-- .box-text -->\n                        <\/div><!-- .box -->\n                    <\/a><!-- .link -->\n                <\/div><!-- .col-inner -->\n            <\/div><!-- .col -->\n            \n            <div class=\"col post-item\">\n                <div class=\"col-inner\">\n                    <a href=\"https:\/\/entechco.com.vn\/en\/duan\/properwell\/\" class=\"plain\">\n                        <div class=\"box box-normal box-text-bottom box-blog-post has-hover\">\n                            <div class=\"box-image\">\n                                <div class=\"image-cover\" style=\"padding-top:56%;\">\n                                    <img width=\"976\" height=\"468\" src=\"https:\/\/entechco.com.vn\/wp-content\/uploads\/2021\/05\/so-do-xay-dung-nha-may.png\" class=\"img-responsive w-100\" alt=\"\" decoding=\"async\" loading=\"lazy\" srcset=\"https:\/\/entechco.com.vn\/wp-content\/uploads\/2021\/05\/so-do-xay-dung-nha-may.png 976w, https:\/\/entechco.com.vn\/wp-content\/uploads\/2021\/05\/so-do-xay-dung-nha-may-800x384.png 800w, https:\/\/entechco.com.vn\/wp-content\/uploads\/2021\/05\/so-do-xay-dung-nha-may-768x368.png 768w, https:\/\/entechco.com.vn\/wp-content\/uploads\/2021\/05\/so-do-xay-dung-nha-may-247x118.png 247w, https:\/\/entechco.com.vn\/wp-content\/uploads\/2021\/05\/so-do-xay-dung-nha-may-510x245.png 510w\" sizes=\"(max-width: 976px) 100vw, 976px\" \/>                                <\/div>\n                            <\/div><!-- .box-image -->\n                            <div class=\"box-text text-center\">\n                                <div class=\"box-text-inner blog-post-inner\">\n                                    <h5 class=\"post-title is-large\">PROPERWELL<\/h5>\n                                    <div class=\"is-divider\"><\/div>\n                                <\/div><!-- .box-text-inner -->\n                            <\/div><!-- .box-text -->\n                        <\/div><!-- .box -->\n                    <\/a><!-- .link -->\n                <\/div><!-- .col-inner -->\n            <\/div><!-- .col -->\n                                <div class=\"text-center\">\n                <ul class=\"pagination\"><span aria-current=\"page\" class=\"page-numbers current\">1<\/span>\n<a class=\"page-numbers\" href=\"https:\/\/entechco.com.vn\/en\/wp-json\/wp\/v2\/pages\/815\/page\/2\/\">2<\/a>\n<a class=\"next page-numbers\" href=\"https:\/\/entechco.com.vn\/en\/wp-json\/wp\/v2\/pages\/815\/page\/2\/\">\u00bb<\/a><\/ul>            <\/div>\n                <\/div>\n    \n\n\t\t<\/div>\n\t\t\t\t\t<\/div>\n\n\t\n<\/div>","protected":false},"excerpt":{"rendered":"","protected":false},"author":1,"featured_media":877,"parent":0,"menu_order":0,"comment_status":"closed","ping_status":"closed","template":"page-blank-title-center.php","meta":[],"yst_prominent_words":[],"_links":{"self":[{"href":"https:\/\/entechco.com.vn\/en\/wp-json\/wp\/v2\/pages\/815"}],"collection":[{"href":"https:\/\/entechco.com.vn\/en\/wp-json\/wp\/v2\/pages"}],"about":[{"href":"https:\/\/entechco.com.vn\/en\/wp-json\/wp\/v2\/types\/page"}],"author":[{"embeddable":true,"href":"https:\/\/entechco.com.vn\/en\/wp-json\/wp\/v2\/users\/1"}],"replies":[{"embeddable":true,"href":"https:\/\/entechco.com.vn\/en\/wp-json\/wp\/v2\/comments?post=815"}],"version-history":[{"count":0,"href":"https:\/\/entechco.com.vn\/en\/wp-json\/wp\/v2\/pages\/815\/revisions"}],"wp:featuredmedia":[{"embeddable":true,"href":"https:\/\/entechco.com.vn\/en\/wp-json\/wp\/v2\/media\/877"}],"wp:attachment":[{"href":"https:\/\/entechco.com.vn\/en\/wp-json\/wp\/v2\/media?parent=815"}],"wp:term":[{"taxonomy":"yst_prominent_words","embeddable":true,"href":"https:\/\/entechco.com.vn\/en\/wp-json\/wp\/v2\/yst_prominent_words?post=815"}],"curies":[{"name":"wp","href":"https:\/\/api.w.org\/{rel}","templated":true}]}}