{"id":2782,"date":"2023-10-27T10:47:04","date_gmt":"2023-10-27T03:47:04","guid":{"rendered":"https:\/\/entechco.com.vn\/?post_type=product&#038;p=2782"},"modified":"2026-01-28T09:45:37","modified_gmt":"2026-01-28T02:45:37","slug":"tui-loc-octopus","status":"publish","type":"product","link":"http:\/\/entechco.com.vn\/en\/product\/tui-loc-octopus\/","title":{"rendered":"T\u00fai L\u1ecdc Octopus"},"content":{"rendered":"<h1><strong>T\u00fai L\u1ecdc Octopus &#8211; \u0110\u1eb7c \u0111i\u1ec3m &amp; Ti\u00eau chu\u1ea9n l\u1ef1a ch\u1ecdn:<\/strong><\/h1>\n<p>T\u00fai l\u1ecdc Octopus c\u00f2n \u0111\u01b0\u1ee3c g\u1ecdi l\u00e0 T\u00fai l\u1ecdc B\u1ea1ch tu\u1ed9c, \u00a0mang l\u1ea1i kh\u1ea3 n\u0103ng gi\u1eef h\u1ea1t cao \u0111\u1ec3 t\u1ed1i ho\u00e1 kh\u1ea3 n\u0103ng l\u01b0u gi\u1eef s\u1ea3n ph\u1ea9m v\u00e0 gi\u1ea3m th\u1ea5t tho\u00e1t<\/p>\n<p>\u0110\u1ed9 b\u1ec1n v\u00e0 \u0111\u1ed9 \u1ed5n \u0111\u1ecbnh c\u1ee7a v\u1eadt li\u1ec7u v\u1ea3i c\u0169ng duy tr\u00ec \u0111\u1ed9 tinh khi\u1ebft c\u1ee7a s\u1ea3n ph\u1ea9m.<\/p>\n<p><img decoding=\"async\" loading=\"lazy\" class=\"aligncenter size-medium wp-image-2832\" src=\"https:\/\/entechco.com.vn\/wp-content\/uploads\/2023\/10\/tui-bach-tuot-2-534x400.jpg\" alt=\"T\u00fai l\u1ecdc Octopus\" width=\"534\" height=\"400\" srcset=\"https:\/\/entechco.com.vn\/wp-content\/uploads\/2023\/10\/tui-bach-tuot-2-534x400.jpg 534w, https:\/\/entechco.com.vn\/wp-content\/uploads\/2023\/10\/tui-bach-tuot-2-1069x800.jpg 1069w, https:\/\/entechco.com.vn\/wp-content\/uploads\/2023\/10\/tui-bach-tuot-2-768x575.jpg 768w, https:\/\/entechco.com.vn\/wp-content\/uploads\/2023\/10\/tui-bach-tuot-2-16x12.jpg 16w, https:\/\/entechco.com.vn\/wp-content\/uploads\/2023\/10\/tui-bach-tuot-2-247x185.jpg 247w, https:\/\/entechco.com.vn\/wp-content\/uploads\/2023\/10\/tui-bach-tuot-2-510x382.jpg 510w, https:\/\/entechco.com.vn\/wp-content\/uploads\/2023\/10\/tui-bach-tuot-2.jpg 1125w\" sizes=\"(max-width: 534px) 100vw, 534px\" \/><\/p>\n<p>Ngo\u00e0i ra,<strong> Entechco<\/strong> chuy\u00ean\u00a0 cung c\u1ea5p\u00a0 c\u00e1c lo\u1ea1i <span style=\"color: #0000ff;\"><a style=\"color: #0000ff;\" href=\"http:\/\/entechco.com.vn\/en\/product\/vai-loc-khung-ban\/\" target=\"_blank\" rel=\"noopener\">v\u1ea3i l\u1ecdc<\/a><\/span>,\u00a0 <a href=\"http:\/\/entechco.com.vn\/en\/product\/tui-loc-pp\/\" target=\"_blank\" rel=\"noopener\"><span style=\"color: #0000ff;\">T\u00fai l\u1ecdc<\/span><\/a>, <span style=\"color: #0000ff;\"><a style=\"color: #0000ff;\" href=\"http:\/\/entechco.com.vn\/en\/product\/tui-loc-ly-tam\/\">T\u00fai ly t\u00e2m<\/a><\/span>,\u00a0 cho t\u1eebng lo\u1ea1i ng\u00e0nh s\u1ea3n xu\u1ea5t; \u0111\u01b0\u1ee3c s\u1ea3n xu\u1ea5t theo y\u00eau c\u1ea7u ri\u00eang c\u1ee7a kh\u00e1ch h\u00e0ng nh\u1eb1m \u0111\u1ea3m b\u1ea3o \u0111\u1ed9 v\u1eeba v\u1eb7n v\u00e0 \u0111\u1ed9 b\u1ec1n.<\/p>\n<h2>\u0110\u1eb7c \u0111i\u1ec3m T\u00fai L\u1ecdc:<\/h2>\n<p>&#8211; Kh\u1ea3 n\u0103ng ch\u1ed1ng m\u00e0i m\u00f2n tuy\u1ec7t v\u1eddi<\/p>\n<p>&#8211; C\u1ea5u tr\u00fac b\u1ec1n, tho\u00e1ng kh\u00ed t\u1ed1t<\/p>\n<p>&#8211; S\u1ef1 k\u1ebft h\u1ee3p t\u1ed1c \u0111\u1ed9 d\u00f2ng ch\u1ea3y cao v\u1edbi kh\u1ea3 n\u0103ng gi\u1eef h\u1ea1t t\u1ed1t<\/p>\n<p>&#8211; Di\u1ec7n t\u00edch b\u1ec1 m\u1eb7t l\u1edbn nh\u1edd t\u00fai \u0111\u01b0\u1ee3c c\u1ea5u t\u1ea1o t\u1eeb nhi\u1ec1u t\u00fai l\u1ecdc gi\u00fap t\u0103ng hi\u1ec7u su\u1ea5t l\u1ecdc<\/p>\n<p>&#8211; T\u00fai l\u1ecdc octopus \u0111\u01b0\u1ee3c s\u1ea3n xu\u1ea5t t\u1eeb v\u1eadt li\u1ec7u v\u1ea3i ch\u1ed1ng t\u0129nh \u0111i\u1ec7n \u0111\u1ea3m b\u1ea3o x\u1ea3 t\u0129nh \u0111i\u1ec7n m\u1ed9t c\u00e1ch an to\u00e0n, lo\u1ea1i tr\u1eeb c\u00e1c nguy c\u01a1 ch\u00e1y n\u1ed5 v\u00e0 \u0111\u1ea9m b\u1ea3o b\u1ee5i \u0111\u01b0\u1ee3c tho\u00e1t ra kh\u1ecfi b\u1ec1 m\u1eb7t \u0111\u01b0\u1ee3c t\u1ed1i \u01b0u ho\u00e1.<span data-ccp-props=\"{&quot;201341983&quot;:0,&quot;335551550&quot;:6,&quot;335551620&quot;:6,&quot;335559739&quot;:120,&quot;335559740&quot;:324}\">\u00a0<\/span><\/p>\n<p>&#8211; Kh\u1ea3 n\u0103ng ch\u1ed1ng m\u00e0i m\u00f2n, kh\u00e1ng pH t\u1ed1t<\/p>\n<p>&#8211; D\u1ec5 d\u00e0ng v\u1eadn h\u00e0nh &#8211; thay th\u1ebf &#8211; l\u1eafp \u0111\u1eb7t c\u0169ng nh\u01b0 c\u00f3 th\u1ec3 th\u00e1o gi\u1eb7t gi\u00fap ti\u1ebft ki\u1ec7m chi ph\u00ed thay m\u1edbi c\u0169ng nh\u01b0 nh\u00e2n c\u00f4ng.<\/p>\n<h2>Ti\u00eau chu\u1ea9n l\u1ef1a ch\u1ecdn T\u00fai l\u1ecdc Octopus:<\/h2>\n<p>&#8211; L\u1ef1a ch\u1ecdn v\u1eadt li\u1ec7u v\u1ea3i ch\u1ed1ng t\u0129nh \u0111i\u1ec7n nh\u01b0 : Polyamide ( PA ), Polypropylene ( PP ).<\/p>\n<p>&#8211; Tu\u1ef3 v\u00e0o \u1ee9ng d\u1ee5ng s\u1ea3n xu\u1ea5t m\u00e0 l\u1ef1a ch\u1ecdn: \u0111\u1ed9 tho\u00e1ng kh\u00ed, k\u00edch th\u01b0\u1edbc h\u1ea1t, V\u1eadt li\u1ec7u l\u1ecdc..ph\u00f9 h\u1ee3p.<\/p>","protected":false},"excerpt":{"rendered":"<p>T\u00fai L\u1ecdc Octopus &#8211; \u0110\u1eb7c \u0111i\u1ec3m &amp; Ti\u00eau chu\u1ea9n l\u1ef1a ch\u1ecdn: T\u00fai l\u1ecdc Octopus c\u00f2n \u0111\u01b0\u1ee3c g\u1ecdi l\u00e0 T\u00fai l\u1ecdc B\u1ea1ch tu\u1ed9c, \u00a0mang l\u1ea1i kh\u1ea3 n\u0103ng gi\u1eef h\u1ea1t cao \u0111\u1ec3 t\u1ed1i ho\u00e1 kh\u1ea3 n\u0103ng l\u01b0u gi\u1eef s\u1ea3n ph\u1ea9m v\u00e0 gi\u1ea3m th\u1ea5t tho\u00e1t \u0110\u1ed9 b\u1ec1n v\u00e0 \u0111\u1ed9 \u1ed5n \u0111\u1ecbnh c\u1ee7a v\u1eadt li\u1ec7u v\u1ea3i c\u0169ng duy tr\u00ec&#8230;<\/p>","protected":false},"featured_media":2831,"comment_status":"open","ping_status":"closed","template":"","meta":[],"product_cat":[222,71],"product_tag":[],"yst_prominent_words":[],"_links":{"self":[{"href":"http:\/\/entechco.com.vn\/en\/wp-json\/wp\/v2\/product\/2782"}],"collection":[{"href":"http:\/\/entechco.com.vn\/en\/wp-json\/wp\/v2\/product"}],"about":[{"href":"http:\/\/entechco.com.vn\/en\/wp-json\/wp\/v2\/types\/product"}],"replies":[{"embeddable":true,"href":"http:\/\/entechco.com.vn\/en\/wp-json\/wp\/v2\/comments?post=2782"}],"wp:featuredmedia":[{"embeddable":true,"href":"http:\/\/entechco.com.vn\/en\/wp-json\/wp\/v2\/media\/2831"}],"wp:attachment":[{"href":"http:\/\/entechco.com.vn\/en\/wp-json\/wp\/v2\/media?parent=2782"}],"wp:term":[{"taxonomy":"product_cat","embeddable":true,"href":"http:\/\/entechco.com.vn\/en\/wp-json\/wp\/v2\/product_cat?post=2782"},{"taxonomy":"product_tag","embeddable":true,"href":"http:\/\/entechco.com.vn\/en\/wp-json\/wp\/v2\/product_tag?post=2782"},{"taxonomy":"yst_prominent_words","embeddable":true,"href":"http:\/\/entechco.com.vn\/en\/wp-json\/wp\/v2\/yst_prominent_words?post=2782"}],"curies":[{"name":"wp","href":"https:\/\/api.w.org\/{rel}","templated":true}]}}