{"id":2701,"date":"2023-10-02T11:10:47","date_gmt":"2023-10-02T04:10:47","guid":{"rendered":"https:\/\/entechco.com.vn\/?post_type=product&#038;p=2701"},"modified":"2023-10-02T11:10:47","modified_gmt":"2023-10-02T04:10:47","slug":"loi-loc-buoc-dot-pha-trong-san-xuat-nuoc-uong-co-ga","status":"publish","type":"product","link":"http:\/\/entechco.com.vn\/en\/product\/loi-loc-buoc-dot-pha-trong-san-xuat-nuoc-uong-co-ga\/","title":{"rendered":"L\u00f5i L\u1ecdc &#8211; B\u01b0\u1edbc \u0110\u1ed9t Ph\u00e1 Trong S\u1ea3n Xu\u1ea5t N\u01b0\u1edbc U\u1ed1ng C\u00f3 Ga"},"content":{"rendered":"<h1>V\u1ea5n \u0111\u1ec1 \u0111\u1eb7t ra v\u00e0 l\u1ef1a ch\u1ecdn L\u00f5i l\u1ecdc trong s\u1ea3n xu\u1ea5t n\u01b0\u1edbc u\u1ed1ng c\u00f3 ga<\/h1>\n<p>C\u00f4ng ngh\u1ec7 L\u1ecdc l\u00e0 m\u1ed9t y\u1ebfu t\u1ed1 quan tr\u1ecdng kh\u00f4ng th\u1ec3 thi\u1ebfu trong ng\u00e0nh \u0111\u1ed3 u\u1ed1ng, s\u1eed d\u1ee5ng L\u00f5i l\u1ecdc l\u00e0 b\u01b0\u1edbc \u0111\u1ed9t ph\u00e1 trong s\u1ea3n xu\u1ea5t N\u01b0\u1edbc u\u1ed1ng c\u00f3 ga, hi\u1ec7u qu\u1ea3 \u0111em l\u1ea1i \u0111\u00e1ng k\u1ec3 nh\u1eb1m h\u01b0\u1edbng \u0111\u1ebfn s\u1ea3n ph\u1ea9m tinh khi\u1ebft \u0111\u1ea1t ch\u1ea5t l\u01b0\u1ee3ng v\u00e0 an to\u00e0n.<\/p>\n<p><img decoding=\"async\" loading=\"lazy\" class=\"size-medium wp-image-2725\" src=\"https:\/\/entechco.com.vn\/wp-content\/uploads\/2023\/09\/z4731482466039_cbabe5f2cab32aef1f60cdced8f11190-1-607x400.jpg\" alt=\"l\u00f5i l\u1ecdc n\u01b0\u1edbc u\u1ed1ng c\u00f3 ga\" width=\"607\" height=\"400\" srcset=\"https:\/\/entechco.com.vn\/wp-content\/uploads\/2023\/09\/z4731482466039_cbabe5f2cab32aef1f60cdced8f11190-1-607x400.jpg 607w, https:\/\/entechco.com.vn\/wp-content\/uploads\/2023\/09\/z4731482466039_cbabe5f2cab32aef1f60cdced8f11190-1-1214x800.jpg 1214w, https:\/\/entechco.com.vn\/wp-content\/uploads\/2023\/09\/z4731482466039_cbabe5f2cab32aef1f60cdced8f11190-1-768x506.jpg 768w, https:\/\/entechco.com.vn\/wp-content\/uploads\/2023\/09\/z4731482466039_cbabe5f2cab32aef1f60cdced8f11190-1-1536x1012.jpg 1536w, https:\/\/entechco.com.vn\/wp-content\/uploads\/2023\/09\/z4731482466039_cbabe5f2cab32aef1f60cdced8f11190-1-18x12.jpg 18w, https:\/\/entechco.com.vn\/wp-content\/uploads\/2023\/09\/z4731482466039_cbabe5f2cab32aef1f60cdced8f11190-1-247x163.jpg 247w, https:\/\/entechco.com.vn\/wp-content\/uploads\/2023\/09\/z4731482466039_cbabe5f2cab32aef1f60cdced8f11190-1-510x336.jpg 510w, https:\/\/entechco.com.vn\/wp-content\/uploads\/2023\/09\/z4731482466039_cbabe5f2cab32aef1f60cdced8f11190-1.jpg 1600w\" sizes=\"(max-width: 607px) 100vw, 607px\" \/><\/p>\n<h2>V\u1ea5n \u0111\u1ec1 \u0111\u1eb7t ra trong s\u1ea3n xu\u1ea5t N\u01b0\u1edbc u\u1ed1ng c\u00f3 ga<\/h2>\n<p>Nguy\u00ean li\u1ec7u c\u01a1 b\u1ea3n \u0111\u1ec3 s\u1ea3n xu\u1ea5t N\u01b0\u1edbc u\u1ed1ng c\u00f3 ga bao g\u1ed3m kh\u00ed carbon dioxide v\u00e0 c\u00e1c ch\u1ea5t ph\u1ee5 gia nh\u01b0: \u0111\u01b0\u1eddng l\u1ecfng, n\u01b0\u1edbc tr\u00e1i c\u00e2y v\u00e0 h\u01b0\u01a1ng v\u1ecb.<\/p>\n<p>Trong nguy\u00ean li\u1ec7u n\u00e0y lu\u00f4n ch\u1ee9a C\u00e1c t\u1ea1p ch\u1ea5t v\u00e0 vi khu\u1ea9n l\u00e0m \u1ea3nh h\u01b0\u1edfng \u0111\u1ec3 ch\u1ea5t l\u01b0\u1ee3ng s\u1ea3n ph\u1ea9m, v\u1eady n\u00ean v\u1ea5n \u0111\u1ec1 \u0111\u1eb7t ra c\u1ea7n lo\u1ea1i b\u1ecf ho\u00e0n to\u00e0n c\u00e1c t\u1ea1p ch\u1ea5t, c\u1eb7n b\u1ea9n v\u00e0 vi khu\u1ea9n g\u00e2y h\u1ea1i \u0111i nh\u1eb1m \u0111\u1ea3m b\u1ea3o ch\u1ea5t l\u01b0\u1ee3ng c\u1ee7a s\u1ea3n ph\u1ea9m cu\u1ed1i c\u00f9ng.<\/p>\n<h2>L\u00f5i l\u1ecdc \u0111\u01b0\u1ee3c l\u1ef1a ch\u1ecdn?<\/h2>\n<p><strong>L\u00f5i l\u1ecdc t\u1eeb nh\u00e0 s\u1ea3n xu\u1ea5t Roki &#8211; Nh\u1eadt B\u1ea3n<\/strong> l\u00e0 gi\u1ea3i ph\u00e1p \u0111\u00e1ng tin c\u1eady \u0111\u01b0\u1ee3c l\u1ef1a ch\u1ecdn s\u1eed d\u1ee5ng trong qu\u00e1 tr\u00ecnh s\u1ea3n xu\u1ea5t n\u00e0y,<\/p>\n<p>L\u00e0 d\u00f2ng l\u00f5i l\u1ecdc \u0111\u01b0\u1ee3c thi\u1ebft k\u1ebf c\u00f3 di\u1ec7n t\u00edch l\u1ecdc l\u1edbn v\u1edbi c\u00e1c \u0111\u1eb7c \u0111i\u1ec3m \u0111\u1ed9c \u0111\u00e1o c\u00f3 th\u1ec3 lo\u1ea1i b\u1ecf \u0111\u1ebfn 99,9% c\u00e1c h\u1ea1t b\u1ea9n ch\u1ee9a trong dung d\u1ecbch l\u1ecfng, gi\u00fap c\u1ea3i thi\u1ec7n quy tr\u00ecnh s\u1ea3n xu\u1ea5t v\u00e0 duy tr\u00ec h\u01b0\u01a1ng v\u1ecb c\u1ee7a s\u1ea3n ph\u1ea9m cu\u1ed1i c\u00f9ng; mang \u0111\u1ebfn l\u1ee3i \u00edch \u0111\u00e1ng k\u1ec3 cho ng\u00e0nh c\u00f4ng nghi\u1ec7p \u0111\u1ed3 u\u1ed1ng.<\/p>\n<p><strong>Entechco<\/strong> cung c\u1ea5p b\u1ed9 l\u1ecdc ti\u1ec7t tr\u00f9ng ch\u1ea5t l\u01b0\u1ee3ng cao \u0111\u1ebfn t\u1eeb nh\u00e0 s\u1ea3n xu\u1ea5t ROKI \u2013 Nh\u1eadt B\u1ea3n;<\/p>\n<h2>C\u00f4ng d\u1ee5ng v\u00e0 l\u1ee3i \u00edch khi s\u1eed d\u1ee5ng l\u00f5i l\u1ecdc Roki trong s\u1ea3n xu\u1ea5t N\u01b0\u1edbc u\u1ed1ng c\u00f3 ga<\/h2>\n<p>S\u1eed d\u1ee5ng L\u00f5i l\u1ecdc t\u1eeb nh\u00e0 s\u1ea3n xu\u1ea5t Roki l\u00e0 s\u1ef1 k\u1ebft h\u1ee3p ho\u00e0n h\u1ea3o trong c\u00f4ng nghi\u1ec7p s\u1ea3n xu\u1ea5t N\u01b0\u1edbc u\u1ed1ng c\u00f3 ga b\u1edfi mang nhi\u1ec1u c\u00f4ng d\u1ee5ng v\u00e0 l\u1ee3i \u00edch. C\u1ee5 th\u1ec3:<\/p>\n<h3>C\u00f4ng d\u1ee5ng c\u1ee7a L\u00f5i l\u1ecdc:<\/h3>\n<p>&#8211; Kh\u1ea3 n\u0103ng lo\u1ea1i b\u1ecf \u0111\u1ebfn <strong>99,9%<\/strong> c\u00e1c h\u1ea1t b\u1ea9n, t\u1ea1p ch\u1ea5t g\u00e2y \u0111\u1ee5c, vi khu\u1ea9n g\u00e2y h\u1ea1i gi\u00fap N\u01b0\u1edbc u\u1ed1ng c\u00f3 ga \u0111\u1ea1t \u0111\u01b0\u1ee3c ch\u1ea5t l\u01b0\u1ee3ng v\u00e0 trong su\u1ed1t ti\u00eau chu\u1ea9n;<\/p>\n<p>&#8211; Ngo\u00e0i vi\u1ec7c lo\u1ea1i b\u1ecf c\u00e1c h\u1ea1t l\u01a1 l\u1eedng, L\u00f5i l\u1ecdc c\u00f2n c\u00f3 kh\u1ea3 n\u0103ng h\u1ea5p th\u1ee5 v\u00e0 lo\u1ea1i b\u1ecf c\u00e1c ch\u1ea5t nh\u01b0 axit h\u1eefu c\u01a1 b\u00e9o v\u00e0 polyphenols, c\u1ea3i thi\u1ec7n \u0111\u1ed9 tinh khi\u1ebft v\u00e0 h\u01b0\u01a1ng v\u1ecb c\u1ee7a n\u01b0\u1edbc;<\/p>\n<p>&#8211; V\u1edbi c\u1ea5p \u0111\u1ed9 l\u1ecdc 0.5-0.8um, L\u00f5i l\u1ecdc t\u1eeb Roki gi\u00fap lo\u1ea1i b\u1ecf vi khu\u1ea9n acidophilic c\u00f3 kh\u1ea3 n\u0103ng ch\u1ecbu nhi\u1ec7t g\u00e2y h\u1ecfng th\u1ef1c ph\u1ea9m.<\/p>\n<h3>L\u1ee3i \u00edch c\u1ee7a L\u00f5i l\u1ecdc mang l\u1ea1i trong s\u1ea3n xu\u1ea5t n\u01b0\u1edbc u\u1ed1ng c\u00f3 ga<\/h3>\n<p>&#8211; L\u00f5i l\u1ecdc v\u1eadn h\u00e0nh \u0111\u01a1n gi\u1ea3n gi\u00fap ti\u1ebft ki\u1ec7m th\u1eddi gian v\u00e0 nh\u00e2n c\u00f4ng;<\/p>\n<p>&#8211; Ti\u1ebft ki\u1ec7m chi ph\u00ed thay th\u1ebf v\u00e0 b\u1ea3o tr\u00ec nh\u1edd tu\u1ed5i th\u1ecd cao;<\/p>\n<p>&#8211; S\u1eed d\u1ee5ng nh\u01b0 b\u1ed9 l\u1ecdc ti\u1ec1n x\u1eed l\u00fd, b\u1ea3o v\u1ec7 c\u00e1c thi\u1ebft b\u1ecb ho\u1ea1t \u0111\u1ed9ng ph\u00eda sau trong quy tr\u00ecnh s\u1ea3n xu\u1ea5t N\u01b0\u1edbc u\u1ed1ng c\u00f3 ga.<\/p>\n<p><strong>XEM TH\u00caM<\/strong> : \u21d2 <a href=\"http:\/\/entechco.com.vn\/en\/product\/loi-loc-pleated-roki-loc-nuoc-khoang\/\">L\u00d5I L\u1eccC S\u1ea2N XU\u1ea4T N\u01af\u1edaC KHO\u00c1NG<\/a>, \u21d2 <a href=\"http:\/\/entechco.com.vn\/en\/product\/loi-loc-roki-trong-cong-nghiep-san-xuat-bia\/\">L\u00d5I L\u1eccC BIA<\/a><\/p>","protected":false},"excerpt":{"rendered":"<p>V\u1ea5n \u0111\u1ec1 \u0111\u1eb7t ra v\u00e0 l\u1ef1a ch\u1ecdn L\u00f5i l\u1ecdc trong s\u1ea3n xu\u1ea5t n\u01b0\u1edbc u\u1ed1ng c\u00f3 ga C\u00f4ng ngh\u1ec7 L\u1ecdc l\u00e0 m\u1ed9t y\u1ebfu t\u1ed1 quan tr\u1ecdng kh\u00f4ng th\u1ec3 thi\u1ebfu trong ng\u00e0nh \u0111\u1ed3 u\u1ed1ng, s\u1eed d\u1ee5ng L\u00f5i l\u1ecdc l\u00e0 b\u01b0\u1edbc \u0111\u1ed9t ph\u00e1 trong s\u1ea3n xu\u1ea5t N\u01b0\u1edbc u\u1ed1ng c\u00f3 ga, hi\u1ec7u qu\u1ea3 \u0111em l\u1ea1i \u0111\u00e1ng k\u1ec3 nh\u1eb1m h\u01b0\u1edbng&#8230;<\/p>","protected":false},"featured_media":2588,"comment_status":"open","ping_status":"closed","template":"","meta":[],"product_cat":[309],"product_tag":[],"yst_prominent_words":[],"_links":{"self":[{"href":"http:\/\/entechco.com.vn\/en\/wp-json\/wp\/v2\/product\/2701"}],"collection":[{"href":"http:\/\/entechco.com.vn\/en\/wp-json\/wp\/v2\/product"}],"about":[{"href":"http:\/\/entechco.com.vn\/en\/wp-json\/wp\/v2\/types\/product"}],"replies":[{"embeddable":true,"href":"http:\/\/entechco.com.vn\/en\/wp-json\/wp\/v2\/comments?post=2701"}],"wp:featuredmedia":[{"embeddable":true,"href":"http:\/\/entechco.com.vn\/en\/wp-json\/wp\/v2\/media\/2588"}],"wp:attachment":[{"href":"http:\/\/entechco.com.vn\/en\/wp-json\/wp\/v2\/media?parent=2701"}],"wp:term":[{"taxonomy":"product_cat","embeddable":true,"href":"http:\/\/entechco.com.vn\/en\/wp-json\/wp\/v2\/product_cat?post=2701"},{"taxonomy":"product_tag","embeddable":true,"href":"http:\/\/entechco.com.vn\/en\/wp-json\/wp\/v2\/product_tag?post=2701"},{"taxonomy":"yst_prominent_words","embeddable":true,"href":"http:\/\/entechco.com.vn\/en\/wp-json\/wp\/v2\/yst_prominent_words?post=2701"}],"curies":[{"name":"wp","href":"https:\/\/api.w.org\/{rel}","templated":true}]}}