{"id":2646,"date":"2023-08-23T15:00:02","date_gmt":"2023-08-23T08:00:02","guid":{"rendered":"https:\/\/entechco.com.vn\/?post_type=product&#038;p=2646"},"modified":"2023-08-24T10:04:57","modified_gmt":"2023-08-24T03:04:57","slug":"may-ep-bun-truc-vit-amcon","status":"publish","type":"product","link":"http:\/\/entechco.com.vn\/en\/product\/may-ep-bun-truc-vit-amcon\/","title":{"rendered":"M\u00e1y \u00e9p b\u00f9n tr\u1ee5c v\u00edt AMCON"},"content":{"rendered":"<p>AMCON l\u00e0 nh\u00e0 s\u1ea3n xu\u1ea5t M\u00e1y \u00e9p b\u00f9n tr\u1ee5c v\u00edt \u0111\u1ebfn t\u1eeb Nh\u1eadt B\u1ea3n<\/p>\n<h2><span style=\"font-family: tahoma, arial, helvetica, sans-serif;\"><strong>1. T\u1ea1i sao n\u00ean l\u1ef1a ch\u1ecdn M\u00e1y \u00e9p b\u00f9n tr\u1ee5c v\u00edt AMCON?<\/strong><\/span><\/h2>\n<p>\u1ede c\u00e1c thi\u1ebft b\u1ecb x\u1eed l\u00fd th\u00f4ng th\u01b0\u1eddng, ch\u1ea5t th\u1ea3i r\u1eafn \u0111\u1ec1u \u0111\u01b0\u1ee3c x\u1eed l\u00fd \u0111\u1ec3 t\u00e1ch b\u1ecf n\u01b0\u1edbc, nh\u01b0ng lu\u00f4n ph\u00e1t sinh ra v\u1ea5n \u0111\u1ec1 t\u1eaft ngh\u1ebdn l\u1ed1i tho\u00e1t do c\u00e1c h\u1ea1t r\u1eafn t\u00edch t\u1ee5c, v\u00e0 g\u00e2y \u1ea3nh h\u01b0\u1edfng \u0111\u1ebfn hi\u1ec7u su\u1ea5t c\u1ee7a c\u1ea3 qu\u00e1 tr\u00ecnh.<\/p>\n<p><em><strong>Thi\u1ebft b\u1ecb M\u00e1y \u00e9p b\u00f9n Amcon \u0111\u01b0\u1ee3c trang b\u1ecb c\u00f4ng ngh\u1ec7 \u0111\u1ed9c \u0111\u00e1o<\/strong><\/em><span style=\"color: #d83131;\"> VOLUTE<sup>TM<\/sup><\/span> , cho ph\u00e9p l\u01b0\u1edbi l\u1ecdc c\u00f3 kh\u1ea3 n\u0103ng t\u1ef1 l\u00e0m s\u1ea1ch m\u00e0 kh\u00f4ng c\u1ea7n t\u00e1c \u0111\u1ed9ng th\u1ee7 c\u00f4ng, \u0111\u1ea3m b\u1ea3o l\u01b0\u1edbi l\u1ecdc lu\u00f4n ho\u1ea1t \u0111\u1ed9ng hi\u1ec7u qu\u1ea3 m\u00e0 kh\u00f4ng b\u1ecb t\u1eaft ngh\u1ebdn.<\/p>\n<p>\u0110i\u1ec1u n\u00e0y cho ph\u00e9p qu\u00e1 tr\u00ecnh \u00e9p b\u00f9n \u0111\u01b0\u1ee3c \u1ed5n \u0111\u1ecbnh v\u00e0 li\u00ean t\u1ee5c kh\u00f4ng ph\u1ee5 thu\u1ed9c v\u00e0o s\u1eed d\u1ee5ng n\u01b0\u1edbc \u0111\u1ec3 ng\u0103n t\u1eaft ngh\u1ebdn.<\/p>\n<p><img decoding=\"async\" loading=\"lazy\" class=\"size-medium wp-image-2639\" src=\"https:\/\/entechco.com.vn\/wp-content\/uploads\/2023\/08\/MAY-EP-BUN-TRUC-VIT-AMCON-2-694x400.png\" alt=\"M\u00c1y \u00c9p B\u00d9n Tr\u1ee4c V\u00cdt Amcon\" width=\"694\" height=\"400\" srcset=\"https:\/\/entechco.com.vn\/wp-content\/uploads\/2023\/08\/MAY-EP-BUN-TRUC-VIT-AMCON-2-694x400.png 694w, https:\/\/entechco.com.vn\/wp-content\/uploads\/2023\/08\/MAY-EP-BUN-TRUC-VIT-AMCON-2-768x442.png 768w, https:\/\/entechco.com.vn\/wp-content\/uploads\/2023\/08\/MAY-EP-BUN-TRUC-VIT-AMCON-2-18x10.png 18w, https:\/\/entechco.com.vn\/wp-content\/uploads\/2023\/08\/MAY-EP-BUN-TRUC-VIT-AMCON-2-247x142.png 247w, https:\/\/entechco.com.vn\/wp-content\/uploads\/2023\/08\/MAY-EP-BUN-TRUC-VIT-AMCON-2-510x294.png 510w, https:\/\/entechco.com.vn\/wp-content\/uploads\/2023\/08\/MAY-EP-BUN-TRUC-VIT-AMCON-2.png 901w\" sizes=\"(max-width: 694px) 100vw, 694px\" \/><\/p>\n<h3><span style=\"font-family: tahoma, arial, helvetica, sans-serif;\"><strong>1.1. C\u00f4ng ngh\u1ec7<\/strong> <span style=\"color: #d83131;\">VOLUTE<sup>TM<\/sup><\/span><strong>\u2013 l\u00e0 g\u00ec?<\/strong><\/span><\/h3>\n<p><span style=\"color: #d83131;\"><span style=\"color: #282828;\">&#8211;<\/span> VOLUTE<sup>TM<\/sup><\/span>: \u0111\u01b0\u1ee3c c\u1ea5u t\u1ea1o bao g\u1ed3m 2 lo\u1ea1i v\u00f2ng : v\u00f2ng c\u1ed1 \u0111\u1ecbnh v\u00e0 v\u00f2ng di \u0111\u1ed9ng; c\u00f9ng v\u1edbi m\u1ed9t tr\u1ee5c v\u00edt c\u00f3 c\u00e1c y\u1ebfu t\u1ed1 \u201c l\u1ecdc \u2013 truy\u1ec1n \u2013 t\u1ea1o \u00e1p l\u1ef1c \u201c cho b\u00f9n. Kho\u1ea3ng tr\u1ed1ng gi\u1eefa c\u00e1c v\u00f2ng v\u1edbi tr\u1ee5c v\u00edt \u0111\u01b0\u1edbc thi\u1ebft k\u1ebf h\u1eb9p d\u1ea7n v\u1ec1 h\u01b0\u1edbng l\u1ed7 tho\u00e1t b\u00f9n, d\u01b0\u1edbi \u00e1p l\u1ef1c t\u0103ng l\u00ean do hi\u1ec7u \u1ee9ng n\u00e9n th\u1ec3 t\u00edch d\u1eabn \u0111\u1ebfn\u00a0 b\u00f9n tho\u00e1t ra \u0111\u1eb7c v\u00e0 kh\u00f4.<\/p>\n<p><img decoding=\"async\" loading=\"lazy\" class=\"size-full wp-image-2637\" src=\"https:\/\/entechco.com.vn\/wp-content\/uploads\/2023\/08\/VOLUTE.png\" alt=\"C\u00d4NG NGH\u1ec6 VOLUTE\" width=\"238\" height=\"164\" srcset=\"https:\/\/entechco.com.vn\/wp-content\/uploads\/2023\/08\/VOLUTE.png 238w, https:\/\/entechco.com.vn\/wp-content\/uploads\/2023\/08\/VOLUTE-18x12.png 18w\" sizes=\"(max-width: 238px) 100vw, 238px\" \/><br \/>\n&#8211; L\u00e0m kh\u00f4 tr\u1ef1c ti\u1ebfp: Tr\u01b0\u1edbc \u0111\u00e2y, \u0111\u1ed1i v\u1edbi c\u00e1c d\u00f2ng M\u00e1y \u00e9p b\u00f9n kh\u00e1c \u0111\u1ec3 l\u00e0m kh\u00f4 \u0111\u01b0\u1ee3c b\u00f9n tr\u01b0\u1edbc ti\u00ean ph\u1ea3i \u0111\u01b0\u1ee3c l\u00e0m \u0111\u1eb7c . Nh\u01b0ng v\u1edbi d\u00f2ng M\u00e1y \u00e9p tr\u1ee5c v\u00edt <a href=\"https:\/\/www.amcon-jp.com\/\">AMCON<\/a> \u0111\u01b0\u1ee3c trang b\u1ecb c\u00f4ng ngh\u1ec7 <span style=\"color: #d83131;\">VOLUTE<sup>TM<\/sup><\/span> c\u00f3 th\u1ec3 x\u1eed l\u00fd tr\u1ef1c ti\u1ebfp b\u00f9n c\u00f3 n\u1ed3ng \u0111\u1ed9 th\u1ea5p \u1edf m\u1ee9c 0.2% m\u00e0 kh\u00f4ng c\u1ea7n qua B\u1ec3 C\u00f4 \u0111\u1eb7c.<\/p>\n<p><img decoding=\"async\" loading=\"lazy\" class=\"size-medium wp-image-2643\" src=\"https:\/\/entechco.com.vn\/wp-content\/uploads\/2023\/08\/cong-nghe-Volute-1-800x299.png\" alt=\"C\u00f4ng ngh\u00ea VOLUTE c\u1ee7a M\u00e1y \u00e9p b\u00f9n tr\u1ee5c v\u00edt AMCON\" width=\"800\" height=\"299\" srcset=\"https:\/\/entechco.com.vn\/wp-content\/uploads\/2023\/08\/cong-nghe-Volute-1-800x299.png 800w, https:\/\/entechco.com.vn\/wp-content\/uploads\/2023\/08\/cong-nghe-Volute-1-768x287.png 768w, https:\/\/entechco.com.vn\/wp-content\/uploads\/2023\/08\/cong-nghe-Volute-1-18x7.png 18w, https:\/\/entechco.com.vn\/wp-content\/uploads\/2023\/08\/cong-nghe-Volute-1-247x92.png 247w, https:\/\/entechco.com.vn\/wp-content\/uploads\/2023\/08\/cong-nghe-Volute-1-510x190.png 510w, https:\/\/entechco.com.vn\/wp-content\/uploads\/2023\/08\/cong-nghe-Volute-1.png 962w\" sizes=\"(max-width: 800px) 100vw, 800px\" \/><\/p>\n<h3><span style=\"font-family: tahoma, arial, helvetica, sans-serif;\"><strong>1.2. \u01afu \u0111i\u1ec3m c\u1ee7a c\u00f4ng ngh\u1ec7<\/strong> <span style=\"color: #d83131;\">VOLUTE<sup>TM<\/sup><\/span>:<\/span><\/h3>\n<p>\u2022 Gi\u1ea3m chi ph\u00ed \u0111\u1ea7u t\u01b0 B\u1ec3 c\u00f4 \u0111\u1eb7c, B\u1ec3 ch\u1ee9a c\u0169ng nh\u01b0 gi\u1ea3m chi ph\u00ed v\u1eadn h\u00e0nh<\/p>\n<p>\u2022 Kh\u1eed m\u00f9i\u00a0 b\u1eb1ng c\u00e1ch l\u00e0m kh\u00f4 b\u00f9n sinh h\u1ecdc<\/p>\n<p>\u2022 Gi\u1ea3m t\u1ea3i l\u01b0\u1ee3ng Ph\u1ed1t pho trong x\u1eed l\u00fd n\u01b0\u1edbc th\u1ea3i<\/p>\n<p><em>*<a href=\"http:\/\/entechco.com.vn\/en\/\">ENTECHCO<\/a> chuy\u00ean cung c\u1ea5p c\u00e1c Thi\u1ebft b\u1ecb &#8211; h\u1ec7 th\u1ed1ng x\u1eed l\u00fd n\u01b0\u1edbc, b\u00f9n th\u1ea3i. H\u00e3y li\u00ean h\u1ec7 v\u1edbi ch\u00fang t\u00f4i \u0111\u1ec3 \u0111\u01b0\u1ee3c t\u01b0 v\u1ea5n k\u1ef9 h\u01a1n!<\/em><\/p>","protected":false},"excerpt":{"rendered":"<p>AMCON l\u00e0 nh\u00e0 s\u1ea3n xu\u1ea5t M\u00e1y \u00e9p b\u00f9n tr\u1ee5c v\u00edt \u0111\u1ebfn t\u1eeb Nh\u1eadt B\u1ea3n 1. T\u1ea1i sao n\u00ean l\u1ef1a ch\u1ecdn M\u00e1y \u00e9p b\u00f9n tr\u1ee5c v\u00edt AMCON? \u1ede c\u00e1c thi\u1ebft b\u1ecb x\u1eed l\u00fd th\u00f4ng th\u01b0\u1eddng, ch\u1ea5t th\u1ea3i r\u1eafn \u0111\u1ec1u \u0111\u01b0\u1ee3c x\u1eed l\u00fd \u0111\u1ec3 t\u00e1ch b\u1ecf n\u01b0\u1edbc, nh\u01b0ng lu\u00f4n ph\u00e1t sinh ra v\u1ea5n \u0111\u1ec1 t\u1eaft ngh\u1ebdn l\u1ed1i&#8230;<\/p>","protected":false},"featured_media":2650,"comment_status":"open","ping_status":"closed","template":"","meta":[],"product_cat":[313],"product_tag":[],"yst_prominent_words":[],"_links":{"self":[{"href":"http:\/\/entechco.com.vn\/en\/wp-json\/wp\/v2\/product\/2646"}],"collection":[{"href":"http:\/\/entechco.com.vn\/en\/wp-json\/wp\/v2\/product"}],"about":[{"href":"http:\/\/entechco.com.vn\/en\/wp-json\/wp\/v2\/types\/product"}],"replies":[{"embeddable":true,"href":"http:\/\/entechco.com.vn\/en\/wp-json\/wp\/v2\/comments?post=2646"}],"wp:featuredmedia":[{"embeddable":true,"href":"http:\/\/entechco.com.vn\/en\/wp-json\/wp\/v2\/media\/2650"}],"wp:attachment":[{"href":"http:\/\/entechco.com.vn\/en\/wp-json\/wp\/v2\/media?parent=2646"}],"wp:term":[{"taxonomy":"product_cat","embeddable":true,"href":"http:\/\/entechco.com.vn\/en\/wp-json\/wp\/v2\/product_cat?post=2646"},{"taxonomy":"product_tag","embeddable":true,"href":"http:\/\/entechco.com.vn\/en\/wp-json\/wp\/v2\/product_tag?post=2646"},{"taxonomy":"yst_prominent_words","embeddable":true,"href":"http:\/\/entechco.com.vn\/en\/wp-json\/wp\/v2\/yst_prominent_words?post=2646"}],"curies":[{"name":"wp","href":"https:\/\/api.w.org\/{rel}","templated":true}]}}