{"id":2506,"date":"2023-07-27T11:26:53","date_gmt":"2023-07-27T04:26:53","guid":{"rendered":"https:\/\/entechco.com.vn\/?post_type=product&#038;p=2506"},"modified":"2026-01-28T09:21:09","modified_gmt":"2026-01-28T02:21:09","slug":"vai-loc-pe-trong-nganh-mia-duong-vrc197a","status":"publish","type":"product","link":"http:\/\/entechco.com.vn\/en\/product\/vai-loc-pe-trong-nganh-mia-duong-vrc197a\/","title":{"rendered":"V\u1ea3i l\u1ecdc PE VRC197A ng\u00e0nh m\u00eda \u0111\u01b0\u1eddng"},"content":{"rendered":"<h1><strong>V\u1ea2<\/strong><strong>I L\u1eccC PE <\/strong><strong>VRC197A <\/strong><strong>NG\u00c0NH M\u00cdA \u0110\u01af\u1edcNG<\/strong><\/h1>\n<p>V\u1ea3i l\u1ecdc PE VRC197A ng\u00e0nh m\u00eda \u0111\u01b0\u1eddng l\u00e0 m\u1ed9t trong nh\u1eefng gi\u1ea3i ph\u00e1p l\u1ecdc hi\u1ec7u qu\u1ea3 \u0111\u00e1ng \u0111\u01b0\u1ee3c s\u1eed d\u1ee5ng;<\/p>\n<p>B\u1edfi nh\u1edd hi\u1ec7u qu\u1ea3 l\u1ecdc t\u1ed1t, t\u00e1ch c\u00e1c c\u1eb7n l\u01a1 l\u1eedng ra kh\u1ecfi dung d\u1ecbch \u0111\u01b0\u1eddng gi\u00fap s\u1ea3n ph\u1ea9m \u0111\u1ea1t ch\u1ea5t l\u01b0\u1ee3ng tinh cao<\/p>\n<p>V\u1ea3i l\u1ecdc l\u00e0 ph\u1ee5 ki\u1ec7n \u0111\u01b0\u1ee3c d\u00f9ng trong <a href=\"http:\/\/entechco.com.vn\/en\/product\/may-ep-khung-ban\/\">M\u00e1y \u00e9p khung b\u1ea3n<\/a>, \u0111\u01b0\u1ee3c thi\u1ebft k\u1ebf theo t\u1ea5m khung b\u1ea3n, \u0111\u01b0\u1ee3c gia c\u00f4ng theo k\u00edch th\u01b0\u1edbc y\u00eau c\u1ea7u.<\/p>\n<p>Tuy nhi\u00ean, b\u00ean c\u1ea1nh \u0111\u00f3 V\u1ea3i l\u1ecdc c\u0169ng c\u00f3 nhi\u1ec1u k\u00edch th\u01b0\u1edbc v\u00e0 \u0111\u1ed9 tho\u00e1ng kh\u00ed kh\u00e1c nhau \u0111\u1ec3 ph\u00f9 h\u1ee3p v\u1edbi t\u1eebng nhu c\u1ea7u c\u00f4ng \u0111o\u1ea1n c\u1ee5 th\u1ec3<\/p>\n<p>Trong b\u00e0i vi\u1ebft n\u00e0y, Ch\u00fang t\u00f4i gi\u1edbi thi\u1ec7u v\u1ec1 <em><strong>V\u1ea3i l\u1ecdc Polyester ( VRC197 &#8211; A ) \u0111\u01b0\u1ee3c \u1ee9ng d\u1ee5ng trong s\u1ea3n xu\u1ea5t m\u00eda \u0111\u01b0\u1eddng<\/strong><\/em><\/p>\n<h2><strong><span style=\"font-size: 85%;\">V\u1eacT LI\u1ec6U V\u1ea2I L\u1eccC\u00a0<\/span><\/strong><\/h2>\n<p>V\u1eadt li\u1ec7u v\u1ea3i l\u1ecdc t\u1eeb 100% Polyester ( PE )<\/p>\n<h2><strong><span style=\"font-size: 85%;\">L\u1ee2I \u00cdCH C\u1ee6A V\u1ea2I L\u1eccC\u00a0<\/span><\/strong><\/h2>\n<p>&#8211;\u00a0 Th\u00edch h\u1ee3p cho m\u00f4i tr\u01b0\u1eddng s\u1ea3n xu\u1ea5t m\u00eda \u0111\u01b0\u1eddng v\u1edbi nhi\u1ec7t \u0111\u1ed9 cao nh\u1edd kh\u1ea3 n\u0103ng ch\u1ecbu nhi\u1ec7t t\u1ed1t, ch\u1ed1ng m\u00e0i m\u00f2n cao,<\/p>\n<p>&#8211;\u00a0 K\u00edch th\u01b0\u1edbc v\u00e0 \u0111\u1ed9 tho\u00e1ng kh\u00ed \u0111\u01b0\u1ee3c gia c\u00f4ng theo y\u00eau c\u1ea7u, d\u1ec5 d\u00e0ng l\u1ef1a ch\u1ecdn c\u1ea5p \u0111\u1ed9 l\u1ecdc ph\u00f9 h\u1ee3p v\u1edbi t\u1eebng lo\u1ea1i k\u00edch th\u01b0\u1edbc c\u1eb7n,<\/p>\n<p>&#8211;\u00a0 S\u1eed d\u1ee5ng v\u1ea3i l\u1ecdc kh\u00f4ng y\u00eau c\u1ea7u k\u1ef9 thu\u1eadt ph\u1ee9c t\u1ea1p, gi\u00fap t\u0103ng t\u00ednh ti\u1ec7n l\u1ee3i v\u00e0 gi\u1ea3m th\u1eddi gian b\u1ea3o tr\u00ec.<\/p>","protected":false},"excerpt":{"rendered":"<p>V\u1ea2I L\u1eccC PE VRC197A NG\u00c0NH M\u00cdA \u0110\u01af\u1edcNG V\u1ea3i l\u1ecdc PE VRC197A ng\u00e0nh m\u00eda \u0111\u01b0\u1eddng l\u00e0 m\u1ed9t trong nh\u1eefng gi\u1ea3i ph\u00e1p l\u1ecdc hi\u1ec7u qu\u1ea3 \u0111\u00e1ng \u0111\u01b0\u1ee3c s\u1eed d\u1ee5ng; B\u1edfi nh\u1edd hi\u1ec7u qu\u1ea3 l\u1ecdc t\u1ed1t, t\u00e1ch c\u00e1c c\u1eb7n l\u01a1 l\u1eedng ra kh\u1ecfi dung d\u1ecbch \u0111\u01b0\u1eddng gi\u00fap s\u1ea3n ph\u1ea9m \u0111\u1ea1t ch\u1ea5t l\u01b0\u1ee3ng tinh cao V\u1ea3i l\u1ecdc l\u00e0 ph\u1ee5&#8230;<\/p>","protected":false},"featured_media":2513,"comment_status":"open","ping_status":"closed","template":"","meta":[],"product_cat":[286],"product_tag":[],"yst_prominent_words":[],"_links":{"self":[{"href":"http:\/\/entechco.com.vn\/en\/wp-json\/wp\/v2\/product\/2506"}],"collection":[{"href":"http:\/\/entechco.com.vn\/en\/wp-json\/wp\/v2\/product"}],"about":[{"href":"http:\/\/entechco.com.vn\/en\/wp-json\/wp\/v2\/types\/product"}],"replies":[{"embeddable":true,"href":"http:\/\/entechco.com.vn\/en\/wp-json\/wp\/v2\/comments?post=2506"}],"wp:featuredmedia":[{"embeddable":true,"href":"http:\/\/entechco.com.vn\/en\/wp-json\/wp\/v2\/media\/2513"}],"wp:attachment":[{"href":"http:\/\/entechco.com.vn\/en\/wp-json\/wp\/v2\/media?parent=2506"}],"wp:term":[{"taxonomy":"product_cat","embeddable":true,"href":"http:\/\/entechco.com.vn\/en\/wp-json\/wp\/v2\/product_cat?post=2506"},{"taxonomy":"product_tag","embeddable":true,"href":"http:\/\/entechco.com.vn\/en\/wp-json\/wp\/v2\/product_tag?post=2506"},{"taxonomy":"yst_prominent_words","embeddable":true,"href":"http:\/\/entechco.com.vn\/en\/wp-json\/wp\/v2\/yst_prominent_words?post=2506"}],"curies":[{"name":"wp","href":"https:\/\/api.w.org\/{rel}","templated":true}]}}