{"id":2038,"date":"2022-12-07T10:08:12","date_gmt":"2022-12-07T03:08:12","guid":{"rendered":"http:\/\/entechco.wesoft.vn\/?post_type=product&#038;p=2038"},"modified":"2022-12-26T10:18:01","modified_gmt":"2022-12-26T03:18:01","slug":"mang-loc-uf-aquadyn-ua1060-hp","status":"publish","type":"product","link":"http:\/\/entechco.com.vn\/en\/product\/mang-loc-uf-aquadyn-ua1060-hp\/","title":{"rendered":"M\u00c0NG L\u1eccC UF AQUADYN UA1060-HP"},"content":{"rendered":"<h2><span style=\"font-size: 85%;\"><strong><span style=\"color: #282828;\">Gi\u1edbi thi\u1ec7u m\u00f4-\u0111un Aquadyn UA1060-HP UF<\/span><\/strong><\/span><\/h2>\n<p><span style=\"color: #282828;\">M\u00e0ng l\u1ecdc UF l\u00e0 g\u00ec?<\/span><\/p>\n<p><span style=\"color: #282828;\">AQUADYN UA1060-HP UF modules feature a 0.025-micron pore size Polyacrylonitrile (PAN) hollow fiber membrane potted in a U-shaped arrangement.<\/span><\/p>\n<p><span style=\"color: #0000ff;\"><em>M\u00e0ng l\u1ecdc UF AQUADYN UA1060-HP c\u00f3 m\u00e0ng s\u1ee3i r\u1ed7ng Polyacrylonitrile (PAN) k\u00edch th\u01b0\u1edbc l\u1ed7 l\u1ecdc 0,025 micron \u0111\u01b0\u1ee3c x\u1ebfp th\u00e0nh h\u00ecnh ch\u1eef U.<\/em><\/span><\/p>\n<p><span style=\"color: #282828;\">With the ability to tolerate oil &amp; grease, these modules are most suitable for treating oily wastewaters from various industrial processes.<\/span><\/p>\n<p><span style=\"color: #0000ff;\"><em>V\u1edbi kh\u1ea3 n\u0103ng ch\u1ecbu d\u1ea7u m\u1ee1, m\u00f4-\u0111un n\u00e0y ph\u00f9 h\u1ee3p nh\u1ea5t \u0111\u1ec3 x\u1eed l\u00fd n\u01b0\u1edbc th\u1ea3i c\u00f3 d\u1ea7u t\u1eeb nhi\u1ec1u quy tr\u00ecnh c\u00f4ng nghi\u1ec7p kh\u00e1c nhau.<\/em><\/span><\/p>\n<p><span style=\"color: #282828;\">They operate at a very low feed pressure due to the high hydrophilicity of PAN membrane, which leads to energy savings.<\/span><\/p>\n<p><span style=\"color: #0000ff;\"><em>Ho\u1ea1t \u0111\u1ed9ng \u1edf \u00e1p su\u1ea5t r\u1ea5t th\u1ea5p do m\u00e0ng PAN c\u00f3 t\u00ednh h\u00fat n\u01b0\u1edbc cao, d\u1eabn \u0111\u1ebfn ti\u1ebft ki\u1ec7m n\u0103ng l\u01b0\u1ee3ng.<\/em><\/span><\/p>\n<h3><span style=\"color: #282828; font-size: 85%;\"><strong>Advangtage \/ <em><span style=\"color: #0000ff;\">\u01afu \u0111i\u1ec3m m\u00e0ng l\u1ecdc UF Aquadyn UA1060-HP<\/span><\/em><\/strong><\/span><\/h3>\n<p><span style=\"color: #282828;\">Low construction costs compared to traditional water treatment plants<\/span><\/p>\n<p><span style=\"color: #0000ff;\"><em>Chi ph\u00ed l\u1eafp \u0111\u1eb7t th\u1ea5p h\u01a1n<\/em><\/span><\/p>\n<p><span style=\"color: #282828;\">Low operating costs<\/span><\/p>\n<p><span style=\"color: #0000ff;\"><em>Ti\u1ebft ki\u1ec7m chi ph\u00ed v\u1eadn h\u00e0nh<\/em><\/span><\/p>\n<p><span style=\"color: #282828;\">Low chemical consumption<\/span><\/p>\n<p><span style=\"color: #0000ff;\"><em>Ti\u1ebft ki\u1ec7m ho\u00e1 ch\u1ea5t h\u01a1n<\/em><\/span><\/p>\n<p><span style=\"color: #282828;\">Constant effluent quality<\/span><\/p>\n<p><span style=\"color: #0000ff;\"><em>Ch\u1ea5t l\u01b0\u1ee3ng l\u1ecdc t\u1ed1i \u01b0u<\/em><\/span><\/p>\n<h3><span style=\"color: #282828; font-size: 85%;\"><strong>Note \/ <em><span style=\"color: #0000ff;\">Ghi ch\u00fa<\/span><\/em><\/strong><\/span><\/h3>\n<p><span style=\"color: #282828;\">AQUADYN UA1060-HP modules must be installed correctly before start-up.<\/span><\/p>\n<p><span style=\"color: #0000ff;\"><em>M\u00e0ng UF AQUADYN UA1060-HP ph\u1ea3i \u0111\u01b0\u1ee3c c\u00e0i \u0111\u1eb7t \u0111\u00fang c\u00e1ch tr\u01b0\u1edbc khi kh\u1edfi \u0111\u1ed9ng.<\/em><\/span><\/p>\n<p><span style=\"color: #282828;\">AQUADYN UA1060-HP modules must be cleaned routinely via backwash to ensure proper operation and to prevent membrane damage.<\/span><\/p>\n<p><span style=\"color: #0000ff;\"><em>M\u00e0ng UF AQUADYN UA1060-HP ph\u1ea3i \u0111\u01b0\u1ee3c l\u00e0m s\u1ea1ch th\u01b0\u1eddng xuy\u00ean th\u00f4ng qua r\u1eeda ng\u01b0\u1ee3c \u0111\u1ec3 \u0111\u1ea3m b\u1ea3o v\u1eadn h\u00e0nh th\u00edch h\u1ee3p v\u00e0 ng\u0103n ng\u1eeba h\u01b0 h\u1ecfng m\u00e0ng.<\/em><\/span><\/p>\n<p><span style=\"color: #282828;\">Tham kh\u1ea3o th\u00eam c\u00e1c d\u00f2ng s\u1ea3n ph\u1ea9m kh\u00e1c<a href=\"http:\/\/entechco.wesoft.vn\/san-pham\/mang-uf-aquadyn-ua860\/\">: AQUADYN UA860 UF<\/a><\/span><\/p>\n<p><a href=\"https:\/\/water-fluid-filtration.mann-hummel.com\/en\/products\/water-wastewater-treatment\/aquadyn-uf.html\"><span style=\"color: #282828;\">Chi ti\u1ebft xem t\u1ea1i \u0111\u00e2y<\/span><\/a><\/p>","protected":false},"excerpt":{"rendered":"<p>Gi\u1edbi thi\u1ec7u m\u00f4-\u0111un Aquadyn UA1060-HP UF M\u00e0ng l\u1ecdc UF l\u00e0 g\u00ec? AQUADYN UA1060-HP UF modules feature a 0.025-micron pore size Polyacrylonitrile (PAN) hollow fiber membrane potted in a U-shaped arrangement. M\u00e0ng l\u1ecdc UF AQUADYN UA1060-HP c\u00f3 m\u00e0ng s\u1ee3i r\u1ed7ng Polyacrylonitrile (PAN) k\u00edch th\u01b0\u1edbc l\u1ed7 l\u1ecdc 0,025 micron \u0111\u01b0\u1ee3c x\u1ebfp th\u00e0nh h\u00ecnh ch\u1eef U. With the&#8230;<\/p>","protected":false},"featured_media":2164,"comment_status":"open","ping_status":"closed","template":"","meta":[],"product_cat":[74],"product_tag":[],"yst_prominent_words":[],"_links":{"self":[{"href":"http:\/\/entechco.com.vn\/en\/wp-json\/wp\/v2\/product\/2038"}],"collection":[{"href":"http:\/\/entechco.com.vn\/en\/wp-json\/wp\/v2\/product"}],"about":[{"href":"http:\/\/entechco.com.vn\/en\/wp-json\/wp\/v2\/types\/product"}],"replies":[{"embeddable":true,"href":"http:\/\/entechco.com.vn\/en\/wp-json\/wp\/v2\/comments?post=2038"}],"wp:featuredmedia":[{"embeddable":true,"href":"http:\/\/entechco.com.vn\/en\/wp-json\/wp\/v2\/media\/2164"}],"wp:attachment":[{"href":"http:\/\/entechco.com.vn\/en\/wp-json\/wp\/v2\/media?parent=2038"}],"wp:term":[{"taxonomy":"product_cat","embeddable":true,"href":"http:\/\/entechco.com.vn\/en\/wp-json\/wp\/v2\/product_cat?post=2038"},{"taxonomy":"product_tag","embeddable":true,"href":"http:\/\/entechco.com.vn\/en\/wp-json\/wp\/v2\/product_tag?post=2038"},{"taxonomy":"yst_prominent_words","embeddable":true,"href":"http:\/\/entechco.com.vn\/en\/wp-json\/wp\/v2\/yst_prominent_words?post=2038"}],"curies":[{"name":"wp","href":"https:\/\/api.w.org\/{rel}","templated":true}]}}