{"id":2003,"date":"2022-11-24T14:20:31","date_gmt":"2022-11-24T07:20:31","guid":{"rendered":"http:\/\/entechco.wesoft.vn\/?post_type=product&#038;p=2003"},"modified":"2022-12-26T10:19:19","modified_gmt":"2022-12-26T03:19:19","slug":"mang-ro-microdyn-bw","status":"publish","type":"product","link":"http:\/\/entechco.com.vn\/en\/product\/mang-ro-microdyn-bw\/","title":{"rendered":"M\u00c0NG RO MICRODYN BW"},"content":{"rendered":"<h1><span style=\"font-size: 85%; font-family: tahoma, arial, helvetica, sans-serif; color: #282828;\"><strong>Gi\u1edbi thi\u1ec7u s\u1ea3n ph\u1ea9m M\u00e0ng RO MICRODYN BW &#8211; <a href=\"https:\/\/water-fluid-filtration.mann-hummel.com\/en\/products\/water-wastewater-treatment\/microdyn-ro-nf.html\">MANN HUMMEL<\/a> \u0110\u1ee9c<\/strong><\/span><\/h1>\n<p><span style=\"color: #282828; font-family: tahoma, arial, helvetica, sans-serif;\">M\u00e0ng RO MICRODYN BW l\u00e0 d\u00f2ng m\u00e0ng n\u01b0\u1edbc l\u1ee3 \u1ee9ng d\u1ee5ng t\u1ed1t cho c\u00e1c h\u1ec7 th\u1ed1ng x\u1eed l\u00fd n\u01b0\u1edbc.\u00a0<\/span><\/p>\n<p><span style=\"color: #282828; font-family: tahoma, arial, helvetica, sans-serif;\">S\u1edf h\u1eefu c\u00f4ng ngh\u1ec7 s\u1ea3n xu\u1ea5t m\u00e0ng t\u1ed1t nh\u1ea5t gi\u00fap c\u1ea3i ti\u1ebfn hi\u1ec7u su\u1ea5t v\u00e0 kh\u1ea3 n\u0103ng lo\u1ea1i b\u1ecf ch\u1ea5t h\u00f2a tan.<\/span><\/p>\n<p><span style=\"color: #282828; font-family: tahoma, arial, helvetica, sans-serif;\">S\u1ea3n ph\u1ea9m \u0111\u01b0\u1ee3c ch\u1ee9ng nh\u1eadn NSF\/ANSI Standard 61 \u0111\u1ea1t ch\u1ea5t l\u01b0\u1ee3ng cho h\u1ec7 th\u1ed1ng l\u1ecdc n\u01b0\u1edbc u\u1ed1ng. <\/span><\/p>\n<p><span style=\"color: #282828; font-family: tahoma, arial, helvetica, sans-serif;\">M\u00e0ng l\u1ecdc th\u1ea9m th\u1ea5u ng\u01b0\u1ee3c (RO) lo\u1ea1i b\u1ecf ph\u1ea7n l\u1edbn c\u00e1c ch\u1ea5t \u00f4 nhi\u1ec5m trong n\u01b0\u1edbc, k\u1ec3 c\u1ea3 nh\u1eefng ion \u0111\u01a1n h\u00f3a tr\u1ecb nh\u1ecf nh\u1ea5t.\u00a0<\/span><\/p>\n<p><span style=\"color: #282828; font-family: tahoma, arial, helvetica, sans-serif;\">C\u00f3 kh\u1ea3 n\u0103ng lo\u1ea1i b\u1ecf h\u01a1n 99% mu\u1ed1i h\u00f2a tan (ion), c\u00e1c h\u1ea1t, t\u1ea1p ch\u1ea5t v\u00e0 nhi\u1ec1u th\u1ee9 kh\u00e1c t\u1eeb n\u01b0\u1edbc c\u1ea5p.<\/span><\/p>\n<h3><span style=\"font-size: 85%; color: #282828; font-family: tahoma, arial, helvetica, sans-serif;\"><strong>M\u00e0ng RO MICRODYN BW l\u00e0 d\u00f2ng s\u1ea3n ph\u1ea9m thu\u1ed9c\u00a0<a style=\"color: #282828;\" href=\"https:\/\/water-fluid-filtration.mann-hummel.com\/en.html\">MANN + HUMMEL Water &amp; Fluid Solutions<\/a> \u0111\u1ebfn t\u1eeb \u0110\u1ee9c.<\/strong><\/span><\/h3>\n<p><span style=\"color: #282828; font-family: tahoma, arial, helvetica, sans-serif;\">M\u00e0ng RO BW l\u00e0 d\u00f2ng s\u1ea3n ph\u00e2m l\u00fd t\u01b0\u1edfng tuy\u1ec7t v\u1eddi cho vi\u1ec7c x\u1eed l\u00fd n\u01b0\u1edbc s\u1ea1ch.<\/span><\/p>\n<h3><span style=\"font-size: 85%; font-family: tahoma, arial, helvetica, sans-serif; color: #282828;\"><strong>\u01afu \u0111i\u1ec3m v\u01b0\u1ee3t tr\u1ed9i c\u1ee7a d\u00f2ng BW<\/strong><\/span><\/h3>\n<p><span style=\"color: #282828; font-family: tahoma, arial, helvetica, sans-serif;\">Kh\u1ea3 n\u0103ng lo\u1ea1i b\u1ecf c\u00e1c t\u1ea1p ch\u1ea5t t\u1ed1t, l\u00e0 s\u1ef1 l\u1ef1a ch\u1ecdn ho\u00e0n h\u1ea3o cho c\u00e1c \u1ee9ng d\u1ee5ng y\u00eau c\u1ea7u l\u1ecdc n\u01b0\u1edbc tinh khi\u1ebft.<\/span><\/p>\n<p><span style=\"color: #282828; font-family: tahoma, arial, helvetica, sans-serif;\">\u1ee8ng d\u1ee5ng trong c\u00e1c ng\u00e0nh c\u00f4ng nghi\u1ec7p d\u01b0\u1ee3c ph\u1ea9m v\u00e0 c\u00f4ng ngh\u1ec7 sinh h\u1ecdc,&#8230;<\/span><\/p>\n<p><span style=\"color: #282828; font-family: tahoma, arial, helvetica, sans-serif;\">M\u00e0ng RO BW l\u00e0 d\u00f2ng m\u00e0ng \u00e1p th\u1ea5p v\u00e0 c\u1ef1c th\u1ea5p, gi\u00fap ti\u1ebft ki\u1ec7m chi ph\u00ed v\u1eadn h\u00e0nh.<\/span><\/p>\n<p><span style=\"color: #282828; font-family: tahoma, arial, helvetica, sans-serif;\">C\u00e1c l\u00f5i l\u1ecdc RO c\u1ee7a MICRODYN c\u00f3 t\u00ednh lo\u1ea1i b\u1ecf cao do c\u1ea5u tr\u00fac m\u00e0ng m\u1ecfng.<\/span><\/p>\n<p><span style=\"color: #282828; font-family: tahoma, arial, helvetica, sans-serif;\">Thu\u1ed9c top m\u00e0ng RO d\u1eabn \u0111\u1ea7u v\u1ec1 kh\u1ea3 n\u0103ng lo\u1ea1i b\u1ecf mu\u1ed1i cao v\u1edbi \u00e1p su\u1ea5t v\u1eadn h\u00e0nh th\u1ea5p.<br \/>\n<\/span><\/p>\n<p><span style=\"color: #282828; font-family: tahoma, arial, helvetica, sans-serif;\">\u1ede \u1ee9ng d\u1ee5ng m\u00e0ng \u00e1p cao c\u00f3 kh\u1ea3 n\u0103ng lo\u1ea1i mu\u1ed1i \u0111\u1ebfn 99.5%.<\/span><\/p>\n<p><span style=\"font-family: tahoma, arial, helvetica, sans-serif; color: #282828;\">C\u00e1c d\u00f2ng s\u1ea3n ph\u1ea9m kh\u00e1c c\u1ee7a MICRODYN RO: <a href=\"http:\/\/entechco.wesoft.vn\/san-pham\/mang-loc-ro-microdyn-le\/\">MICRODYN RO LE<\/a>, <a href=\"http:\/\/entechco.wesoft.vn\/san-pham\/mang-loc-ro-microdyn-xle\/\">MICRODYN RO XLE<\/a><\/span><\/p>","protected":false},"excerpt":{"rendered":"<p>Gi\u1edbi thi\u1ec7u s\u1ea3n ph\u1ea9m M\u00e0ng RO MICRODYN BW &#8211; MANN HUMMEL \u0110\u1ee9c M\u00e0ng RO MICRODYN BW l\u00e0 d\u00f2ng m\u00e0ng n\u01b0\u1edbc l\u1ee3 \u1ee9ng d\u1ee5ng t\u1ed1t cho c\u00e1c h\u1ec7 th\u1ed1ng x\u1eed l\u00fd n\u01b0\u1edbc.\u00a0 S\u1edf h\u1eefu c\u00f4ng ngh\u1ec7 s\u1ea3n xu\u1ea5t m\u00e0ng t\u1ed1t nh\u1ea5t gi\u00fap c\u1ea3i ti\u1ebfn hi\u1ec7u su\u1ea5t v\u00e0 kh\u1ea3 n\u0103ng lo\u1ea1i b\u1ecf ch\u1ea5t h\u00f2a tan. S\u1ea3n ph\u1ea9m&#8230;<\/p>","protected":false},"featured_media":2163,"comment_status":"open","ping_status":"closed","template":"","meta":[],"product_cat":[209,75],"product_tag":[],"yst_prominent_words":[],"_links":{"self":[{"href":"http:\/\/entechco.com.vn\/en\/wp-json\/wp\/v2\/product\/2003"}],"collection":[{"href":"http:\/\/entechco.com.vn\/en\/wp-json\/wp\/v2\/product"}],"about":[{"href":"http:\/\/entechco.com.vn\/en\/wp-json\/wp\/v2\/types\/product"}],"replies":[{"embeddable":true,"href":"http:\/\/entechco.com.vn\/en\/wp-json\/wp\/v2\/comments?post=2003"}],"wp:featuredmedia":[{"embeddable":true,"href":"http:\/\/entechco.com.vn\/en\/wp-json\/wp\/v2\/media\/2163"}],"wp:attachment":[{"href":"http:\/\/entechco.com.vn\/en\/wp-json\/wp\/v2\/media?parent=2003"}],"wp:term":[{"taxonomy":"product_cat","embeddable":true,"href":"http:\/\/entechco.com.vn\/en\/wp-json\/wp\/v2\/product_cat?post=2003"},{"taxonomy":"product_tag","embeddable":true,"href":"http:\/\/entechco.com.vn\/en\/wp-json\/wp\/v2\/product_tag?post=2003"},{"taxonomy":"yst_prominent_words","embeddable":true,"href":"http:\/\/entechco.com.vn\/en\/wp-json\/wp\/v2\/yst_prominent_words?post=2003"}],"curies":[{"name":"wp","href":"https:\/\/api.w.org\/{rel}","templated":true}]}}