{"id":2002,"date":"2022-11-24T13:56:03","date_gmt":"2022-11-24T06:56:03","guid":{"rendered":"http:\/\/entechco.wesoft.vn\/?post_type=product&#038;p=2002"},"modified":"2022-12-26T10:21:30","modified_gmt":"2022-12-26T03:21:30","slug":"mang-mbr-bio-cel-xl-2-entechco","status":"publish","type":"product","link":"http:\/\/entechco.com.vn\/en\/product\/mang-mbr-bio-cel-xl-2-entechco\/","title":{"rendered":"M\u00e0ng MBR BIO-CEL XL-2"},"content":{"rendered":"<h2><span style=\"font-family: tahoma, arial, helvetica, sans-serif; color: #282828;\">M\u00c0NG MBR &#8211; BIO-CEL MBR XL-2 &#8211; MYCRODYN NADIR &#8211; MANN HUMMEL<\/span><\/h2>\n<p><span style=\"font-family: tahoma, arial, helvetica, sans-serif; color: #282828;\">D\u00f2ng BIO-CEL MBR XL-2 s\u1eed d\u1ee5ng c\u00f4ng ngh\u1ec7 m\u1edbi v\u00e0 l\u00e0 s\u1ef1 l\u1ef1a ch\u1ecdn ho\u00e0n h\u1ea3o trong qu\u00e1 tr\u00ecnh x\u1eed l\u00fd sinh h\u1ecdc, \u1ee9ng d\u1ee5ng cho x\u1eed l\u00fd n\u01b0\u1edbc th\u1ea3i c\u00f4ng nghi\u1ec7p v\u00e0 n\u01b0\u1edbc th\u1ea3i sinh ho\u1ea1t.<\/span><\/p>\n<p><span style=\"font-family: tahoma, arial, helvetica, sans-serif; color: #282828;\">BIO-CEL XL-2 l\u00e0 m\u1ed9t s\u1ea3n ph\u1ea9m n\u1eb1m trong c\u00e1c series s\u1ea3n ph\u1ea9m MBR c\u1ee7a <a style=\"color: #282828;\" href=\"https:\/\/water-fluid-filtration.mann-hummel.com\/en\/products\/water-wastewater-treatment\/bio-cel-mbr\/bio-cel-l2.html\">Mycrodyn Nadir &#8211; Mann + Hummel<\/a>.<br \/>\n<\/span><\/p>\n<p><span style=\"font-family: tahoma, arial, helvetica, sans-serif; color: #282828;\">BIO-CEL MBR XL-2 k\u1ebft h\u1ee3p nh\u1eefng l\u1ee3i \u00edch c\u1ee7a m\u00e0ng s\u1ee3i r\u1ed7ng truy\u1ec1n th\u1ed1ng, m\u00e0ng t\u1ea5m ph\u1eb3ng v\u00e0 khung m\u00e0 kh\u00f4ng c\u00f3 b\u1ea5t k\u1ef3 nh\u01b0\u1ee3c \u0111i\u1ec3m n\u00e0o.<\/span><\/p>\n<p><span style=\"font-family: tahoma, arial, helvetica, sans-serif; color: #282828;\">Module c\u00f3 nhi\u1ec1u t\u1ea5m m\u00e0ng m\u1ecfng \u0111\u01b0\u1ee3c x\u1ebfp v\u1edbi m\u1eadt \u0111\u1ed9 r\u1ea5t cao, t\u1ea5t c\u1ea3 \u0111\u01b0\u1ee3c x\u1ebfp l\u00e0m m\u1ed9t tr\u00ean m\u1ed9t m\u00f4-\u0111un.<\/span><\/p>\n<p><span style=\"font-family: tahoma, arial, helvetica, sans-serif; color: #282828;\">C\u00e1c t\u1ea5m m\u00e0ng n\u00e0y n\u00f3 h\u1ed7 tr\u1ee3 l\u1eabn nhau v\u00e0 c\u00f3 kh\u1ea3 n\u0103ng t\u1ef1 ph\u1ee5c h\u1ed3i, kh\u1ea3 n\u0103ng t\u1ef1 r\u1eeda ng\u01b0\u1ee3c.<\/span><\/p>\n<p><span style=\"font-family: tahoma, arial, helvetica, sans-serif; color: #282828;\">C\u1ea5u t\u1ea1o m\u00f4-\u0111un m\u00e0ng MBR XL-2 c\u00f3 \u0111i\u1ec3m k\u1ebft n\u1ed1i cho d\u00f2ng th\u1ea5m v\u00e0 kh\u00ed.<\/span><\/p>\n<p><span style=\"font-family: tahoma, arial, helvetica, sans-serif; color: #282828;\">T\u1ed5ng di\u1ec7n t\u00edch m\u00e0ng XL-2 l\u00ean t\u1edbi 1920 m<sup>2\u00a0<\/sup><\/span><\/p>\n<p><span style=\"font-family: tahoma, arial, helvetica, sans-serif; color: #282828;\">Module m\u00e0ng MBR XL-2 c\u00f3 th\u1ec3 x\u1eed l\u00fd m\u1ed9t l\u01b0\u1ee3ng n\u01b0\u1edbc th\u1ea3i\u00a0 &gt; 1000 m<sup>3<\/sup>\/ ng\u00e0y.<\/span><\/p>\n<p><span style=\"font-family: tahoma, arial, helvetica, sans-serif; color: #282828;\">M\u00e0ng MBR BIO-CEL XL-2 l\u00e0 l\u1ef1a ch\u1ecdn th\u00edch h\u1ee3p cho nh\u00e0 m\u00e1y,\u00a0 khu c\u00f4ng nghi\u1ec7p, t\u00f2a nh\u00e0, kh\u00e1ch s\u1ea1n, b\u1ec7nh vi\u1ec7n,&#8230;v\u1edbi gi\u00e1 c\u1ea3 ph\u00f9 h\u1ee3p.<br \/>\n<\/span><\/p>\n<p><span style=\"font-family: tahoma, arial, helvetica, sans-serif; color: #282828;\">C\u00e1c s\u1ea3n ph\u1ea9m kh\u00e1c n\u1eb1m trong series MBR: <a style=\"color: #282828;\" href=\"http:\/\/entechco.wesoft.vn\/san-pham\/bio-cel-mbr-easy\/\">BIO- CEL MBR EASY<\/a>, <a style=\"color: #282828;\" href=\"http:\/\/entechco.wesoft.vn\/san-pham\/mang-mbr-bio-cel-l-2\/\">BIO-CEL MBR L-2<\/a><\/span><\/p>","protected":false},"excerpt":{"rendered":"<p>M\u00c0NG MBR &#8211; BIO-CEL MBR XL-2 &#8211; MYCRODYN NADIR &#8211; MANN HUMMEL D\u00f2ng BIO-CEL MBR XL-2 s\u1eed d\u1ee5ng c\u00f4ng ngh\u1ec7 m\u1edbi v\u00e0 l\u00e0 s\u1ef1 l\u1ef1a ch\u1ecdn ho\u00e0n h\u1ea3o trong qu\u00e1 tr\u00ecnh x\u1eed l\u00fd sinh h\u1ecdc, \u1ee9ng d\u1ee5ng cho x\u1eed l\u00fd n\u01b0\u1edbc th\u1ea3i c\u00f4ng nghi\u1ec7p v\u00e0 n\u01b0\u1edbc th\u1ea3i sinh ho\u1ea1t. BIO-CEL XL-2 l\u00e0 m\u1ed9t s\u1ea3n ph\u1ea9m&#8230;<\/p>","protected":false},"featured_media":2165,"comment_status":"open","ping_status":"closed","template":"","meta":[],"product_cat":[209,76],"product_tag":[],"yst_prominent_words":[],"_links":{"self":[{"href":"http:\/\/entechco.com.vn\/en\/wp-json\/wp\/v2\/product\/2002"}],"collection":[{"href":"http:\/\/entechco.com.vn\/en\/wp-json\/wp\/v2\/product"}],"about":[{"href":"http:\/\/entechco.com.vn\/en\/wp-json\/wp\/v2\/types\/product"}],"replies":[{"embeddable":true,"href":"http:\/\/entechco.com.vn\/en\/wp-json\/wp\/v2\/comments?post=2002"}],"wp:featuredmedia":[{"embeddable":true,"href":"http:\/\/entechco.com.vn\/en\/wp-json\/wp\/v2\/media\/2165"}],"wp:attachment":[{"href":"http:\/\/entechco.com.vn\/en\/wp-json\/wp\/v2\/media?parent=2002"}],"wp:term":[{"taxonomy":"product_cat","embeddable":true,"href":"http:\/\/entechco.com.vn\/en\/wp-json\/wp\/v2\/product_cat?post=2002"},{"taxonomy":"product_tag","embeddable":true,"href":"http:\/\/entechco.com.vn\/en\/wp-json\/wp\/v2\/product_tag?post=2002"},{"taxonomy":"yst_prominent_words","embeddable":true,"href":"http:\/\/entechco.com.vn\/en\/wp-json\/wp\/v2\/yst_prominent_words?post=2002"}],"curies":[{"name":"wp","href":"https:\/\/api.w.org\/{rel}","templated":true}]}}