{"id":161,"date":"2014-08-10T10:06:55","date_gmt":"2014-08-10T10:06:55","guid":{"rendered":"http:\/\/uxthemes.wpengine.com\/?post_type=product&#038;p=395"},"modified":"2026-01-28T09:41:42","modified_gmt":"2026-01-28T02:41:42","slug":"vai-loc-khung-ban","status":"publish","type":"product","link":"http:\/\/entechco.com.vn\/en\/product\/vai-loc-khung-ban\/","title":{"rendered":"V\u1ea2I L\u1eccC KHUNG B\u1ea2N"},"content":{"rendered":"<h2><span style=\"color: #282828;\"><strong>V\u1ea2I L\u1eccC KHUNG B\u1ea2N &#8211; FILTER CLOTH<br \/>\n<\/strong><\/span><\/h2>\n<p><span style=\"color: #282828;\">ENTECHCO chuy\u00ean nh\u1eadp kh\u1ea9u, gia c\u00f4ng, V\u1ea3i l\u1ecdc \u00e9p khung b\u1ea3n cho <span style=\"color: #0000ff;\"><a style=\"color: #0000ff;\" href=\"https:\/\/entechco.com.vn\/en\/product-category\/thiet-bi-loc\/loc-chat-long\/may-ep-khung-ban-1\/\">m\u00e1y \u00e9p khung b\u1ea3n<\/a><\/span>.\u00a0<\/span><\/p>\n<p><span style=\"color: #282828;\">Lu\u00f4n t\u1eadp trung v\u00e0o vi\u1ec7c cung c\u1ea5p h\u1ed7 tr\u1ee3 v\u00e0 h\u1ed7 tr\u1ee3 k\u1ef9 thu\u1eadt cho m\u1ed7i kh\u00e1ch h\u00e0ng.<\/span><\/p>\n<p><span style=\"color: #282828;\">Gi\u1ea3i quy\u1ebft c\u00e1c nhu c\u1ea7u c\u1ee5 th\u1ec3 c\u1ee7a \u1ee9ng d\u1ee5ng c\u1ee7a t\u1eebng nh\u00e0 m\u00e1y.<\/span><\/p>\n<p><span style=\"color: #282828;\">V\u1ea3i l\u1ecdc khung b\u1ea3n hay (v\u1ea3i l\u1ecdc cho \u00e9p khung b\u1ea3n) t\u00e1ch c\u00e1c ch\u1ea5t r\u1eafn v\u00e0 ch\u1ea5t l\u1ecfng, \u0111\u01b0\u1ee3c thi\u1ebft k\u1ebf theo t\u1ea5m khung b\u1ea3n.<\/span><\/p>\n<p><span style=\"color: #282828;\"><strong>C\u00c1C KI\u1ec2U D\u1ec6T V\u1ea2I L\u1eccC.<br \/>\n<\/strong><\/span><\/p>\n<p><span style=\"color: #282828;\">Ki\u1ec3u d\u1ec7t Plain. <\/span><\/p>\n<p><span style=\"color: #282828;\">Ki\u1ec3u d\u1ec7t Twills.<\/span><\/p>\n<p><span style=\"color: #282828;\">Ki\u1ec3u d\u1ec7t Satins. <\/span><\/p>\n<p><span style=\"color: #282828;\">Ki\u1ec3u d\u1ec7t Double Layers.<\/span><\/p>\n<p><span style=\"color: #282828;\">Ki\u1ec3u d\u1ec7t Complex Weaves.<\/span><\/p>\n<p><span style=\"color: #282828;\">Do \u0111\u00f3 ph\u00f9 h\u1ee3p cho nhi\u1ec1u \u1ee9ng d\u1ee5ng kh\u00e1c nhau trong ng\u00e0nh l\u1ecdc c\u00f4ng nghi\u1ec7p.<\/span><\/p>\n<p><span style=\"color: #282828;\"><strong>V\u1eacT LI\u1ec6U V\u1ea2I L\u1eccC.<br \/>\n<\/strong><\/span><\/p>\n<p><span style=\"color: #282828;\">Cotton, Polyester (PET), Polypropylene (PP), Polyamide (PA),..<\/span><\/p>\n<p><span style=\"color: #282828;\">Polypropylene PP: PP l\u00e0 v\u1eadt li\u1ec7u ph\u1ed5 bi\u1ebfn cho v\u1ea3i l\u1ecdc. S\u1eed d\u1ee5ng t\u1ed1t cho m\u00f4i tr\u01b0\u1eddng h\u00f3a ch\u1ea5t Axit, Ki\u1ec1m,&#8230;<\/span><\/p>\n<p><span style=\"color: #282828;\">Polyester PE: Suitable for high heat activity or oxidizing agent.<\/span><\/p>\n<p><span style=\"color: #282828;\">Nylon (PA): Generally chosen for longevity when the fabric is in contact with abrasive surfaces.<\/span><\/p>\n<p><span style=\"color: #282828;\"><strong>L\u1ee2I \u00cdCH V\u1ea2I L\u1eccC.<br \/>\n<\/strong><\/span><\/p>\n<p><span style=\"color: #282828;\">Kh\u1ea3 n\u0103ng ch\u1ed1ng m\u00e0i m\u00f2n t\u1ed1t.<\/span><\/p>\n<p><span style=\"color: #282828;\">V\u1eadt li\u1ec7u \u0111a d\u1ea1ng d\u1eabn \u0111\u1ebfn kh\u1ea3 n\u0103ng th\u00edch nghi cho nhi\u1ec1u lo\u1ea1i m\u00f4i t\u01b0\u1eddng kh\u00e1c nhau.<\/span><\/p>\n<p><span style=\"color: #282828;\">Ch\u1ecbu \u0111\u01b0\u1ee3c t\u1ed1t m\u00f4i tr\u01b0\u1eddng h\u00f3a ch\u1ea5t a-x\u00edt, ki\u1ec1m, nhi\u1ec7t \u0111\u1ed9 cao,&#8230;<\/span><\/p>\n<p><span style=\"color: #282828;\">Tu\u1ed5i th\u1ecd cao.<\/span><\/p>\n<p><span style=\"color: #282828;\">T\u1ea1o b\u00e1nh b\u00f9n kh\u00f4 sau\u00a0 \u00e9p.<\/span><\/p>\n<p><span style=\"color: #282828;\"><strong>GIA C\u00d4NG V\u1ea2I.<br \/>\n<\/strong><\/span><\/p>\n<p><span style=\"color: #282828;\">Gia c\u00f4ng: C\u00e1c l\u1ed7 c\u1ed1 \u0111\u1ecbnh, c\u1ed5 n\u1ed1i, k\u1ebft n\u1ed1i b\u1eb1ng mi\u1ebfng d\u00ednh.<\/span><\/p>\n<p><span style=\"color: #282828;\"><img decoding=\"async\" loading=\"lazy\" class=\"aligncenter wp-image-1180\" title=\"gia c\u00f4ng v\u1ea3i l\u1ecdc khung b\u1ea3n\" src=\"http:\/\/entechco.wesoft.vn\/wp-content\/uploads\/2014\/08\/Barrel-eyelet-618x400.png\" alt=\"gia c\u00f4ng v\u1ea3i l\u1ecdc khung b\u1ea3n\" width=\"419\" height=\"271\" srcset=\"https:\/\/entechco.com.vn\/wp-content\/uploads\/2014\/08\/Barrel-eyelet-618x400.png 618w, https:\/\/entechco.com.vn\/wp-content\/uploads\/2014\/08\/Barrel-eyelet-768x497.png 768w, https:\/\/entechco.com.vn\/wp-content\/uploads\/2014\/08\/Barrel-eyelet-247x160.png 247w, https:\/\/entechco.com.vn\/wp-content\/uploads\/2014\/08\/Barrel-eyelet-510x330.png 510w, https:\/\/entechco.com.vn\/wp-content\/uploads\/2014\/08\/Barrel-eyelet.png 860w\" sizes=\"(max-width: 419px) 100vw, 419px\" \/><\/span><\/p>\n<p><span style=\"color: #282828;\">B\u00f4i l\u1edbp keo t\u1ea1i c\u00e1c \u0111\u01b0\u1eddng bi\u00ean v\u1ea3i l\u1ecdc.<\/span><\/p>\n<p><span style=\"color: #282828;\"><img decoding=\"async\" loading=\"lazy\" class=\"aligncenter wp-image-1181\" title=\"b\u00f4i keo v\u1ea3i l\u1ecdc khung b\u1ea3n\" src=\"http:\/\/entechco.wesoft.vn\/wp-content\/uploads\/2014\/08\/Edge-coat.png\" alt=\"b\u00f4i keo v\u1ea3i l\u1ecdc khung b\u1ea3n\" width=\"492\" height=\"284\" srcset=\"https:\/\/entechco.com.vn\/wp-content\/uploads\/2014\/08\/Edge-coat.png 612w, https:\/\/entechco.com.vn\/wp-content\/uploads\/2014\/08\/Edge-coat-247x142.png 247w, https:\/\/entechco.com.vn\/wp-content\/uploads\/2014\/08\/Edge-coat-510x294.png 510w\" sizes=\"(max-width: 492px) 100vw, 492px\" \/><\/span><\/p>","protected":false},"excerpt":{"rendered":"<p>V\u1ea2I L\u1eccC KHUNG B\u1ea2N &#8211; FILTER CLOTH ENTECHCO chuy\u00ean nh\u1eadp kh\u1ea9u, gia c\u00f4ng, V\u1ea3i l\u1ecdc \u00e9p khung b\u1ea3n cho m\u00e1y \u00e9p khung b\u1ea3n.\u00a0 Lu\u00f4n t\u1eadp trung v\u00e0o vi\u1ec7c cung c\u1ea5p h\u1ed7 tr\u1ee3 v\u00e0 h\u1ed7 tr\u1ee3 k\u1ef9 thu\u1eadt cho m\u1ed7i kh\u00e1ch h\u00e0ng. Gi\u1ea3i quy\u1ebft c\u00e1c nhu c\u1ea7u c\u1ee5 th\u1ec3 c\u1ee7a \u1ee9ng d\u1ee5ng c\u1ee7a t\u1eebng nh\u00e0 m\u00e1y&#8230;.<\/p>","protected":false},"featured_media":2193,"comment_status":"closed","ping_status":"closed","template":"","meta":[],"product_cat":[204,71],"product_tag":[],"yst_prominent_words":[],"_links":{"self":[{"href":"http:\/\/entechco.com.vn\/en\/wp-json\/wp\/v2\/product\/161"}],"collection":[{"href":"http:\/\/entechco.com.vn\/en\/wp-json\/wp\/v2\/product"}],"about":[{"href":"http:\/\/entechco.com.vn\/en\/wp-json\/wp\/v2\/types\/product"}],"replies":[{"embeddable":true,"href":"http:\/\/entechco.com.vn\/en\/wp-json\/wp\/v2\/comments?post=161"}],"wp:featuredmedia":[{"embeddable":true,"href":"http:\/\/entechco.com.vn\/en\/wp-json\/wp\/v2\/media\/2193"}],"wp:attachment":[{"href":"http:\/\/entechco.com.vn\/en\/wp-json\/wp\/v2\/media?parent=161"}],"wp:term":[{"taxonomy":"product_cat","embeddable":true,"href":"http:\/\/entechco.com.vn\/en\/wp-json\/wp\/v2\/product_cat?post=161"},{"taxonomy":"product_tag","embeddable":true,"href":"http:\/\/entechco.com.vn\/en\/wp-json\/wp\/v2\/product_tag?post=161"},{"taxonomy":"yst_prominent_words","embeddable":true,"href":"http:\/\/entechco.com.vn\/en\/wp-json\/wp\/v2\/yst_prominent_words?post=161"}],"curies":[{"name":"wp","href":"https:\/\/api.w.org\/{rel}","templated":true}]}}