{"id":1314,"date":"2021-05-25T11:20:42","date_gmt":"2021-05-25T04:20:42","guid":{"rendered":"http:\/\/entechco.123websitedev.com\/?post_type=product&#038;p=1314"},"modified":"2026-01-28T11:09:38","modified_gmt":"2026-01-28T04:09:38","slug":"cot-loc-cat","status":"publish","type":"product","link":"http:\/\/entechco.com.vn\/en\/product\/cot-loc-cat\/","title":{"rendered":"Sand Filter Column"},"content":{"rendered":"<h2>ENTECHCO&#039;s sand filter column uses quartz sand and gravel filter material.<\/h2>\n<p>Sand filtration is one of the most basic and commonly used filtration processes. Mainly used to remove large particles from 20 to 50 microns.<\/p>\n<p>Sand filter is a filter device using pressure filtration method, using high pressure to push water through the sand and gravel layer. Residues and large suspended substances in the water are retained in the openings of the sand. When the residue is full in the gap, the water pressure increases, the filter efficiency decreases, the control valve will conduct backwashing.<\/p>\n<p>Backwashing process is the process of pumping water from the bottom up to disturb the sand and gravel layer, the residue will expand, the sand and gravel will be washed and the water after washing and filtering will be discharged.<\/p>\n<p>Trong qu\u00e1 tr\u00ecnh x\u1eed l\u00fd n\u01b0\u1edbc\/ ti\u1ec1n x\u1eed l\u00fd n\u01b0\u1edbc l\u1ecdc c\u00e1t k\u00e8m theo c\u00e1c c\u1ed9t l\u1ecdc nh\u01b0 l\u1ecdc <span style=\"color: #0000ff;\"><a style=\"color: #0000ff;\" href=\"http:\/\/entechco.com.vn\/en\/product\/cot-loc-than-hoat-tinh\/\">than ho\u1ea1t t\u00ednh<\/a><\/span>\/ <a href=\"http:\/\/entechco.com.vn\/en\/product\/cot-lam-mem-khu-cung\/\"><span style=\"color: #0000ff;\">L\u1ecdc l\u00e0m m\u1ec1m n\u01b0\u1edbc softener<\/span><\/a>\/ <a href=\"https:\/\/entechco.com.vn\/en\/product-category\/thiet-bi-xu-ly-nuoc\/he-ro-skid\/\"><span style=\"color: #0000ff;\">h\u1ec7 RO<\/span><\/a>\/<\/p>\n<p>Ngo\u00e0i ra l\u1ecdc th\u00f4 v\u1edbi c\u00f4ng su\u1ea5t &gt;\u00a0 50m3\/hr c\u00f3 th\u1ec3 s\u1eed d\u1ee5ng <span style=\"color: #0000ff;\">c<a style=\"color: #0000ff;\" href=\"http:\/\/entechco.com.vn\/en\/product\/loc-dia-tu-dong-mayan\/\">\u00f4ng ngh\u1ec7 l\u1ecdc \u0111\u0129a Filtersafe\u00a0<\/a><\/span><\/p>\n<p>L\u1ecdc th\u00f4 v\u1edbi c\u00f4ng su\u1ea5t &gt;\u00a0 100m3\/hr c\u00f3 th\u1ec3 s\u1eed d\u1ee5ng <span style=\"color: #0000ff;\"><a style=\"color: #0000ff;\" href=\"http:\/\/entechco.com.vn\/en\/product\/loc-rua-tu-dong-filtersafe\/\">c\u00f4ng ngh\u1ec7 r\u1eeda t\u1ef1 \u0111\u00f4ng Filtersafe<\/a>\u00a0<\/span><\/p>","protected":false},"excerpt":{"rendered":"<p>C\u1ed9t l\u1ecdc c\u00e1t c\u1ee7a ENTECHCO s\u1eed d\u1ee5ng v\u1eadt li\u1ec7u l\u1ecdc l\u00e0 c\u00e1t th\u1ea1ch anh v\u00e0 s\u1ecfi. Qu\u00e1 tr\u00ecnh l\u1ecdc c\u00e1t l\u00e0 m\u1ed9t trong nh\u1eefng qu\u00e1 tr\u00ecnh l\u1ecdc c\u01a1 b\u1ea3n v\u00e0 th\u00f4ng d\u1ee5ng nh\u1ea5t. \u0110\u01b0\u1ee3c s\u1eed d\u1ee5ng ch\u1ee7 y\u1ebfu lo\u1ea1i b\u1ecf c\u00e1c h\u1ea1t c\u1eb7n c\u00f3 k\u00edch th\u01b0\u1edbc l\u1edbn t\u1eeb 20 \u2013 50 micron. L\u1ecdc c\u00e1t l\u00e0&#8230;<\/p>","protected":false},"featured_media":2179,"comment_status":"open","ping_status":"closed","template":"","meta":[],"product_cat":[209,84],"product_tag":[],"yst_prominent_words":[],"_links":{"self":[{"href":"http:\/\/entechco.com.vn\/en\/wp-json\/wp\/v2\/product\/1314"}],"collection":[{"href":"http:\/\/entechco.com.vn\/en\/wp-json\/wp\/v2\/product"}],"about":[{"href":"http:\/\/entechco.com.vn\/en\/wp-json\/wp\/v2\/types\/product"}],"replies":[{"embeddable":true,"href":"http:\/\/entechco.com.vn\/en\/wp-json\/wp\/v2\/comments?post=1314"}],"wp:featuredmedia":[{"embeddable":true,"href":"http:\/\/entechco.com.vn\/en\/wp-json\/wp\/v2\/media\/2179"}],"wp:attachment":[{"href":"http:\/\/entechco.com.vn\/en\/wp-json\/wp\/v2\/media?parent=1314"}],"wp:term":[{"taxonomy":"product_cat","embeddable":true,"href":"http:\/\/entechco.com.vn\/en\/wp-json\/wp\/v2\/product_cat?post=1314"},{"taxonomy":"product_tag","embeddable":true,"href":"http:\/\/entechco.com.vn\/en\/wp-json\/wp\/v2\/product_tag?post=1314"},{"taxonomy":"yst_prominent_words","embeddable":true,"href":"http:\/\/entechco.com.vn\/en\/wp-json\/wp\/v2\/yst_prominent_words?post=1314"}],"curies":[{"name":"wp","href":"https:\/\/api.w.org\/{rel}","templated":true}]}}