{"id":1090,"date":"2021-03-18T17:37:50","date_gmt":"2021-03-18T17:37:50","guid":{"rendered":"http:\/\/entechco.123websitedev.com\/?post_type=product&#038;p=1090"},"modified":"2026-01-28T10:33:38","modified_gmt":"2026-01-28T03:33:38","slug":"luoi-loc-nylon","status":"publish","type":"product","link":"http:\/\/entechco.com.vn\/en\/product\/luoi-loc-nylon\/","title":{"rendered":"Nylon mesh"},"content":{"rendered":"<h1>L\u01b0\u1edbi l\u1ecdc Nylon \/ MNO<\/h1>\n<p><span style=\"color: #282828;\">L\u01b0\u1edbi MNO nylon \u0111\u01b0\u1ee3c d\u1ec7t t\u1eeb c\u00e1c s\u1ee3i \u0111\u01a1n nylon (PA)<\/span><\/p>\n<p><span style=\"color: #282828;\">V\u1eadt li\u1ec7u: nylon (Polyamid) c\u00f3 kh\u1ea3 n\u0103ng kh\u00e1ng v\u1edbi acid, ki\u1ec1m trung t\u00ednh.<\/span><\/p>\n<p><span style=\"color: #282828;\">C\u1ea5p \u0111\u1ed9 l\u1ecdc 25 micron &#8211; 1950 micron<\/span><\/p>\n<p><span style=\"color: #282828;\">L\u01b0\u1edbi th\u01b0\u1eddng \u0111\u1ecdc theo mesh ho\u1eb7c c\u1ea5p \u0111\u1ed9 l\u1ecdc (\u0111\u1ed9 r\u1ed7ng c\u1ee7a l\u1ed7 l\u01b0\u1edbi)<\/span><\/p>\n<ul>\n<li><span style=\"color: #282828;\">\u00a0Mesh l\u00e0 s\u1ed1 l\u1ed7\/ inch d\u00e0i: 10mesh\/inch, 50mesh\/inch, 100mesh\/inch, 200mesh\/inch; 300mesh\/inch<\/span><\/li>\n<li><span style=\"color: #282828;\">C\u1ea5p \u0111\u1ed9 l\u1ecdc l\u00e0 \u0111\u1ed9 r\u1ed7ng c\u1ee7a l\u1ed7 l\u01b0\u1edbi: 50micron, 100micron, 150micron, 200micron, 300micron<\/span><\/li>\n<\/ul>\n<p><span style=\"color: #282828;\">M\u00e0u s\u1eafc \u0111a d\u1ea1ng: M\u00e0u tr\u1eafng, m\u00e0u v\u00e0ng, m\u00e0u \u0111en,.. M\u00e0u ph\u1ed5 bi\u1ebfn l\u00e0 m\u00e0u tr\u1eafng.<\/span><\/p>\n<p><span style=\"color: #282828;\">L\u01b0\u1edbi c\u00f3 ch\u1ee9ng nh\u1eadn an to\u00e0n th\u1ef1c ph\u1ea9m: SGS, Eurofin,..<\/span><\/p>","protected":false},"excerpt":{"rendered":"<p>L\u01b0\u1edbi l\u1ecdc Nylon \/ MNO L\u01b0\u1edbi MNO nylon \u0111\u01b0\u1ee3c d\u1ec7t t\u1eeb c\u00e1c s\u1ee3i \u0111\u01a1n nylon (PA) V\u1eadt li\u1ec7u: nylon (Polyamid) c\u00f3 kh\u1ea3 n\u0103ng kh\u00e1ng v\u1edbi acid, ki\u1ec1m trung t\u00ednh. C\u1ea5p \u0111\u1ed9 l\u1ecdc 25 micron &#8211; 1950 micron L\u01b0\u1edbi th\u01b0\u1eddng \u0111\u1ecdc theo mesh ho\u1eb7c c\u1ea5p \u0111\u1ed9 l\u1ecdc (\u0111\u1ed9 r\u1ed7ng c\u1ee7a l\u1ed7 l\u01b0\u1edbi) \u00a0Mesh l\u00e0 s\u1ed1 l\u1ed7\/&#8230;<\/p>","protected":false},"featured_media":2191,"comment_status":"closed","ping_status":"closed","template":"","meta":[],"product_cat":[204,73],"product_tag":[],"yst_prominent_words":[],"_links":{"self":[{"href":"http:\/\/entechco.com.vn\/en\/wp-json\/wp\/v2\/product\/1090"}],"collection":[{"href":"http:\/\/entechco.com.vn\/en\/wp-json\/wp\/v2\/product"}],"about":[{"href":"http:\/\/entechco.com.vn\/en\/wp-json\/wp\/v2\/types\/product"}],"replies":[{"embeddable":true,"href":"http:\/\/entechco.com.vn\/en\/wp-json\/wp\/v2\/comments?post=1090"}],"wp:featuredmedia":[{"embeddable":true,"href":"http:\/\/entechco.com.vn\/en\/wp-json\/wp\/v2\/media\/2191"}],"wp:attachment":[{"href":"http:\/\/entechco.com.vn\/en\/wp-json\/wp\/v2\/media?parent=1090"}],"wp:term":[{"taxonomy":"product_cat","embeddable":true,"href":"http:\/\/entechco.com.vn\/en\/wp-json\/wp\/v2\/product_cat?post=1090"},{"taxonomy":"product_tag","embeddable":true,"href":"http:\/\/entechco.com.vn\/en\/wp-json\/wp\/v2\/product_tag?post=1090"},{"taxonomy":"yst_prominent_words","embeddable":true,"href":"http:\/\/entechco.com.vn\/en\/wp-json\/wp\/v2\/yst_prominent_words?post=1090"}],"curies":[{"name":"wp","href":"https:\/\/api.w.org\/{rel}","templated":true}]}}